
{"id":28619,"date":"2023-09-12T13:21:06","date_gmt":"2023-09-12T13:21:06","guid":{"rendered":"https:\/\/dev.eunitecidos.pt\/?post_type=product&#038;p=28619"},"modified":"2024-09-10T12:26:46","modified_gmt":"2024-09-10T12:26:46","slug":"tecido-algodao-100-algodao-natal-enfeites-de-natal","status":"publish","type":"product","link":"https:\/\/dev.eunitecidos.pt\/fr\/loja\/texteis\/tecido-algodao-100-algodao-natal-enfeites-de-natal\/","title":{"rendered":"Tissu de coton | 100% Coton | No\u00ebl | Ornements de No\u00ebl"},"content":{"rendered":"<p>Tissu de coton | 100% Coton | No\u00ebl | Ornements de No\u00ebl<\/p>\n<p>Tissu 100% Coton biologique<\/p>\n<p>Certifi\u00e9 OEKO-TEX<\/p>\n<p>1,50 Largeur<\/p>","protected":false},"excerpt":{"rendered":"<p>Tissu Coton | 100% Coton | No\u00ebl | Ornements de No\u00ebl Tissu 100% Coton biologique certifi\u00e9 OEKO-TEX 1.50 Wide<\/p>","protected":false},"featured_media":28560,"comment_status":"closed","ping_status":"closed","template":"","meta":{"_seopress_robots_primary_cat":"69","_seopress_titles_title":"Enfeites de Natal em Tecido 100% Algod\u00e3o Org\u00e2nico Certificado OEKO-TEX","_seopress_titles_desc":"Surpreenda neste Natal com os nossos enfeites de tecido 100% algod\u00e3o org\u00e2nico certificado OEKO-TEX. Com 1,50m de largura, perfeitos para a sua decora\u00e7\u00e3o!","_seopress_robots_index":""},"product_brand":[],"product_cat":[194,2518,135,199,69],"product_tag":[315,443,319,93,2580,1654,1926,896,2989,340,302,1995,1793,405,1575,1712,453],"class_list":{"0":"post-28619","1":"product","2":"type-product","3":"status-publish","4":"has-post-thumbnail","6":"product_cat-algodao-organico","7":"product_cat-natal","8":"product_cat-tecido-100-algodao","9":"product_cat-tematicos","10":"product_cat-texteis","11":"product_tag-100-algodao","12":"product_tag-algodao-organico","13":"product_tag-bege","14":"product_tag-bolas","15":"product_tag-cavalo","16":"product_tag-cinza-escuro","17":"product_tag-cogumelos","18":"product_tag-dourado","19":"product_tag-enfeites","20":"product_tag-estampado","21":"product_tag-estrelas","22":"product_tag-fundo-branco","23":"product_tag-lurex","24":"product_tag-mostarda","25":"product_tag-natal","26":"product_tag-tecido-algodao","27":"product_tag-vermelho","29":"first","30":"instock","31":"taxable","32":"shipping-taxable","33":"purchasable","34":"product-type-simple"},"_links":{"self":[{"href":"https:\/\/dev.eunitecidos.pt\/fr\/wp-json\/wp\/v2\/product\/28619","targetHints":{"allow":["GET"]}}],"collection":[{"href":"https:\/\/dev.eunitecidos.pt\/fr\/wp-json\/wp\/v2\/product"}],"about":[{"href":"https:\/\/dev.eunitecidos.pt\/fr\/wp-json\/wp\/v2\/types\/product"}],"replies":[{"embeddable":true,"href":"https:\/\/dev.eunitecidos.pt\/fr\/wp-json\/wp\/v2\/comments?post=28619"}],"wp:featuredmedia":[{"embeddable":true,"href":"https:\/\/dev.eunitecidos.pt\/fr\/wp-json\/wp\/v2\/media\/28560"}],"wp:attachment":[{"href":"https:\/\/dev.eunitecidos.pt\/fr\/wp-json\/wp\/v2\/media?parent=28619"}],"wp:term":[{"taxonomy":"product_brand","embeddable":true,"href":"https:\/\/dev.eunitecidos.pt\/fr\/wp-json\/wp\/v2\/product_brand?post=28619"},{"taxonomy":"product_cat","embeddable":true,"href":"https:\/\/dev.eunitecidos.pt\/fr\/wp-json\/wp\/v2\/product_cat?post=28619"},{"taxonomy":"product_tag","embeddable":true,"href":"https:\/\/dev.eunitecidos.pt\/fr\/wp-json\/wp\/v2\/product_tag?post=28619"}],"curies":[{"name":"wp","href":"https:\/\/api.w.org\/{rel}","templated":true}]}}