
{"id":2873,"date":"2021-06-28T22:23:48","date_gmt":"2021-06-28T22:23:48","guid":{"rendered":"https:\/\/dev.eunitecidos.pt\/?post_type=product&#038;p=2873"},"modified":"2025-11-03T17:58:34","modified_gmt":"2025-11-03T17:58:34","slug":"fecho-zipper-malha-5-injectado-10","status":"publish","type":"product","link":"https:\/\/dev.eunitecidos.pt\/fr\/loja\/cores\/fecho-zipper-malha-5-injectado-10\/","title":{"rendered":"Fermeture \u00e0 glissi\u00e8re | Maille 5 | Inject\u00e9 | Brut 706"},"content":{"rendered":"<p>Fermeture \u00e0 glissi\u00e8re | Maille 5 | Inject\u00e9<\/p>\n<p>Fermeture \u00e0 glissi\u00e8re inject\u00e9e<\/p>\n<p>Fermeture \u00e0 glissi\u00e8re robuste avec dents en plastique, id\u00e9ale pour les sacs \u00e0 dos et les sacs.<\/p>\n<p>&nbsp;<\/p>","protected":false},"excerpt":{"rendered":"<p>Fermeture \u00e0 glissi\u00e8re | Maille 5 | Inject\u00e9<\/p>\n<p>Fermeture \u00e0 glissi\u00e8re inject\u00e9e<\/p>\n<p>Fermeture \u00e0 glissi\u00e8re robuste avec dents en plastique, id\u00e9ale pour les sacs \u00e0 dos et les sacs.<\/p>","protected":false},"featured_media":2847,"comment_status":"open","ping_status":"closed","template":"","meta":{"_seopress_robots_primary_cat":"122","_seopress_titles_title":"Fecho Zipper Malha 5 Injectado Resiste Moedas Sacos","_seopress_titles_desc":"Fecho resistente com dentes de pl\u00e1stico, ideal para mochilas e sacos. Encontre o fecho zipper malha 5 injectado a metro aqui!","_seopress_robots_index":""},"product_brand":[],"product_cat":[325,122,276,1032,278],"product_tag":[862,885,879,876,877,883,875,878,767,874],"class_list":{"0":"post-2873","1":"product","2":"type-product","3":"status-publish","4":"has-post-thumbnail","6":"product_cat-bege","7":"product_cat-cores","8":"product_cat-fecho-zipper-metro","9":"product_cat-malha5-injetados","10":"product_cat-malha-5","11":"product_tag-bolsas","12":"product_tag-cru","13":"product_tag-cursores","14":"product_tag-fecho","15":"product_tag-fecho-dentes-de-plastico","16":"product_tag-fecho-injetado","17":"product_tag-fechos-a-metro","18":"product_tag-metro","19":"product_tag-sacos","20":"product_tag-zipper","22":"first","23":"instock","24":"taxable","25":"shipping-taxable","26":"purchasable","27":"product-type-simple"},"_links":{"self":[{"href":"https:\/\/dev.eunitecidos.pt\/fr\/wp-json\/wp\/v2\/product\/2873","targetHints":{"allow":["GET"]}}],"collection":[{"href":"https:\/\/dev.eunitecidos.pt\/fr\/wp-json\/wp\/v2\/product"}],"about":[{"href":"https:\/\/dev.eunitecidos.pt\/fr\/wp-json\/wp\/v2\/types\/product"}],"replies":[{"embeddable":true,"href":"https:\/\/dev.eunitecidos.pt\/fr\/wp-json\/wp\/v2\/comments?post=2873"}],"wp:featuredmedia":[{"embeddable":true,"href":"https:\/\/dev.eunitecidos.pt\/fr\/wp-json\/wp\/v2\/media\/2847"}],"wp:attachment":[{"href":"https:\/\/dev.eunitecidos.pt\/fr\/wp-json\/wp\/v2\/media?parent=2873"}],"wp:term":[{"taxonomy":"product_brand","embeddable":true,"href":"https:\/\/dev.eunitecidos.pt\/fr\/wp-json\/wp\/v2\/product_brand?post=2873"},{"taxonomy":"product_cat","embeddable":true,"href":"https:\/\/dev.eunitecidos.pt\/fr\/wp-json\/wp\/v2\/product_cat?post=2873"},{"taxonomy":"product_tag","embeddable":true,"href":"https:\/\/dev.eunitecidos.pt\/fr\/wp-json\/wp\/v2\/product_tag?post=2873"}],"curies":[{"name":"wp","href":"https:\/\/api.w.org\/{rel}","templated":true}]}}