
{"id":28797,"date":"2023-09-18T14:42:51","date_gmt":"2023-09-18T14:42:51","guid":{"rendered":"https:\/\/dev.eunitecidos.pt\/?post_type=product&#038;p=28797"},"modified":"2025-02-13T16:43:45","modified_gmt":"2025-02-13T16:43:45","slug":"tecido-panama-100-poliester-liso-mostarda","status":"publish","type":"product","link":"https:\/\/dev.eunitecidos.pt\/fr\/loja\/texteis\/tecido-panama-100-poliester-liso-mostarda\/","title":{"rendered":"Panama Fabric | 100% Polyester | Uni | Moutarde (14)"},"content":{"rendered":"<p>Panama Fabric | 100% Polyester | Uni | Moutarde (14)<\/p>\n<p>Tissu l\u00e9ger et r\u00e9sistant mais tr\u00e8s mall\u00e9able. Tr\u00e8s proche du nylon plastifi\u00e9 au toucher, mais sans imperm\u00e9abilit\u00e9.<\/p>\n<p>Id\u00e9al pour les sacs \u00e0 dos, les valises, les sacs, les coussins ou les housses de chaise. Il peut \u00eatre utilis\u00e9 pour la couture cr\u00e9ative ainsi que pour la d\u00e9coration gr\u00e2ce \u00e0 sa r\u00e9sistance et \u00e0 sa mall\u00e9abilit\u00e9.<\/p>\n<p>Composition 100% Polyester 246,5 gr\/m2<\/p>\n<p>1,40 m\u00e8tre de large<\/p>","protected":false},"excerpt":{"rendered":"<p>Tecido Panam\u00e1 | 100% Poli\u00e9ster | Liso | Mostarda (14) Tecido leve e resistente mas muito male\u00e1vel. Muito semelhante ao Nylon Plastificado no toque, mas sem impermeabiliza\u00e7\u00e3o. Ideal para mochilas, malas, sacos, almofadas ou forras de cadeiras. Pode ser usado, tanto em costura criativa, como em decora\u00e7\u00e3o, pela sua resist\u00eancia e maleabilidade. Composi\u00e7\u00e3o 100% Poli\u00e9ster [&hellip;]<\/p>","protected":false},"featured_media":28761,"comment_status":"closed","ping_status":"closed","template":"","meta":{"_seopress_robots_primary_cat":"69","_seopress_titles_title":"Tecido Panam\u00e1 liso de poli\u00e9ster | Ideal para mochilas e almofadas","_seopress_titles_desc":"Descubra o tecido Panam\u00e1 liso, leve e resistente para mochilas, malas e almofadas. Ideal para costura criativa e decora\u00e7\u00e3o. Saiba mais aqui!","_seopress_robots_index":""},"product_brand":[],"product_cat":[2996,69],"product_tag":[707,770,706,2334,677,766,2995,615,405,1367,767,2994],"class_list":{"0":"post-28797","1":"product","2":"type-product","3":"status-publish","4":"has-post-thumbnail","6":"product_cat-panama","7":"product_cat-texteis","8":"product_tag-100-poliester","9":"product_tag-costura-criativa","10":"product_tag-decoracao","11":"product_tag-estofo","12":"product_tag-liso","13":"product_tag-malas","14":"product_tag-maleavel","15":"product_tag-mochilas","16":"product_tag-mostarda","17":"product_tag-resistente","18":"product_tag-sacos","19":"product_tag-tecido-panama","21":"first","22":"instock","23":"taxable","24":"shipping-taxable","25":"purchasable","26":"product-type-simple"},"_links":{"self":[{"href":"https:\/\/dev.eunitecidos.pt\/fr\/wp-json\/wp\/v2\/product\/28797","targetHints":{"allow":["GET"]}}],"collection":[{"href":"https:\/\/dev.eunitecidos.pt\/fr\/wp-json\/wp\/v2\/product"}],"about":[{"href":"https:\/\/dev.eunitecidos.pt\/fr\/wp-json\/wp\/v2\/types\/product"}],"replies":[{"embeddable":true,"href":"https:\/\/dev.eunitecidos.pt\/fr\/wp-json\/wp\/v2\/comments?post=28797"}],"wp:featuredmedia":[{"embeddable":true,"href":"https:\/\/dev.eunitecidos.pt\/fr\/wp-json\/wp\/v2\/media\/28761"}],"wp:attachment":[{"href":"https:\/\/dev.eunitecidos.pt\/fr\/wp-json\/wp\/v2\/media?parent=28797"}],"wp:term":[{"taxonomy":"product_brand","embeddable":true,"href":"https:\/\/dev.eunitecidos.pt\/fr\/wp-json\/wp\/v2\/product_brand?post=28797"},{"taxonomy":"product_cat","embeddable":true,"href":"https:\/\/dev.eunitecidos.pt\/fr\/wp-json\/wp\/v2\/product_cat?post=28797"},{"taxonomy":"product_tag","embeddable":true,"href":"https:\/\/dev.eunitecidos.pt\/fr\/wp-json\/wp\/v2\/product_tag?post=28797"}],"curies":[{"name":"wp","href":"https:\/\/api.w.org\/{rel}","templated":true}]}}