
{"id":29128,"date":"2023-09-21T12:10:10","date_gmt":"2023-09-21T12:10:10","guid":{"rendered":"https:\/\/dev.eunitecidos.pt\/?post_type=product&#038;p=29128"},"modified":"2025-02-10T17:51:25","modified_gmt":"2025-02-10T17:51:25","slug":"veludo-cotele-dupla-face-borreguinho-castanho-canela","status":"publish","type":"product","link":"https:\/\/dev.eunitecidos.pt\/fr\/loja\/texteis\/veludo-cotele-dupla-face-borreguinho-castanho-canela\/","title":{"rendered":"Cotel\u00ea Velvet | Double face | Borreguinho | Cinnamon Brown"},"content":{"rendered":"<p>Cotel\u00ea Velvet | Double face | Borreguinho | Cinnamon Brown<\/p>\n<p>Tissu double face, un c\u00f4t\u00e9 bordeaux et l'autre velours c\u00f4tel\u00e9<\/p>\n<p>Tissu tr\u00e8s doux, de poids moyen. Il peut \u00eatre utilis\u00e9 \u00e0 la fois pour la couture cr\u00e9ative (sacs, sacs \u00e0 dos, couvertures) et pour la confection de v\u00eatements chauds.<\/p>\n<p>Composition 100% Polyester<\/p>\n<p>450 gr\/m2<\/p>\n<p>1,45 m\u00e8tre de large<\/p>","protected":false},"excerpt":{"rendered":"<p>Veludo Cotel\u00ea | Dupla Face | Borreguinho | Castanho Canela Tecido de dupla face, num dos lados tem borreguinho e no outro tem veludo cotel\u00ea Tecido super macio, de m\u00e9dio peso. Pode ser utilizado, tanto na costura criativa ( malas, sacos, mochilas, mantinhas) como na confe\u00e7\u00e3o de pe\u00e7as de vestu\u00e1rio quente. Composi\u00e7\u00e3o 100% Poli\u00e9ster 450 [&hellip;]<\/p>","protected":false},"featured_media":29124,"comment_status":"closed","ping_status":"closed","template":"","meta":{"_seopress_robots_primary_cat":"69","_seopress_titles_title":"Tecido Veludo Cotel\u00ea Borreguinho Castanho Canela","_seopress_titles_desc":"Tecido de dupla face, macio e de m\u00e9dio peso para costura criativa e pe\u00e7as de vestu\u00e1rio quente. Composi\u00e7\u00e3o 100% Poli\u00e9ster. Dimens\u00f5es 1,45 mt Largura.","_seopress_robots_index":""},"product_brand":[],"product_cat":[1617,1360,69],"product_tag":[707,1361,1701,1739,3019,3016,1692,770,885,1366,3020,1622,1693,3009,378],"class_list":{"0":"post-29128","1":"product","2":"type-product","3":"status-publish","4":"has-post-thumbnail","6":"product_cat-bombazines","7":"product_cat-carneirinha","8":"product_cat-texteis","9":"product_tag-100-poliester","10":"product_tag-borreguinho","11":"product_tag-casacos","12":"product_tag-castanho-canela","13":"product_tag-coletes","14":"product_tag-confecao-por-medida","15":"product_tag-conforto","16":"product_tag-costura-criativa","17":"product_tag-cru","18":"product_tag-dupla-face","19":"product_tag-outono-inverno","20":"product_tag-risca-larga","21":"product_tag-tecido-confecao","22":"product_tag-veludo-cotele","23":"product_tag-vestuario","25":"first","26":"instock","27":"taxable","28":"shipping-taxable","29":"purchasable","30":"product-type-simple"},"_links":{"self":[{"href":"https:\/\/dev.eunitecidos.pt\/fr\/wp-json\/wp\/v2\/product\/29128","targetHints":{"allow":["GET"]}}],"collection":[{"href":"https:\/\/dev.eunitecidos.pt\/fr\/wp-json\/wp\/v2\/product"}],"about":[{"href":"https:\/\/dev.eunitecidos.pt\/fr\/wp-json\/wp\/v2\/types\/product"}],"replies":[{"embeddable":true,"href":"https:\/\/dev.eunitecidos.pt\/fr\/wp-json\/wp\/v2\/comments?post=29128"}],"wp:featuredmedia":[{"embeddable":true,"href":"https:\/\/dev.eunitecidos.pt\/fr\/wp-json\/wp\/v2\/media\/29124"}],"wp:attachment":[{"href":"https:\/\/dev.eunitecidos.pt\/fr\/wp-json\/wp\/v2\/media?parent=29128"}],"wp:term":[{"taxonomy":"product_brand","embeddable":true,"href":"https:\/\/dev.eunitecidos.pt\/fr\/wp-json\/wp\/v2\/product_brand?post=29128"},{"taxonomy":"product_cat","embeddable":true,"href":"https:\/\/dev.eunitecidos.pt\/fr\/wp-json\/wp\/v2\/product_cat?post=29128"},{"taxonomy":"product_tag","embeddable":true,"href":"https:\/\/dev.eunitecidos.pt\/fr\/wp-json\/wp\/v2\/product_tag?post=29128"}],"curies":[{"name":"wp","href":"https:\/\/api.w.org\/{rel}","templated":true}]}}