
{"id":29241,"date":"2023-09-28T13:48:18","date_gmt":"2023-09-28T13:48:18","guid":{"rendered":"https:\/\/dev.eunitecidos.pt\/?post_type=product&#038;p=29241"},"modified":"2025-10-23T01:08:03","modified_gmt":"2025-10-23T01:08:03","slug":"tecidos-100-algodao-halloween-9","status":"publish","type":"product","link":"https:\/\/dev.eunitecidos.pt\/fr\/loja\/cores\/tecidos-100-algodao-halloween-9\/","title":{"rendered":"Tissus 100% Coton | Halloween"},"content":{"rendered":"<p>Tissus 100% Coton | Halloween<\/p>\n<p>D\u00e9couvrez les 100%, des tissus en coton parfaits pour Halloween. Avec une largeur de 1,50, trouvez la meilleure s\u00e9lection pour vos projets !<\/p>\n<p>100% Coton<\/p>\n<p>1,50 Largeur<\/p>","protected":false},"excerpt":{"rendered":"<p>Tecidos 100% Algod\u00e3o | Halloween Descubra os tecidos de 100% algod\u00e3o perfeitos para o Halloween. Com 1,50 de largura, encontre a melhor sele\u00e7\u00e3o para os seus projetos! 100% Algod\u00e3o 1,50 Largura<\/p>","protected":false},"featured_media":29242,"comment_status":"closed","ping_status":"closed","template":"","meta":{"_seopress_robots_primary_cat":"122","_seopress_titles_title":"Tecidos 100% Algod\u00e3o Halloween 1,50 Largura","_seopress_titles_desc":"Descubra os tecidos de 100% algod\u00e3o perfeitos para o Halloween. Com 1,50 de largura, encontre a melhor sele\u00e7\u00e3o para os seus projetos!","_seopress_robots_index":""},"product_brand":[],"product_cat":[194,123,131,122,2517,129,127,133,135,199,69],"product_tag":[315,1369,443,307,321,429,340,1572,2519,1560,424,491,1712],"class_list":{"0":"post-29241","1":"product","2":"type-product","3":"status-publish","4":"has-post-thumbnail","6":"product_cat-algodao-organico","7":"product_cat-amarelo","8":"product_cat-branco","9":"product_cat-cores","10":"product_cat-halloween","11":"product_cat-laranja","12":"product_cat-preto","13":"product_cat-roxo","14":"product_cat-tecido-100-algodao","15":"product_cat-tematicos","16":"product_cat-texteis","17":"product_tag-100-algodao","18":"product_tag-aboboras","19":"product_tag-algodao-organico","20":"product_tag-amarelo","21":"product_tag-branco","22":"product_tag-bruxas","23":"product_tag-estampado","24":"product_tag-fantasmas","25":"product_tag-fundo-laranja","26":"product_tag-halloween","27":"product_tag-laranja","28":"product_tag-preto","29":"product_tag-tecido-algodao","31":"first","32":"instock","33":"taxable","34":"shipping-taxable","35":"purchasable","36":"product-type-simple"},"_links":{"self":[{"href":"https:\/\/dev.eunitecidos.pt\/fr\/wp-json\/wp\/v2\/product\/29241","targetHints":{"allow":["GET"]}}],"collection":[{"href":"https:\/\/dev.eunitecidos.pt\/fr\/wp-json\/wp\/v2\/product"}],"about":[{"href":"https:\/\/dev.eunitecidos.pt\/fr\/wp-json\/wp\/v2\/types\/product"}],"replies":[{"embeddable":true,"href":"https:\/\/dev.eunitecidos.pt\/fr\/wp-json\/wp\/v2\/comments?post=29241"}],"wp:featuredmedia":[{"embeddable":true,"href":"https:\/\/dev.eunitecidos.pt\/fr\/wp-json\/wp\/v2\/media\/29242"}],"wp:attachment":[{"href":"https:\/\/dev.eunitecidos.pt\/fr\/wp-json\/wp\/v2\/media?parent=29241"}],"wp:term":[{"taxonomy":"product_brand","embeddable":true,"href":"https:\/\/dev.eunitecidos.pt\/fr\/wp-json\/wp\/v2\/product_brand?post=29241"},{"taxonomy":"product_cat","embeddable":true,"href":"https:\/\/dev.eunitecidos.pt\/fr\/wp-json\/wp\/v2\/product_cat?post=29241"},{"taxonomy":"product_tag","embeddable":true,"href":"https:\/\/dev.eunitecidos.pt\/fr\/wp-json\/wp\/v2\/product_tag?post=29241"}],"curies":[{"name":"wp","href":"https:\/\/api.w.org\/{rel}","templated":true}]}}