
{"id":29591,"date":"2023-10-18T16:03:25","date_gmt":"2023-10-18T16:03:25","guid":{"rendered":"https:\/\/dev.eunitecidos.pt\/?post_type=product&#038;p=29591"},"modified":"2025-06-16T15:41:09","modified_gmt":"2025-06-16T15:41:09","slug":"tecido-algodao-100-algodao-estampado-infantil-colecao-transportes-riscas","status":"publish","type":"product","link":"https:\/\/dev.eunitecidos.pt\/fr\/loja\/texteis\/tecido-algodao-100-algodao-estampado-infantil-colecao-transportes-riscas\/","title":{"rendered":"Tissu Coton | 100% Coton | Imprim\u00e9 enfant | Collection Transport | Rayures"},"content":{"rendered":"<p>Tissu Coton | 100% Coton | Imprim\u00e9 enfant | Collection Transport | Rayures<\/p>\n<p>Tissu 100% Coton biologique<\/p>\n<p>1,5 Largeur<\/p>","protected":false},"excerpt":{"rendered":"<p>Tissu Coton | 100% Coton | Imprim\u00e9 enfant | Collection Transport | Tissu Rayures 100% Coton biologique 1.5 Wide<\/p>","protected":false},"featured_media":29559,"comment_status":"closed","ping_status":"closed","template":"","meta":{"_seopress_robots_primary_cat":"69","_seopress_titles_title":"Tecido Algod\u00e3o Estampado Infantil | Cole\u00e7\u00e3o Transportes 100% Algod\u00e3o Org\u00e2nico","_seopress_titles_desc":"Descubra a nossa cole\u00e7\u00e3o de tecidos 100% algod\u00e3o org\u00e2nico com estampados infantis de transportes e riscas, com 1,5m de largura. Ideal para os seus projetos criativos!","_seopress_robots_index":""},"product_brand":[],"product_cat":[194,196,381,135,69],"product_tag":[315,443,298,3050,885,1619,2058,405,90,1712,990],"class_list":{"0":"post-29591","1":"product","2":"type-product","3":"status-publish","4":"has-post-thumbnail","6":"product_cat-algodao-organico","7":"product_cat-estampados","8":"product_cat-infantis-tecido-100-algodao","9":"product_cat-tecido-100-algodao","10":"product_cat-texteis","11":"product_tag-100-algodao","12":"product_tag-algodao-organico","13":"product_tag-azul","14":"product_tag-colecao-transportes","15":"product_tag-cru","16":"product_tag-estampado-infantil","17":"product_tag-fundo-cinza-escuro","18":"product_tag-mostarda","19":"product_tag-riscas","20":"product_tag-tecido-algodao","21":"product_tag-terracota","23":"first","24":"instock","25":"taxable","26":"shipping-taxable","27":"purchasable","28":"product-type-simple"},"_links":{"self":[{"href":"https:\/\/dev.eunitecidos.pt\/fr\/wp-json\/wp\/v2\/product\/29591","targetHints":{"allow":["GET"]}}],"collection":[{"href":"https:\/\/dev.eunitecidos.pt\/fr\/wp-json\/wp\/v2\/product"}],"about":[{"href":"https:\/\/dev.eunitecidos.pt\/fr\/wp-json\/wp\/v2\/types\/product"}],"replies":[{"embeddable":true,"href":"https:\/\/dev.eunitecidos.pt\/fr\/wp-json\/wp\/v2\/comments?post=29591"}],"wp:featuredmedia":[{"embeddable":true,"href":"https:\/\/dev.eunitecidos.pt\/fr\/wp-json\/wp\/v2\/media\/29559"}],"wp:attachment":[{"href":"https:\/\/dev.eunitecidos.pt\/fr\/wp-json\/wp\/v2\/media?parent=29591"}],"wp:term":[{"taxonomy":"product_brand","embeddable":true,"href":"https:\/\/dev.eunitecidos.pt\/fr\/wp-json\/wp\/v2\/product_brand?post=29591"},{"taxonomy":"product_cat","embeddable":true,"href":"https:\/\/dev.eunitecidos.pt\/fr\/wp-json\/wp\/v2\/product_cat?post=29591"},{"taxonomy":"product_tag","embeddable":true,"href":"https:\/\/dev.eunitecidos.pt\/fr\/wp-json\/wp\/v2\/product_tag?post=29591"}],"curies":[{"name":"wp","href":"https:\/\/api.w.org\/{rel}","templated":true}]}}