
{"id":2961,"date":"2021-06-29T14:49:38","date_gmt":"2021-06-29T14:49:38","guid":{"rendered":"https:\/\/dev.eunitecidos.pt\/?post_type=product&#038;p=2961"},"modified":"2026-01-23T14:40:13","modified_gmt":"2026-01-23T14:40:13","slug":"fecho-zipper-malha-5-preto-dourado","status":"publish","type":"product","link":"https:\/\/dev.eunitecidos.pt\/fr\/loja\/cores\/fecho-zipper-malha-5-preto-dourado\/","title":{"rendered":"Fermeture zipp\u00e9e | Mesh 5 | Noir + Or"},"content":{"rendered":"<p>Fermeture \u00e0 glissi\u00e8re | Maille 5 |<\/p>\n<p>Fermeture \u00e0 glissi\u00e8re d'un m\u00e8tre avec curseur vendue s\u00e9par\u00e9ment.<\/p>\n<p>&nbsp;<\/p>\n<p>&nbsp;<\/p>","protected":false},"excerpt":{"rendered":"<p>Fermeture \u00e0 glissi\u00e8re | Maille 5<\/p>\n<p>Je ferme le m\u00e9tro<\/p>\n<p>Fermeture \u00e0 glissi\u00e8re au m\u00e8tre avec curseur s\u00e9par\u00e9.<\/p>","protected":false},"featured_media":2935,"comment_status":"open","ping_status":"closed","template":"","meta":{"_seopress_robots_primary_cat":"122","_seopress_titles_title":"Fecho Zipper Malha 5 - Fecho a metro com cursor separado","_seopress_titles_desc":"Descubra a conveni\u00eancia do fecho a metro com cursor separado de malha 5. Perfeito para os seus projetos de costura. Encomende j\u00e1!","_seopress_robots_index":""},"product_brand":[],"product_cat":[122,276,278,127],"product_tag":[862,879,896,876,875,890,878,320,767,874,889],"class_list":{"0":"post-2961","1":"product","2":"type-product","3":"status-publish","4":"has-post-thumbnail","6":"product_cat-cores","7":"product_cat-fecho-zipper-metro","8":"product_cat-malha-5","9":"product_cat-preto","10":"product_tag-bolsas","11":"product_tag-cursores","12":"product_tag-dourado","13":"product_tag-fecho","14":"product_tag-fechos-a-metro","15":"product_tag-malha-5","16":"product_tag-metro","17":"product_tag-rosa","18":"product_tag-sacos","19":"product_tag-zipper","20":"product_tag-zipper-a-metro","22":"first","23":"instock","24":"taxable","25":"shipping-taxable","26":"purchasable","27":"product-type-simple"},"_links":{"self":[{"href":"https:\/\/dev.eunitecidos.pt\/fr\/wp-json\/wp\/v2\/product\/2961","targetHints":{"allow":["GET"]}}],"collection":[{"href":"https:\/\/dev.eunitecidos.pt\/fr\/wp-json\/wp\/v2\/product"}],"about":[{"href":"https:\/\/dev.eunitecidos.pt\/fr\/wp-json\/wp\/v2\/types\/product"}],"replies":[{"embeddable":true,"href":"https:\/\/dev.eunitecidos.pt\/fr\/wp-json\/wp\/v2\/comments?post=2961"}],"wp:featuredmedia":[{"embeddable":true,"href":"https:\/\/dev.eunitecidos.pt\/fr\/wp-json\/wp\/v2\/media\/2935"}],"wp:attachment":[{"href":"https:\/\/dev.eunitecidos.pt\/fr\/wp-json\/wp\/v2\/media?parent=2961"}],"wp:term":[{"taxonomy":"product_brand","embeddable":true,"href":"https:\/\/dev.eunitecidos.pt\/fr\/wp-json\/wp\/v2\/product_brand?post=2961"},{"taxonomy":"product_cat","embeddable":true,"href":"https:\/\/dev.eunitecidos.pt\/fr\/wp-json\/wp\/v2\/product_cat?post=2961"},{"taxonomy":"product_tag","embeddable":true,"href":"https:\/\/dev.eunitecidos.pt\/fr\/wp-json\/wp\/v2\/product_tag?post=2961"}],"curies":[{"name":"wp","href":"https:\/\/api.w.org\/{rel}","templated":true}]}}