
{"id":3028,"date":"2021-06-29T17:14:52","date_gmt":"2021-06-29T17:14:52","guid":{"rendered":"https:\/\/dev.eunitecidos.pt\/?post_type=product&#038;p=3028"},"modified":"2026-01-22T19:40:14","modified_gmt":"2026-01-22T19:40:14","slug":"cordao-de-algodao-4mm-5","status":"publish","type":"product","link":"https:\/\/dev.eunitecidos.pt\/fr\/loja\/cores\/cordao-de-algodao-4mm-5\/","title":{"rendered":"Cordon en coton | 4mm"},"content":{"rendered":"<p>Cordon en coton | 4mm<\/p>\n<p>Cordon en coton<\/p>\n<p>Epaisseur 4mm<\/p>\n<p>Id\u00e9al pour les sacs, les taleigos, parfois aussi utilis\u00e9 en macram\u00e9.<\/p>\n<p>Disponible en plusieurs couleurs.<\/p>\n<p>&nbsp;<\/p>","protected":false},"excerpt":{"rendered":"<p>Cordon en coton | 4mm<\/p>\n<p>Cordon en coton<\/p>\n<p>Epaisseur 4mm<\/p>\n<p>Id\u00e9al pour les sacs, les taleigos, parfois aussi utilis\u00e9 en macram\u00e9.<\/p>\n<p>Disponible en plusieurs couleurs.<\/p>","protected":false},"featured_media":33340,"comment_status":"open","ping_status":"closed","template":"","meta":{"_seopress_robots_primary_cat":"122","_seopress_titles_title":"Cord\u00e3o de Algod\u00e3o 4mm | Ideal para sacos e Macram\u00e9","_seopress_titles_desc":"Adquira cord\u00e3o de algod\u00e3o de 4mm, ideal para sacos e trabalhos de Macram\u00e9. Dispon\u00edvel em v\u00e1rias cores, garanta j\u00e1 o seu!","_seopress_robots_index":""},"product_brand":[],"product_cat":[123,182,122,72],"product_tag":[307,862,903,902,762,904,405,767,860,636],"class_list":{"0":"post-3028","1":"product","2":"type-product","3":"status-publish","4":"has-post-thumbnail","6":"product_cat-amarelo","7":"product_cat-cordao-algodao","8":"product_cat-cores","9":"product_cat-retrosaria","10":"product_tag-amarelo","11":"product_tag-bolsas","12":"product_tag-cordao","13":"product_tag-cordao-de-algodao","14":"product_tag-linho","15":"product_tag-macrame","16":"product_tag-mostarda","17":"product_tag-sacos","18":"product_tag-sacos-do-pao","19":"product_tag-varias-cores","20":"pa_cor-amarelo-220","21":"pa_cor-amarelo-claro-218","22":"pa_cor-mostarda-213","23":"pa_cor-mostarda-216","25":"first","26":"instock","27":"taxable","28":"shipping-taxable","29":"purchasable","30":"product-type-variable"},"_links":{"self":[{"href":"https:\/\/dev.eunitecidos.pt\/fr\/wp-json\/wp\/v2\/product\/3028","targetHints":{"allow":["GET"]}}],"collection":[{"href":"https:\/\/dev.eunitecidos.pt\/fr\/wp-json\/wp\/v2\/product"}],"about":[{"href":"https:\/\/dev.eunitecidos.pt\/fr\/wp-json\/wp\/v2\/types\/product"}],"replies":[{"embeddable":true,"href":"https:\/\/dev.eunitecidos.pt\/fr\/wp-json\/wp\/v2\/comments?post=3028"}],"wp:featuredmedia":[{"embeddable":true,"href":"https:\/\/dev.eunitecidos.pt\/fr\/wp-json\/wp\/v2\/media\/33340"}],"wp:attachment":[{"href":"https:\/\/dev.eunitecidos.pt\/fr\/wp-json\/wp\/v2\/media?parent=3028"}],"wp:term":[{"taxonomy":"product_brand","embeddable":true,"href":"https:\/\/dev.eunitecidos.pt\/fr\/wp-json\/wp\/v2\/product_brand?post=3028"},{"taxonomy":"product_cat","embeddable":true,"href":"https:\/\/dev.eunitecidos.pt\/fr\/wp-json\/wp\/v2\/product_cat?post=3028"},{"taxonomy":"product_tag","embeddable":true,"href":"https:\/\/dev.eunitecidos.pt\/fr\/wp-json\/wp\/v2\/product_tag?post=3028"}],"curies":[{"name":"wp","href":"https:\/\/api.w.org\/{rel}","templated":true}]}}