
{"id":30667,"date":"2023-11-28T20:28:59","date_gmt":"2023-11-28T20:28:59","guid":{"rendered":"https:\/\/dev.eunitecidos.pt\/?post_type=product&#038;p=30667"},"modified":"2025-01-22T12:11:22","modified_gmt":"2025-01-22T12:11:22","slug":"tecido-minimat-100-poliester-liso-camel-7","status":"publish","type":"product","link":"https:\/\/dev.eunitecidos.pt\/fr\/loja\/texteis\/tecido-minimat-100-poliester-liso-camel-7\/","title":{"rendered":"Tissu Minimat | 100% Polyester | Uni | Camel 7"},"content":{"rendered":"<p>Tissu Minimat | 100% Polyester | Uni | Camel 7<\/p>\n<p>Tissu polyester 100%, s\u00e9chage rapide, r\u00e9sistant aux taches, ne se froisse pas.<\/p>\n<p>Tissu l\u00e9ger et fluide, tr\u00e8s polyvalent avec de nombreuses utilisations et un prix bas.<\/p>\n<p>Tissu id\u00e9al pour l'impression et la sublimation.<\/p>\n<p>Id\u00e9al pour les nappes de restauration. Utilis\u00e9 pour les costumes de carnaval ou les f\u00eates \u00e0 th\u00e8me.<\/p>\n<p>1,5 m\u00e8tre de large 190gr\/m2<\/p>","protected":false},"excerpt":{"rendered":"<p>Tecido Minimat | 100% Poli\u00e9ster | Liso | Camel 7 Tecido 100% poli\u00e9ster, de secagem r\u00e1pida, antin\u00f3doa, n\u00e3o amarrota. Tecido de ca\u00edda leve e fluida, bastante vers\u00e1til com variad\u00edssimas utiliza\u00e7\u00f5es e de pre\u00e7o baixo. Tecido ideal para estampagem e sublima\u00e7\u00e3o. Ideal para toalhas de mesa em restaura\u00e7\u00e3o. Utilizado para vestu\u00e1rio de carnaval ou festas tem\u00e1ticas. [&hellip;]<\/p>","protected":false},"featured_media":30521,"comment_status":"closed","ping_status":"closed","template":"","meta":{"_seopress_robots_primary_cat":"69","_seopress_titles_title":"Tecido Minimat | 100% Poli\u00e9ster | Liso | Camel","_seopress_titles_desc":"Tecido 100% poli\u00e9ster de secagem r\u00e1pida, antin\u00f3doa e n\u00e3o amarrota. Ideal para estampagem e sublima\u00e7\u00e3o, toalhas de mesa e vestu\u00e1rio de carnaval. Vers\u00e1til e de pre\u00e7o acess\u00edvel.","_seopress_robots_index":""},"product_brand":[],"product_cat":[1665,156,69],"product_tag":[707,1810,1885,602,1992,581,706,677,2060,2657,2835,3106],"class_list":{"0":"post-30667","1":"product","2":"type-product","3":"status-publish","4":"has-post-thumbnail","6":"product_cat-atoalhados","7":"product_cat-minimate","8":"product_cat-texteis","9":"product_tag-100-poliester","10":"product_tag-anti-nodoa","11":"product_tag-atoalhado","12":"product_tag-camel","13":"product_tag-carnaval","14":"product_tag-cortinas","15":"product_tag-decoracao","16":"product_tag-liso","17":"product_tag-marchas","18":"product_tag-minimat","19":"product_tag-secagem-rapida","20":"product_tag-versatil","22":"first","23":"instock","24":"taxable","25":"shipping-taxable","26":"purchasable","27":"product-type-simple"},"_links":{"self":[{"href":"https:\/\/dev.eunitecidos.pt\/fr\/wp-json\/wp\/v2\/product\/30667","targetHints":{"allow":["GET"]}}],"collection":[{"href":"https:\/\/dev.eunitecidos.pt\/fr\/wp-json\/wp\/v2\/product"}],"about":[{"href":"https:\/\/dev.eunitecidos.pt\/fr\/wp-json\/wp\/v2\/types\/product"}],"replies":[{"embeddable":true,"href":"https:\/\/dev.eunitecidos.pt\/fr\/wp-json\/wp\/v2\/comments?post=30667"}],"wp:featuredmedia":[{"embeddable":true,"href":"https:\/\/dev.eunitecidos.pt\/fr\/wp-json\/wp\/v2\/media\/30521"}],"wp:attachment":[{"href":"https:\/\/dev.eunitecidos.pt\/fr\/wp-json\/wp\/v2\/media?parent=30667"}],"wp:term":[{"taxonomy":"product_brand","embeddable":true,"href":"https:\/\/dev.eunitecidos.pt\/fr\/wp-json\/wp\/v2\/product_brand?post=30667"},{"taxonomy":"product_cat","embeddable":true,"href":"https:\/\/dev.eunitecidos.pt\/fr\/wp-json\/wp\/v2\/product_cat?post=30667"},{"taxonomy":"product_tag","embeddable":true,"href":"https:\/\/dev.eunitecidos.pt\/fr\/wp-json\/wp\/v2\/product_tag?post=30667"}],"curies":[{"name":"wp","href":"https:\/\/api.w.org\/{rel}","templated":true}]}}