
{"id":30764,"date":"2023-12-04T17:31:13","date_gmt":"2023-12-04T17:31:13","guid":{"rendered":"https:\/\/dev.eunitecidos.pt\/?post_type=product&#038;p=30764"},"modified":"2026-01-15T10:22:11","modified_gmt":"2026-01-15T10:22:11","slug":"fecho-zipper-malha-5-branco-dourado","status":"publish","type":"product","link":"https:\/\/dev.eunitecidos.pt\/fr\/loja\/cores\/fecho-zipper-malha-5-branco-dourado\/","title":{"rendered":"Fermeture zipp\u00e9e | Maille 5 | Blanc + Or"},"content":{"rendered":"<p>Fermeture zipp\u00e9e | Maille 5 | Blanc + Or<\/p>\n<p>Fermeture \u00e0 glissi\u00e8re d'un m\u00e8tre avec curseur vendue s\u00e9par\u00e9ment.<\/p>\n<p>&nbsp;<\/p>\n<p>&nbsp;<\/p>","protected":false},"excerpt":{"rendered":"<p>Fermeture \u00e0 glissi\u00e8re | Maille 5<\/p>\n<p>Je ferme le m\u00e9tro<\/p>\n<p>Fermeture \u00e0 glissi\u00e8re au m\u00e8tre avec curseur s\u00e9par\u00e9.<\/p>","protected":false},"featured_media":30713,"comment_status":"open","ping_status":"closed","template":"","meta":{"_seopress_robots_primary_cat":"122","_seopress_titles_title":"Fecho Zipper Malha 5 Branco Dourado","_seopress_titles_desc":"Fecho a metro com cursor vendido em separado. Adicione um toque de eleg\u00e2ncia aos seus projetos com este fecho zipper em malha 5 nas cores branco e dourado.","_seopress_robots_index":""},"product_brand":[],"product_cat":[122,276,278,127],"product_tag":[862,321,879,896,876,875,890,878,767,874,889],"class_list":{"0":"post-30764","1":"product","2":"type-product","3":"status-publish","4":"has-post-thumbnail","6":"product_cat-cores","7":"product_cat-fecho-zipper-metro","8":"product_cat-malha-5","9":"product_cat-preto","10":"product_tag-bolsas","11":"product_tag-branco","12":"product_tag-cursores","13":"product_tag-dourado","14":"product_tag-fecho","15":"product_tag-fechos-a-metro","16":"product_tag-malha-5","17":"product_tag-metro","18":"product_tag-sacos","19":"product_tag-zipper","20":"product_tag-zipper-a-metro","22":"first","23":"instock","24":"taxable","25":"shipping-taxable","26":"purchasable","27":"product-type-simple"},"_links":{"self":[{"href":"https:\/\/dev.eunitecidos.pt\/fr\/wp-json\/wp\/v2\/product\/30764","targetHints":{"allow":["GET"]}}],"collection":[{"href":"https:\/\/dev.eunitecidos.pt\/fr\/wp-json\/wp\/v2\/product"}],"about":[{"href":"https:\/\/dev.eunitecidos.pt\/fr\/wp-json\/wp\/v2\/types\/product"}],"replies":[{"embeddable":true,"href":"https:\/\/dev.eunitecidos.pt\/fr\/wp-json\/wp\/v2\/comments?post=30764"}],"wp:featuredmedia":[{"embeddable":true,"href":"https:\/\/dev.eunitecidos.pt\/fr\/wp-json\/wp\/v2\/media\/30713"}],"wp:attachment":[{"href":"https:\/\/dev.eunitecidos.pt\/fr\/wp-json\/wp\/v2\/media?parent=30764"}],"wp:term":[{"taxonomy":"product_brand","embeddable":true,"href":"https:\/\/dev.eunitecidos.pt\/fr\/wp-json\/wp\/v2\/product_brand?post=30764"},{"taxonomy":"product_cat","embeddable":true,"href":"https:\/\/dev.eunitecidos.pt\/fr\/wp-json\/wp\/v2\/product_cat?post=30764"},{"taxonomy":"product_tag","embeddable":true,"href":"https:\/\/dev.eunitecidos.pt\/fr\/wp-json\/wp\/v2\/product_tag?post=30764"}],"curies":[{"name":"wp","href":"https:\/\/api.w.org\/{rel}","templated":true}]}}