
{"id":30811,"date":"2023-12-06T21:55:38","date_gmt":"2023-12-06T21:55:38","guid":{"rendered":"https:\/\/dev.eunitecidos.pt\/?post_type=product&#038;p=30811"},"modified":"2025-09-23T20:30:43","modified_gmt":"2025-09-23T20:30:43","slug":"turco-algodao-verde-alface","status":"publish","type":"product","link":"https:\/\/dev.eunitecidos.pt\/fr\/loja\/texteis\/turco-algodao-verde-alface\/","title":{"rendered":"Coton turc | Laitue verte"},"content":{"rendered":"<p>Coton turc | Laitue verte<\/p>\n<p>100% Coton<\/p>\n<p>400 grammes<\/p>\n<p>Finition turque sur les c\u00f4t\u00e9s.<\/p>\n<p>1,50 Largeur<\/p>\n<p>Turc, id\u00e9al pour les serviettes de bain et les torchons de cuisine.<\/p>","protected":false},"excerpt":{"rendered":"<p>Coton Davit | Lettuce Green 100% Coton 400 Grammes Davit fini sur les c\u00f4t\u00e9s. \u00c9ponge de 1,50 de large, id\u00e9ale pour les serviettes de bain et les torchons de cuisine.<\/p>","protected":false},"featured_media":30542,"comment_status":"closed","ping_status":"closed","template":"","meta":{"_seopress_robots_primary_cat":"69","_seopress_titles_title":"Turco Algod\u00e3o Verde Alface 100% Algod\u00e3o 400 Gramas | Toalhas de Banho e Panos de Cozinha","_seopress_titles_desc":"Descubra o luxo do turco de algod\u00e3o verde alface, perfeito para toalhas de banho e panos de cozinha. Com acabamento nas laterais e 1.50 largura.","_seopress_robots_index":""},"product_brand":[],"product_cat":[69,238,153],"product_tag":[315,585,2726,882],"class_list":{"0":"post-30811","1":"product","2":"type-product","3":"status-publish","4":"has-post-thumbnail","6":"product_cat-texteis","7":"product_cat-turco-algodao","8":"product_cat-turcos","9":"product_tag-100-algodao","10":"product_tag-turco","11":"product_tag-turco-algodao","12":"product_tag-verde-alface","14":"first","15":"instock","16":"taxable","17":"shipping-taxable","18":"purchasable","19":"product-type-simple"},"_links":{"self":[{"href":"https:\/\/dev.eunitecidos.pt\/fr\/wp-json\/wp\/v2\/product\/30811","targetHints":{"allow":["GET"]}}],"collection":[{"href":"https:\/\/dev.eunitecidos.pt\/fr\/wp-json\/wp\/v2\/product"}],"about":[{"href":"https:\/\/dev.eunitecidos.pt\/fr\/wp-json\/wp\/v2\/types\/product"}],"replies":[{"embeddable":true,"href":"https:\/\/dev.eunitecidos.pt\/fr\/wp-json\/wp\/v2\/comments?post=30811"}],"wp:featuredmedia":[{"embeddable":true,"href":"https:\/\/dev.eunitecidos.pt\/fr\/wp-json\/wp\/v2\/media\/30542"}],"wp:attachment":[{"href":"https:\/\/dev.eunitecidos.pt\/fr\/wp-json\/wp\/v2\/media?parent=30811"}],"wp:term":[{"taxonomy":"product_brand","embeddable":true,"href":"https:\/\/dev.eunitecidos.pt\/fr\/wp-json\/wp\/v2\/product_brand?post=30811"},{"taxonomy":"product_cat","embeddable":true,"href":"https:\/\/dev.eunitecidos.pt\/fr\/wp-json\/wp\/v2\/product_cat?post=30811"},{"taxonomy":"product_tag","embeddable":true,"href":"https:\/\/dev.eunitecidos.pt\/fr\/wp-json\/wp\/v2\/product_tag?post=30811"}],"curies":[{"name":"wp","href":"https:\/\/api.w.org\/{rel}","templated":true}]}}