
{"id":3091,"date":"2021-06-30T11:36:03","date_gmt":"2021-06-30T11:36:03","guid":{"rendered":"https:\/\/dev.eunitecidos.pt\/?post_type=product&#038;p=3091"},"modified":"2026-01-09T19:57:06","modified_gmt":"2026-01-09T19:57:06","slug":"precinta-de-algodao-3-cm-4","status":"publish","type":"product","link":"https:\/\/dev.eunitecidos.pt\/fr\/loja\/cores\/precinta-de-algodao-3-cm-4\/","title":{"rendered":"Ceinture en coton | 3 Cm"},"content":{"rendered":"<p>Peinture au coton<\/p>\n<p>\u00c9paisseur - 3 cm<\/p>\n<p>Disponible en plusieurs couleurs.<\/p>","protected":false},"excerpt":{"rendered":"<p>Peinture au coton<\/p>\n<p>\u00c9paisseur - 3 cm<\/p>\n<p>Disponible en plusieurs couleurs.<\/p>","protected":false},"featured_media":4153,"comment_status":"open","ping_status":"closed","template":"","meta":{"_seopress_robots_primary_cat":"122","_seopress_titles_title":"Precinta de Algod\u00e3o Espessura - 3 cm","_seopress_titles_desc":"Descubra a Precinta de Algod\u00e3o de 3 cm de espessura, dispon\u00edvel em v\u00e1rias cores para dar um toque \u00fanico aos seus projetos. Encomende j\u00e1!","_seopress_robots_index":""},"product_brand":[],"product_cat":[122,129,178,72,133,126],"product_tag":[635,614,424,428,634,616,613,427,636,453],"class_list":{"0":"post-3091","1":"product","2":"type-product","3":"status-publish","4":"has-post-thumbnail","6":"product_cat-cores","7":"product_cat-laranja","8":"product_cat-precintas","9":"product_cat-retrosaria","10":"product_cat-roxo","11":"product_cat-vermelho","12":"product_tag-alcas","13":"product_tag-fitas-alcas","14":"product_tag-laranja","15":"product_tag-lilas","16":"product_tag-precinta-3cm","17":"product_tag-precinta-de-algodao","18":"product_tag-precintas","19":"product_tag-roxo","20":"product_tag-varias-cores","21":"product_tag-vermelho","22":"pa_cor-laranja-269","23":"pa_cor-lilas-268","24":"pa_cor-roxo-258","25":"pa_cor-vermelho-262","27":"first","28":"instock","29":"taxable","30":"shipping-taxable","31":"purchasable","32":"product-type-variable"},"_links":{"self":[{"href":"https:\/\/dev.eunitecidos.pt\/fr\/wp-json\/wp\/v2\/product\/3091","targetHints":{"allow":["GET"]}}],"collection":[{"href":"https:\/\/dev.eunitecidos.pt\/fr\/wp-json\/wp\/v2\/product"}],"about":[{"href":"https:\/\/dev.eunitecidos.pt\/fr\/wp-json\/wp\/v2\/types\/product"}],"replies":[{"embeddable":true,"href":"https:\/\/dev.eunitecidos.pt\/fr\/wp-json\/wp\/v2\/comments?post=3091"}],"wp:featuredmedia":[{"embeddable":true,"href":"https:\/\/dev.eunitecidos.pt\/fr\/wp-json\/wp\/v2\/media\/4153"}],"wp:attachment":[{"href":"https:\/\/dev.eunitecidos.pt\/fr\/wp-json\/wp\/v2\/media?parent=3091"}],"wp:term":[{"taxonomy":"product_brand","embeddable":true,"href":"https:\/\/dev.eunitecidos.pt\/fr\/wp-json\/wp\/v2\/product_brand?post=3091"},{"taxonomy":"product_cat","embeddable":true,"href":"https:\/\/dev.eunitecidos.pt\/fr\/wp-json\/wp\/v2\/product_cat?post=3091"},{"taxonomy":"product_tag","embeddable":true,"href":"https:\/\/dev.eunitecidos.pt\/fr\/wp-json\/wp\/v2\/product_tag?post=3091"}],"curies":[{"name":"wp","href":"https:\/\/api.w.org\/{rel}","templated":true}]}}