
{"id":31616,"date":"2024-01-30T14:58:04","date_gmt":"2024-01-30T14:58:04","guid":{"rendered":"https:\/\/dev.eunitecidos.pt\/?post_type=product&#038;p=31616"},"modified":"2025-03-22T15:35:28","modified_gmt":"2025-03-22T15:35:28","slug":"tecido-policanvas-estampado-3d-floral-6","status":"publish","type":"product","link":"https:\/\/dev.eunitecidos.pt\/fr\/loja\/texteis\/tecido-policanvas-estampado-3d-floral-6\/","title":{"rendered":"Tissu Policanvas | Imprim\u00e9 3D | Floral"},"content":{"rendered":"<p>Tissu Policanvas | Imprim\u00e9 3D | Floral<\/p>\n<p>Le Polycanvas est deux fois plus r\u00e9sistant que le coton normal. Elle est trait\u00e9e au silicone, ce qui la rend<strong> r\u00e9sistant \u00e0 l'eau, mais pas imperm\u00e9able.<\/strong><\/p>\n<p>Il s'agit d'un tissu synth\u00e9tique \u00e0 base de polyester, avec un tissage simple qui imite le toucher et l'aspect de la toile.<\/p>\n<p>Sa durabilit\u00e9 le rend parfait pour la fabrication de sacs, d'accessoires et de d\u00e9corations.<\/p>\n<p>100% Polyester<\/p>\n<p>1,5 m\u00e8tre de large<\/p>\n<p>D\u00e9couvrez le tissu polycanvas r\u00e9sistant \u00e0 l'eau, parfait pour la fabrication de sacs, d'accessoires et de d\u00e9coration. Fabriqu\u00e9 en polyester, avec un imprim\u00e9 floral 3D.<\/p>","protected":false},"excerpt":{"rendered":"<p>Tecido Policanvas | Estampado 3D | Floral O policanvas \u00e9 duas vezes mais resistente que o algod\u00e3o normal. \u00c9 tratado com silicone o que o torna resistente \u00e0 \u00e1gua, mas n\u00e3o \u00e9 imperme\u00e1vel. \u00c9 um tecido sint\u00e9tico feito \u00e0 base de poli\u00e9ster, com uma trama simples que imita a sensa\u00e7\u00e3o e apar\u00eancia da lona. A [&hellip;]<\/p>","protected":false},"featured_media":31577,"comment_status":"closed","ping_status":"closed","template":"","meta":{"_seopress_robots_primary_cat":"69","_seopress_titles_title":"Tecido Policanvas Estampado 3D Floral | Resistente e Dur\u00e1vel","_seopress_titles_desc":"Descubra o tecido policanvas resistente \u00e0 \u00e1gua e perfeito para confe\u00e7\u00e3o de bolsas, acess\u00f3rios e decora\u00e7\u00e3o. Feito \u00e0 base de poli\u00e9ster, com estampado 3D floral.","_seopress_robots_index":""},"product_brand":[],"product_cat":[3129,159,69],"product_tag":[707,298,884,321,885,3131,3132,1798,86,3130,891],"class_list":{"0":"post-31616","1":"product","2":"type-product","3":"status-publish","4":"has-post-thumbnail","6":"product_cat-policanvas","7":"product_cat-tecidos-decoracao","8":"product_cat-texteis","9":"product_tag-100-poliester","10":"product_tag-azul","11":"product_tag-azulao","12":"product_tag-branco","13":"product_tag-cru","14":"product_tag-estampa-3d","15":"product_tag-estampado-floral","16":"product_tag-floral","17":"product_tag-flores","18":"product_tag-policanvas","19":"product_tag-turquesa","21":"first","22":"instock","23":"taxable","24":"shipping-taxable","25":"purchasable","26":"product-type-simple"},"_links":{"self":[{"href":"https:\/\/dev.eunitecidos.pt\/fr\/wp-json\/wp\/v2\/product\/31616","targetHints":{"allow":["GET"]}}],"collection":[{"href":"https:\/\/dev.eunitecidos.pt\/fr\/wp-json\/wp\/v2\/product"}],"about":[{"href":"https:\/\/dev.eunitecidos.pt\/fr\/wp-json\/wp\/v2\/types\/product"}],"replies":[{"embeddable":true,"href":"https:\/\/dev.eunitecidos.pt\/fr\/wp-json\/wp\/v2\/comments?post=31616"}],"wp:featuredmedia":[{"embeddable":true,"href":"https:\/\/dev.eunitecidos.pt\/fr\/wp-json\/wp\/v2\/media\/31577"}],"wp:attachment":[{"href":"https:\/\/dev.eunitecidos.pt\/fr\/wp-json\/wp\/v2\/media?parent=31616"}],"wp:term":[{"taxonomy":"product_brand","embeddable":true,"href":"https:\/\/dev.eunitecidos.pt\/fr\/wp-json\/wp\/v2\/product_brand?post=31616"},{"taxonomy":"product_cat","embeddable":true,"href":"https:\/\/dev.eunitecidos.pt\/fr\/wp-json\/wp\/v2\/product_cat?post=31616"},{"taxonomy":"product_tag","embeddable":true,"href":"https:\/\/dev.eunitecidos.pt\/fr\/wp-json\/wp\/v2\/product_tag?post=31616"}],"curies":[{"name":"wp","href":"https:\/\/api.w.org\/{rel}","templated":true}]}}