
{"id":31657,"date":"2024-01-31T15:38:01","date_gmt":"2024-01-31T15:38:01","guid":{"rendered":"https:\/\/dev.eunitecidos.pt\/?post_type=product&#038;p=31657"},"modified":"2025-09-04T12:00:59","modified_gmt":"2025-09-04T12:00:59","slug":"tecidos-100-algodao-licencas-disney-mickey-6","status":"publish","type":"product","link":"https:\/\/dev.eunitecidos.pt\/fr\/loja\/texteis\/tecidos-100-algodao-licencas-disney-mickey-6\/","title":{"rendered":"Tissus 100% Coton | Licences Disney | Mickey"},"content":{"rendered":"<p>Tissus 100% Coton | Licences Disney | Mickey<\/p>\n<p>100% Coton<\/p>\n<p>1.40 Largeur<\/p>\n<p>Certifi\u00e9 Oeko-Tex<\/p>","protected":false},"excerpt":{"rendered":"<p>Tissus 100% Coton | Disney Licences | Mickey 100% Coton 1.40 Large Certifi\u00e9 Oeko-Tex<\/p>","protected":false},"featured_media":31527,"comment_status":"closed","ping_status":"closed","template":"","meta":{"_seopress_robots_primary_cat":"69","_seopress_titles_title":"Tecidos 100% Algod\u00e3o | Licen\u00e7as Disney | Mickey","_seopress_titles_desc":"Descubra a nossa cole\u00e7\u00e3o de tecidos 100% algod\u00e3o licenciados pela Disney, com o ador\u00e1vel Mickey estampado. Certificado Oeko-Tex. Compre agora!","_seopress_robots_index":""},"product_brand":[],"product_cat":[194,195,381,135,69],"product_tag":[315,307,298,319,321,1619,2609,424,451,452,491,532,1712,756],"class_list":{"0":"post-31657","1":"product","2":"type-product","3":"status-publish","4":"has-post-thumbnail","6":"product_cat-algodao-organico","7":"product_cat-disney-licencas","8":"product_cat-infantis-tecido-100-algodao","9":"product_cat-tecido-100-algodao","10":"product_cat-texteis","11":"product_tag-100-algodao","12":"product_tag-amarelo","13":"product_tag-azul","14":"product_tag-bege","15":"product_tag-branco","16":"product_tag-estampado-infantil","17":"product_tag-fundo-azul-claro","18":"product_tag-laranja","19":"product_tag-licencas","20":"product_tag-mickey","21":"product_tag-preto","22":"product_tag-surf","23":"product_tag-tecido-algodao","24":"product_tag-tecidos-disney","26":"first","27":"instock","28":"taxable","29":"shipping-taxable","30":"purchasable","31":"product-type-simple"},"_links":{"self":[{"href":"https:\/\/dev.eunitecidos.pt\/fr\/wp-json\/wp\/v2\/product\/31657","targetHints":{"allow":["GET"]}}],"collection":[{"href":"https:\/\/dev.eunitecidos.pt\/fr\/wp-json\/wp\/v2\/product"}],"about":[{"href":"https:\/\/dev.eunitecidos.pt\/fr\/wp-json\/wp\/v2\/types\/product"}],"replies":[{"embeddable":true,"href":"https:\/\/dev.eunitecidos.pt\/fr\/wp-json\/wp\/v2\/comments?post=31657"}],"wp:featuredmedia":[{"embeddable":true,"href":"https:\/\/dev.eunitecidos.pt\/fr\/wp-json\/wp\/v2\/media\/31527"}],"wp:attachment":[{"href":"https:\/\/dev.eunitecidos.pt\/fr\/wp-json\/wp\/v2\/media?parent=31657"}],"wp:term":[{"taxonomy":"product_brand","embeddable":true,"href":"https:\/\/dev.eunitecidos.pt\/fr\/wp-json\/wp\/v2\/product_brand?post=31657"},{"taxonomy":"product_cat","embeddable":true,"href":"https:\/\/dev.eunitecidos.pt\/fr\/wp-json\/wp\/v2\/product_cat?post=31657"},{"taxonomy":"product_tag","embeddable":true,"href":"https:\/\/dev.eunitecidos.pt\/fr\/wp-json\/wp\/v2\/product_tag?post=31657"}],"curies":[{"name":"wp","href":"https:\/\/api.w.org\/{rel}","templated":true}]}}