
{"id":31732,"date":"2024-02-06T13:06:06","date_gmt":"2024-02-06T13:06:06","guid":{"rendered":"https:\/\/dev.eunitecidos.pt\/?post_type=product&#038;p=31732"},"modified":"2024-02-06T14:35:16","modified_gmt":"2024-02-06T14:35:16","slug":"tecidos-100-algodao-licencas-ursinhos-carinhosos-care-bears-2","status":"publish","type":"product","link":"https:\/\/dev.eunitecidos.pt\/fr\/loja\/texteis\/tecidos-100-algodao-licencas-ursinhos-carinhosos-care-bears-2\/","title":{"rendered":"Tissus 100% Coton | Licences | Care Bears"},"content":{"rendered":"<p>Tissus 100% Coton | Licences | Care Bears<\/p>\n<p>100% Coton<\/p>\n<p>1,50 Largeur<\/p>\n<p>Certifi\u00e9 Oeko-Tex<\/p>","protected":false},"excerpt":{"rendered":"<p>Tissus 100% Coton | Licences | Care Bears 100% Coton 1.50 Wide Oeko-Tex Certified<\/p>","protected":false},"featured_media":31533,"comment_status":"closed","ping_status":"closed","template":"","meta":{"_seopress_robots_primary_cat":"69","_seopress_titles_title":"Tecidos 100% Algod\u00e3o com Ursinhos Carinhosos","_seopress_titles_desc":"Descubra os nossos tecidos de 100% algod\u00e3o com licen\u00e7as dos amorosos Ursinhos Carinhosos. Conforto e qualidade com certifica\u00e7\u00e3o Oeko-Tex. Encomende j\u00e1!","_seopress_robots_index":""},"product_brand":[],"product_cat":[194,195,381,135,69],"product_tag":[315,443,307,601,321,2686,2544,1619,738,2799,1940,2688,451,428,893,427,1712,2687,417,469],"class_list":{"0":"post-31732","1":"product","2":"type-product","3":"status-publish","4":"has-post-thumbnail","6":"product_cat-algodao-organico","7":"product_cat-disney-licencas","8":"product_cat-infantis-tecido-100-algodao","9":"product_cat-tecido-100-algodao","10":"product_cat-texteis","11":"product_tag-100-algodao","12":"product_tag-algodao-organico","13":"product_tag-amarelo","14":"product_tag-azul-bebe","15":"product_tag-branco","16":"product_tag-care-bears","17":"product_tag-corais","18":"product_tag-estampado-infantil","19":"product_tag-estrela-do-mar","20":"product_tag-fucsia","21":"product_tag-fundo-azul","22":"product_tag-golfinhos","23":"product_tag-licencas","24":"product_tag-lilas","25":"product_tag-menta","26":"product_tag-roxo","27":"product_tag-tecido-algodao","28":"product_tag-ursinhos-carinhosos","29":"product_tag-ursos","30":"product_tag-verde-agua","32":"first","33":"instock","34":"taxable","35":"shipping-taxable","36":"purchasable","37":"product-type-simple"},"_links":{"self":[{"href":"https:\/\/dev.eunitecidos.pt\/fr\/wp-json\/wp\/v2\/product\/31732","targetHints":{"allow":["GET"]}}],"collection":[{"href":"https:\/\/dev.eunitecidos.pt\/fr\/wp-json\/wp\/v2\/product"}],"about":[{"href":"https:\/\/dev.eunitecidos.pt\/fr\/wp-json\/wp\/v2\/types\/product"}],"replies":[{"embeddable":true,"href":"https:\/\/dev.eunitecidos.pt\/fr\/wp-json\/wp\/v2\/comments?post=31732"}],"wp:featuredmedia":[{"embeddable":true,"href":"https:\/\/dev.eunitecidos.pt\/fr\/wp-json\/wp\/v2\/media\/31533"}],"wp:attachment":[{"href":"https:\/\/dev.eunitecidos.pt\/fr\/wp-json\/wp\/v2\/media?parent=31732"}],"wp:term":[{"taxonomy":"product_brand","embeddable":true,"href":"https:\/\/dev.eunitecidos.pt\/fr\/wp-json\/wp\/v2\/product_brand?post=31732"},{"taxonomy":"product_cat","embeddable":true,"href":"https:\/\/dev.eunitecidos.pt\/fr\/wp-json\/wp\/v2\/product_cat?post=31732"},{"taxonomy":"product_tag","embeddable":true,"href":"https:\/\/dev.eunitecidos.pt\/fr\/wp-json\/wp\/v2\/product_tag?post=31732"}],"curies":[{"name":"wp","href":"https:\/\/api.w.org\/{rel}","templated":true}]}}