
{"id":31808,"date":"2024-02-09T15:03:40","date_gmt":"2024-02-09T15:03:40","guid":{"rendered":"https:\/\/dev.eunitecidos.pt\/?post_type=product&#038;p=31808"},"modified":"2025-05-04T15:23:51","modified_gmt":"2025-05-04T15:23:51","slug":"chita-estampado-tradicional-sardinha-3","status":"publish","type":"product","link":"https:\/\/dev.eunitecidos.pt\/fr\/loja\/texteis\/chita-estampado-tradicional-sardinha-3\/","title":{"rendered":"Chita | Traditional Print | Sardine"},"content":{"rendered":"<p>Chita | Traditional Print | Sardine<\/p>\n<p>Le chintz est fabriqu\u00e9 exclusivement dans l'industrie textile portugaise.<\/p>\n<p>Composition 50% Coton 50% Polyester<\/p>\n<p>1,50 Largeur<\/p>\n<p>D\u00e9couvrez la polyvalence du chintz, un imprim\u00e9 traditionnel de l'industrie textile portugaise. Compos\u00e9 de coton 50% et de polyester 50% et d'une largeur de 1,50 m\u00e8tre.<\/p>","protected":false},"excerpt":{"rendered":"<p>Chita | Imprim\u00e9 traditionnel | Sardine Chita est fabriqu\u00e9 exclusivement dans l'industrie textile portugaise Composition 50% Coton 50% Polyester 1.50 Largeur D\u00e9couvrez la polyvalence de chita, un imprim\u00e9 traditionnel de l'industrie textile portugaise. Compos\u00e9 de coton 50% et de polyester 50% et d'une largeur de 1,50 m\u00e8tre.<\/p>","protected":false},"featured_media":31798,"comment_status":"closed","ping_status":"closed","template":"","meta":{"_seopress_robots_primary_cat":"69","_seopress_titles_title":"Chita Estampada | Tradi\u00e7\u00e3o Portuguesa | Composi\u00e7\u00e3o Algod\u00e3o Poli\u00e9ster","_seopress_titles_desc":"Descubra a versatilidade da chita, um estampado tradicional da ind\u00fastria t\u00eaxtil portuguesa. Composi\u00e7\u00e3o de 50% Algod\u00e3o e 50% poli\u00e9ster e 1,50m de largura.","_seopress_robots_index":""},"product_brand":[],"product_cat":[142,227,69],"product_tag":[290,884,321,582,1944,380,340,2315,1891,2060,3210,2453,2185,491,2837,839,1890,3208,1779,102,453],"class_list":{"0":"post-31808","1":"product","2":"type-product","3":"status-publish","4":"has-post-thumbnail","6":"product_cat-cambraias","7":"product_cat-chitas","8":"product_cat-texteis","9":"product_tag-algodao","10":"product_tag-azulao","11":"product_tag-branco","12":"product_tag-cambraia","13":"product_tag-chita","14":"product_tag-coracoes","15":"product_tag-estampado","16":"product_tag-fundo-azulao","17":"product_tag-galo-barcelos","18":"product_tag-marchas","19":"product_tag-marchaspopulares","20":"product_tag-monumentos","21":"product_tag-poliester","22":"product_tag-preto","23":"product_tag-santos-populares","24":"product_tag-sardinhas","25":"product_tag-tipico-portugues","26":"product_tag-tipicos-portugueses","27":"product_tag-tradicional","28":"product_tag-verde","29":"product_tag-vermelho","31":"first","32":"instock","33":"taxable","34":"shipping-taxable","35":"purchasable","36":"product-type-simple"},"_links":{"self":[{"href":"https:\/\/dev.eunitecidos.pt\/fr\/wp-json\/wp\/v2\/product\/31808","targetHints":{"allow":["GET"]}}],"collection":[{"href":"https:\/\/dev.eunitecidos.pt\/fr\/wp-json\/wp\/v2\/product"}],"about":[{"href":"https:\/\/dev.eunitecidos.pt\/fr\/wp-json\/wp\/v2\/types\/product"}],"replies":[{"embeddable":true,"href":"https:\/\/dev.eunitecidos.pt\/fr\/wp-json\/wp\/v2\/comments?post=31808"}],"wp:featuredmedia":[{"embeddable":true,"href":"https:\/\/dev.eunitecidos.pt\/fr\/wp-json\/wp\/v2\/media\/31798"}],"wp:attachment":[{"href":"https:\/\/dev.eunitecidos.pt\/fr\/wp-json\/wp\/v2\/media?parent=31808"}],"wp:term":[{"taxonomy":"product_brand","embeddable":true,"href":"https:\/\/dev.eunitecidos.pt\/fr\/wp-json\/wp\/v2\/product_brand?post=31808"},{"taxonomy":"product_cat","embeddable":true,"href":"https:\/\/dev.eunitecidos.pt\/fr\/wp-json\/wp\/v2\/product_cat?post=31808"},{"taxonomy":"product_tag","embeddable":true,"href":"https:\/\/dev.eunitecidos.pt\/fr\/wp-json\/wp\/v2\/product_tag?post=31808"}],"curies":[{"name":"wp","href":"https:\/\/api.w.org\/{rel}","templated":true}]}}