
{"id":32061,"date":"2024-02-20T15:31:22","date_gmt":"2024-02-20T15:31:22","guid":{"rendered":"https:\/\/dev.eunitecidos.pt\/?post_type=product&#038;p=32061"},"modified":"2025-01-22T11:29:04","modified_gmt":"2025-01-22T11:29:04","slug":"tecidos-resinados-estampado-pic-nic","status":"publish","type":"product","link":"https:\/\/dev.eunitecidos.pt\/fr\/loja\/plastificados\/resinados\/tecidos-resinados-estampado-pic-nic\/","title":{"rendered":"Tissus en r\u00e9sine | Imprim\u00e9s | Pic-Nic"},"content":{"rendered":"<p>Tissus en r\u00e9sine | Imprim\u00e9s | Pic-Nic<\/p>\n<p>1.40 Largeur<\/p>\n<p>Tissus imperm\u00e9ables, parfaits pour l'ext\u00e9rieur, tissus r\u00e9sistants, qui ne chauffent pas au soleil.<\/p>\n<p>Tissus doux et confortables au toucher.<\/p>","protected":false},"excerpt":{"rendered":"<p>Tissus en r\u00e9sine | Imprim\u00e9s | Pic-Nic 1.40 Largeur Tissus imperm\u00e9ables, parfaits pour l'ext\u00e9rieur, tissus r\u00e9sistants, ne chauffent pas au soleil. Doux et confortables au toucher.<\/p>","protected":false},"featured_media":32040,"comment_status":"closed","ping_status":"closed","template":"","meta":{"_seopress_robots_primary_cat":"163","_seopress_titles_title":"Tecidos Resinados Estampado Pic-Nic 1.40 Largura | Imperme\u00e1veis e Confort\u00e1veis","_seopress_titles_desc":"Descubra tecidos resinados estampados perfeitos para exterior, resistentes e male\u00e1veis. Ideal para pic-nic e n\u00e3o aquecem ao Sol.","_seopress_robots_index":""},"product_brand":[],"product_cat":[256,163],"product_tag":[321,351,857,340,951,2542,3145,491,2804,784,3146,453,444],"class_list":{"0":"post-32061","1":"product","2":"type-product","3":"status-publish","4":"has-post-thumbnail","6":"product_cat-estampados-resinados","7":"product_cat-resinados","8":"product_tag-branco","9":"product_tag-cinza","10":"product_tag-cozinha","11":"product_tag-estampado","12":"product_tag-impermeavel","13":"product_tag-loneta-resinada","14":"product_tag-pic-nic","15":"product_tag-preto","16":"product_tag-talheres","17":"product_tag-tecidos-resinados","18":"product_tag-utensilios","19":"product_tag-vermelho","20":"product_tag-xadrez","22":"first","23":"instock","24":"taxable","25":"shipping-taxable","26":"purchasable","27":"product-type-simple"},"_links":{"self":[{"href":"https:\/\/dev.eunitecidos.pt\/fr\/wp-json\/wp\/v2\/product\/32061","targetHints":{"allow":["GET"]}}],"collection":[{"href":"https:\/\/dev.eunitecidos.pt\/fr\/wp-json\/wp\/v2\/product"}],"about":[{"href":"https:\/\/dev.eunitecidos.pt\/fr\/wp-json\/wp\/v2\/types\/product"}],"replies":[{"embeddable":true,"href":"https:\/\/dev.eunitecidos.pt\/fr\/wp-json\/wp\/v2\/comments?post=32061"}],"wp:featuredmedia":[{"embeddable":true,"href":"https:\/\/dev.eunitecidos.pt\/fr\/wp-json\/wp\/v2\/media\/32040"}],"wp:attachment":[{"href":"https:\/\/dev.eunitecidos.pt\/fr\/wp-json\/wp\/v2\/media?parent=32061"}],"wp:term":[{"taxonomy":"product_brand","embeddable":true,"href":"https:\/\/dev.eunitecidos.pt\/fr\/wp-json\/wp\/v2\/product_brand?post=32061"},{"taxonomy":"product_cat","embeddable":true,"href":"https:\/\/dev.eunitecidos.pt\/fr\/wp-json\/wp\/v2\/product_cat?post=32061"},{"taxonomy":"product_tag","embeddable":true,"href":"https:\/\/dev.eunitecidos.pt\/fr\/wp-json\/wp\/v2\/product_tag?post=32061"}],"curies":[{"name":"wp","href":"https:\/\/api.w.org\/{rel}","templated":true}]}}