
{"id":3271,"date":"2021-07-04T16:18:51","date_gmt":"2021-07-04T16:18:51","guid":{"rendered":"https:\/\/dev.eunitecidos.pt\/?post_type=product&#038;p=3271"},"modified":"2026-01-25T21:52:48","modified_gmt":"2026-01-25T21:52:48","slug":"enchimento-dracalon-forrado-com-cetineta","status":"publish","type":"product","link":"https:\/\/dev.eunitecidos.pt\/fr\/loja\/enchimentos-estruturadores\/enchimento-dracalon-forrado-com-cetineta\/","title":{"rendered":"Rembourrage : Dracalon doubl\u00e9 de satin"},"content":{"rendered":"<p>Rembourrage : Dracalon doubl\u00e9 de satin<\/p>\n<p>100% Polyester<\/p>\n<p>2.80 Largeur<\/p>\n<p>150 gr<\/p>\n<p>Remplissage utilis\u00e9 dans divers projets de couture et de patchwork, souvent utilis\u00e9 pour le quilting.<\/p>\n<p>Id\u00e9al pour les couvre-lits et les couettes gr\u00e2ce \u00e0 sa largeur avantageuse.<\/p>","protected":false},"excerpt":{"rendered":"<p>Rembourrage : Dracalon doubl\u00e9 de satin<\/p>\n<p>100% Polyester<\/p>\n<p>2.80 Largeur<\/p>\n<p>150 gr<\/p>\n<p>Remplissage utilis\u00e9 dans divers projets de couture et de patchwork, souvent utilis\u00e9 pour le quilting.<\/p>\n<p>Id\u00e9al pour les couvre-lits et les couettes gr\u00e2ce \u00e0 sa largeur avantageuse.<\/p>","protected":false},"featured_media":33347,"comment_status":"open","ping_status":"closed","template":"","meta":{"_seopress_robots_primary_cat":"71","_seopress_titles_title":"Enchimento Dracalon 100% Poli\u00e9ster para Costura e Patchwork","_seopress_titles_desc":"Enchimento ideal para costura e patchwork, perfeito para acolchoar colchas e edredons. Descubra a vantagem da sua largura!","_seopress_robots_index":""},"product_brand":[],"product_cat":[169,71],"product_tag":[1036,1037,1038,1012,1035,716],"class_list":{"0":"post-3271","1":"product","2":"type-product","3":"status-publish","4":"has-post-thumbnail","6":"product_cat-dracalon-forrado-cetineta","7":"product_cat-enchimentos-estruturadores","8":"product_tag-dracalon","9":"product_tag-dracalon-forrado-cetineta","10":"product_tag-edredons","11":"product_tag-enchimento","12":"product_tag-estruturadores","13":"product_tag-mantas","15":"first","16":"instock","17":"taxable","18":"shipping-taxable","19":"purchasable","20":"product-type-simple"},"_links":{"self":[{"href":"https:\/\/dev.eunitecidos.pt\/fr\/wp-json\/wp\/v2\/product\/3271","targetHints":{"allow":["GET"]}}],"collection":[{"href":"https:\/\/dev.eunitecidos.pt\/fr\/wp-json\/wp\/v2\/product"}],"about":[{"href":"https:\/\/dev.eunitecidos.pt\/fr\/wp-json\/wp\/v2\/types\/product"}],"replies":[{"embeddable":true,"href":"https:\/\/dev.eunitecidos.pt\/fr\/wp-json\/wp\/v2\/comments?post=3271"}],"wp:featuredmedia":[{"embeddable":true,"href":"https:\/\/dev.eunitecidos.pt\/fr\/wp-json\/wp\/v2\/media\/33347"}],"wp:attachment":[{"href":"https:\/\/dev.eunitecidos.pt\/fr\/wp-json\/wp\/v2\/media?parent=3271"}],"wp:term":[{"taxonomy":"product_brand","embeddable":true,"href":"https:\/\/dev.eunitecidos.pt\/fr\/wp-json\/wp\/v2\/product_brand?post=3271"},{"taxonomy":"product_cat","embeddable":true,"href":"https:\/\/dev.eunitecidos.pt\/fr\/wp-json\/wp\/v2\/product_cat?post=3271"},{"taxonomy":"product_tag","embeddable":true,"href":"https:\/\/dev.eunitecidos.pt\/fr\/wp-json\/wp\/v2\/product_tag?post=3271"}],"curies":[{"name":"wp","href":"https:\/\/api.w.org\/{rel}","templated":true}]}}