
{"id":32885,"date":"2024-03-13T16:16:02","date_gmt":"2024-03-13T16:16:02","guid":{"rendered":"https:\/\/dev.eunitecidos.pt\/?post_type=product&#038;p=32885"},"modified":"2024-12-13T05:28:15","modified_gmt":"2024-12-13T05:28:15","slug":"tecido-algodao-100-algodao-estampado-black-and-white-2","status":"publish","type":"product","link":"https:\/\/dev.eunitecidos.pt\/fr\/loja\/texteis\/tecido-algodao-100-algodao-estampado-black-and-white-2\/","title":{"rendered":"Tissu Coton | 100% Coton | Imprim\u00e9 | Noir et blanc"},"content":{"rendered":"<p>Tissu Coton | 100% Coton | Imprim\u00e9 | Noir &amp; Blanc<\/p>\n<p>Tissu 100% Coton biologique<\/p>\n<p>1,50 Largeur<\/p>","protected":false},"excerpt":{"rendered":"<p>Tissu Coton | 100% Coton | Imprim\u00e9 | Noir &amp; Blanc Tissu 100% Coton biologique 1.50 Wide<\/p>","protected":false},"featured_media":32806,"comment_status":"closed","ping_status":"closed","template":"","meta":{"_seopress_robots_primary_cat":"69","_seopress_titles_title":"Tecido Algod\u00e3o Estampado Black &amp; White | 100% Algod\u00e3o Org\u00e2nico","_seopress_titles_desc":"Descubra o tecido 100% algod\u00e3o org\u00e2nico estampado Black &amp; White, com 1,50 metros de largura. Ideal para os seus projetos de costura!","_seopress_robots_index":""},"product_brand":[],"product_cat":[194,360,135,69],"product_tag":[315,443,321,340,86,1606,491,3041,1712],"class_list":{"0":"post-32885","1":"product","2":"type-product","3":"status-publish","4":"has-post-thumbnail","6":"product_cat-algodao-organico","7":"product_cat-estampados-tecido-100-algodao","8":"product_cat-tecido-100-algodao","9":"product_cat-texteis","10":"product_tag-100-algodao","11":"product_tag-algodao-organico","12":"product_tag-branco","13":"product_tag-estampado","14":"product_tag-flores","15":"product_tag-geometrico","16":"product_tag-preto","17":"product_tag-primavera-verao","18":"product_tag-tecido-algodao","20":"first","21":"instock","22":"taxable","23":"shipping-taxable","24":"purchasable","25":"product-type-simple"},"_links":{"self":[{"href":"https:\/\/dev.eunitecidos.pt\/fr\/wp-json\/wp\/v2\/product\/32885","targetHints":{"allow":["GET"]}}],"collection":[{"href":"https:\/\/dev.eunitecidos.pt\/fr\/wp-json\/wp\/v2\/product"}],"about":[{"href":"https:\/\/dev.eunitecidos.pt\/fr\/wp-json\/wp\/v2\/types\/product"}],"replies":[{"embeddable":true,"href":"https:\/\/dev.eunitecidos.pt\/fr\/wp-json\/wp\/v2\/comments?post=32885"}],"wp:featuredmedia":[{"embeddable":true,"href":"https:\/\/dev.eunitecidos.pt\/fr\/wp-json\/wp\/v2\/media\/32806"}],"wp:attachment":[{"href":"https:\/\/dev.eunitecidos.pt\/fr\/wp-json\/wp\/v2\/media?parent=32885"}],"wp:term":[{"taxonomy":"product_brand","embeddable":true,"href":"https:\/\/dev.eunitecidos.pt\/fr\/wp-json\/wp\/v2\/product_brand?post=32885"},{"taxonomy":"product_cat","embeddable":true,"href":"https:\/\/dev.eunitecidos.pt\/fr\/wp-json\/wp\/v2\/product_cat?post=32885"},{"taxonomy":"product_tag","embeddable":true,"href":"https:\/\/dev.eunitecidos.pt\/fr\/wp-json\/wp\/v2\/product_tag?post=32885"}],"curies":[{"name":"wp","href":"https:\/\/api.w.org\/{rel}","templated":true}]}}