
{"id":32887,"date":"2024-03-13T16:19:22","date_gmt":"2024-03-13T16:19:22","guid":{"rendered":"https:\/\/dev.eunitecidos.pt\/?post_type=product&#038;p=32887"},"modified":"2025-01-07T16:17:05","modified_gmt":"2025-01-07T16:17:05","slug":"tecido-algodao-100-algodao-estampado-infantil-ursinho-floralfundo-rosa","status":"publish","type":"product","link":"https:\/\/dev.eunitecidos.pt\/fr\/loja\/texteis\/tecido-algodao-100-algodao-estampado-infantil-ursinho-floralfundo-rosa\/","title":{"rendered":"Tissu de coton | 100% coton | Imprim\u00e9 pour enfants | Ours floral (fond rose)"},"content":{"rendered":"<p>Tissu de coton | 100% coton | Imprim\u00e9 pour enfants | Ours floral (fond rose)<\/p>\n<p>Tissu 100% Coton biologique<\/p>\n<p>1,50 Largeur<\/p>","protected":false},"excerpt":{"rendered":"<p>Tissu Coton | 100% Coton | Imprim\u00e9 enfant | Ours floral (fond rose) Tissu 100% Coton biologique 1.50 Wide<\/p>","protected":false},"featured_media":32764,"comment_status":"closed","ping_status":"closed","template":"","meta":{"_seopress_robots_primary_cat":"69","_seopress_titles_title":"Tecido Algod\u00e3o Estampado Infantil | 100% Algod\u00e3o Org\u00e2nico | Ursinho Floral","_seopress_titles_desc":"Descubra o nosso tecido 100% algod\u00e3o org\u00e2nico estampado com um ador\u00e1vel padr\u00e3o de ursinho floral em fundo rosa. Com 1,50m de largura.","_seopress_robots_index":""},"product_brand":[],"product_cat":[194,196,360,381,135,69],"product_tag":[315,443,2433,321,515,1619,86,1939,424,3093,3041,1712,891,102],"class_list":{"0":"post-32887","1":"product","2":"type-product","3":"status-publish","4":"has-post-thumbnail","6":"product_cat-algodao-organico","7":"product_cat-estampados","8":"product_cat-estampados-tecido-100-algodao","9":"product_cat-infantis-tecido-100-algodao","10":"product_cat-tecido-100-algodao","11":"product_cat-texteis","12":"product_tag-100-algodao","13":"product_tag-algodao-organico","14":"product_tag-bolota","15":"product_tag-branco","16":"product_tag-coral","17":"product_tag-estampado-infantil","18":"product_tag-flores","19":"product_tag-fundo-rosa","20":"product_tag-laranja","21":"product_tag-passaro","22":"product_tag-primavera-verao","23":"product_tag-tecido-algodao","24":"product_tag-turquesa","25":"product_tag-verde","27":"first","28":"instock","29":"taxable","30":"shipping-taxable","31":"purchasable","32":"product-type-simple"},"_links":{"self":[{"href":"https:\/\/dev.eunitecidos.pt\/fr\/wp-json\/wp\/v2\/product\/32887","targetHints":{"allow":["GET"]}}],"collection":[{"href":"https:\/\/dev.eunitecidos.pt\/fr\/wp-json\/wp\/v2\/product"}],"about":[{"href":"https:\/\/dev.eunitecidos.pt\/fr\/wp-json\/wp\/v2\/types\/product"}],"replies":[{"embeddable":true,"href":"https:\/\/dev.eunitecidos.pt\/fr\/wp-json\/wp\/v2\/comments?post=32887"}],"wp:featuredmedia":[{"embeddable":true,"href":"https:\/\/dev.eunitecidos.pt\/fr\/wp-json\/wp\/v2\/media\/32764"}],"wp:attachment":[{"href":"https:\/\/dev.eunitecidos.pt\/fr\/wp-json\/wp\/v2\/media?parent=32887"}],"wp:term":[{"taxonomy":"product_brand","embeddable":true,"href":"https:\/\/dev.eunitecidos.pt\/fr\/wp-json\/wp\/v2\/product_brand?post=32887"},{"taxonomy":"product_cat","embeddable":true,"href":"https:\/\/dev.eunitecidos.pt\/fr\/wp-json\/wp\/v2\/product_cat?post=32887"},{"taxonomy":"product_tag","embeddable":true,"href":"https:\/\/dev.eunitecidos.pt\/fr\/wp-json\/wp\/v2\/product_tag?post=32887"}],"curies":[{"name":"wp","href":"https:\/\/api.w.org\/{rel}","templated":true}]}}