
{"id":3307,"date":"2021-07-05T17:05:43","date_gmt":"2021-07-05T17:05:43","guid":{"rendered":"https:\/\/dev.eunitecidos.pt\/?post_type=product&#038;p=3307"},"modified":"2026-01-09T19:57:06","modified_gmt":"2026-01-09T19:57:06","slug":"vivos-com-petalas-com-folhos-com-pompons-copia","status":"publish","type":"product","link":"https:\/\/dev.eunitecidos.pt\/fr\/loja\/cores\/vivos-com-petalas-com-folhos-com-pompons-copia\/","title":{"rendered":"Vivid | Avec p\u00e9tales | Avec froufrous | Avec pompons | Vert d'eau | Couleur 123"},"content":{"rendered":"<p>Vivid | Avec p\u00e9tales | Avec froufrous | Avec pompons | Vert d'eau | Couleur 123<\/p>\n<p>Rubans vivants avec p\u00e9tales - Environ 30 mm de haut<\/p>\n<p>Rubans vivants avec fioritures - Environ 25 mm de haut<\/p>\n<p>Rubans vivants avec pompons - environ 20 mm de haut<\/p>\n<p>&nbsp;<\/p>","protected":false},"excerpt":{"rendered":"<p>Vivant | Avec p\u00e9tales | Avec volants | Avec pompons<\/p>\n<p>Rubans vivants avec p\u00e9tales - Environ 30 mm de haut<\/p>\n<p>Rubans vivants avec fioritures - Environ 25 mm de haut<\/p>\n<p>Rubans vivants avec pompons - environ 20 mm de haut<\/p>","protected":false},"featured_media":33348,"comment_status":"open","ping_status":"closed","template":"","meta":{"_seopress_robots_primary_cat":"122","_seopress_titles_title":"Fitas de Vivo Verde \u00c1gua com P\u00e9talas, Folhos e Pompons","_seopress_titles_desc":"Descubra os encantadores detalhes das fitas de vivo com p\u00e9talas, folhos e pompons em verde \u00e1gua. Ideal para adicionar um toque especial aos seus projetos criativos.","_seopress_robots_index":""},"product_brand":[],"product_cat":[122,183,72,125],"product_tag":[1062,1057,475,1055,1056,1063,612,1060,1059,1061,1058],"class_list":{"0":"post-3307","1":"product","2":"type-product","3":"status-publish","4":"has-post-thumbnail","6":"product_cat-cores","7":"product_cat-folhos-petalas","8":"product_cat-retrosaria","9":"product_cat-verde","10":"product_tag-acabamentos","11":"product_tag-fita-de-vivo","12":"product_tag-folhos","13":"product_tag-petalas","14":"product_tag-pompons","15":"product_tag-pormenores","16":"product_tag-retrosaria","17":"product_tag-vivo-com-folho","18":"product_tag-vivo-com-petalas","19":"product_tag-vivo-com-pompons","20":"product_tag-vivos","21":"pa_padrao-1-vivo-com-folho","22":"pa_padrao-2-vivo-com-petalas","23":"pa_padrao-3-folho-com-pompons","24":"pa_padrao-4-petalas-com-pompons","26":"first","27":"instock","28":"taxable","29":"shipping-taxable","30":"purchasable","31":"product-type-variable"},"_links":{"self":[{"href":"https:\/\/dev.eunitecidos.pt\/fr\/wp-json\/wp\/v2\/product\/3307","targetHints":{"allow":["GET"]}}],"collection":[{"href":"https:\/\/dev.eunitecidos.pt\/fr\/wp-json\/wp\/v2\/product"}],"about":[{"href":"https:\/\/dev.eunitecidos.pt\/fr\/wp-json\/wp\/v2\/types\/product"}],"replies":[{"embeddable":true,"href":"https:\/\/dev.eunitecidos.pt\/fr\/wp-json\/wp\/v2\/comments?post=3307"}],"wp:featuredmedia":[{"embeddable":true,"href":"https:\/\/dev.eunitecidos.pt\/fr\/wp-json\/wp\/v2\/media\/33348"}],"wp:attachment":[{"href":"https:\/\/dev.eunitecidos.pt\/fr\/wp-json\/wp\/v2\/media?parent=3307"}],"wp:term":[{"taxonomy":"product_brand","embeddable":true,"href":"https:\/\/dev.eunitecidos.pt\/fr\/wp-json\/wp\/v2\/product_brand?post=3307"},{"taxonomy":"product_cat","embeddable":true,"href":"https:\/\/dev.eunitecidos.pt\/fr\/wp-json\/wp\/v2\/product_cat?post=3307"},{"taxonomy":"product_tag","embeddable":true,"href":"https:\/\/dev.eunitecidos.pt\/fr\/wp-json\/wp\/v2\/product_tag?post=3307"}],"curies":[{"name":"wp","href":"https:\/\/api.w.org\/{rel}","templated":true}]}}