
{"id":33184,"date":"2024-03-22T16:09:50","date_gmt":"2024-03-22T16:09:50","guid":{"rendered":"https:\/\/dev.eunitecidos.pt\/?post_type=product&#038;p=33184"},"modified":"2025-07-27T19:53:48","modified_gmt":"2025-07-27T19:53:48","slug":"tecido-loneta-estampado-folhas-7","status":"publish","type":"product","link":"https:\/\/dev.eunitecidos.pt\/fr\/loja\/texteis\/tecido-loneta-estampado-folhas-7\/","title":{"rendered":"Loneta Fabric | Imprim\u00e9 | Feuilles"},"content":{"rendered":"<p>Loneta Fabric | Imprim\u00e9 | Feuilles<\/p>\n<p>Composition : 65% Coton 35% Polyester<\/p>\n<p>2.8 Largeur<\/p>","protected":false},"excerpt":{"rendered":"<p>Loneta Tissu | Imprim\u00e9 | Feuilles Composition : 65% Coton 35% Polyester 2.8 Large<\/p>","protected":false},"featured_media":33162,"comment_status":"closed","ping_status":"closed","template":"","meta":{"_seopress_robots_primary_cat":"69","_seopress_titles_title":"Tecido Loneta Estampado Folhas | Composi\u00e7\u00e3o Algod\u00e3o Poli\u00e9ster","_seopress_titles_desc":"Descubra nosso tecido de loneta estampado com folhas. Composi\u00e7\u00e3o de 65% algod\u00e3o e 35% poli\u00e9ster, largura de 2,8. Ideal para seus projetos de costura e artesanato!","_seopress_robots_index":""},"product_brand":[],"product_cat":[244,242,159,69],"product_tag":[290,884,321,340,1244,2185,320,1758,1659,891,1472,2802,453],"class_list":{"0":"post-33184","1":"product","2":"type-product","3":"status-publish","4":"has-post-thumbnail","6":"product_cat-estampadas-lonetas","7":"product_cat-lonetas","8":"product_cat-tecidos-decoracao","9":"product_cat-texteis","10":"product_tag-algodao","11":"product_tag-azulao","12":"product_tag-branco","13":"product_tag-estampado","14":"product_tag-folhas","15":"product_tag-poliester","16":"product_tag-rosa","17":"product_tag-tecido-decoracao","18":"product_tag-tecido-loneta","19":"product_tag-turquesa","20":"product_tag-verde-escuro","21":"product_tag-verde-pistache","22":"product_tag-vermelho","24":"first","25":"instock","26":"taxable","27":"shipping-taxable","28":"purchasable","29":"product-type-simple"},"_links":{"self":[{"href":"https:\/\/dev.eunitecidos.pt\/fr\/wp-json\/wp\/v2\/product\/33184","targetHints":{"allow":["GET"]}}],"collection":[{"href":"https:\/\/dev.eunitecidos.pt\/fr\/wp-json\/wp\/v2\/product"}],"about":[{"href":"https:\/\/dev.eunitecidos.pt\/fr\/wp-json\/wp\/v2\/types\/product"}],"replies":[{"embeddable":true,"href":"https:\/\/dev.eunitecidos.pt\/fr\/wp-json\/wp\/v2\/comments?post=33184"}],"wp:featuredmedia":[{"embeddable":true,"href":"https:\/\/dev.eunitecidos.pt\/fr\/wp-json\/wp\/v2\/media\/33162"}],"wp:attachment":[{"href":"https:\/\/dev.eunitecidos.pt\/fr\/wp-json\/wp\/v2\/media?parent=33184"}],"wp:term":[{"taxonomy":"product_brand","embeddable":true,"href":"https:\/\/dev.eunitecidos.pt\/fr\/wp-json\/wp\/v2\/product_brand?post=33184"},{"taxonomy":"product_cat","embeddable":true,"href":"https:\/\/dev.eunitecidos.pt\/fr\/wp-json\/wp\/v2\/product_cat?post=33184"},{"taxonomy":"product_tag","embeddable":true,"href":"https:\/\/dev.eunitecidos.pt\/fr\/wp-json\/wp\/v2\/product_tag?post=33184"}],"curies":[{"name":"wp","href":"https:\/\/api.w.org\/{rel}","templated":true}]}}