
{"id":34078,"date":"2024-04-28T16:47:31","date_gmt":"2024-04-28T16:47:31","guid":{"rendered":"https:\/\/dev.eunitecidos.pt\/?post_type=product&#038;p=34078"},"modified":"2026-01-22T19:19:03","modified_gmt":"2026-01-22T19:19:03","slug":"tecido-confecao-vestuario-sable-violeta-29","status":"publish","type":"product","link":"https:\/\/dev.eunitecidos.pt\/fr\/loja\/texteis\/tecidos-de-vestuario\/lisos-tecidos-de-vestuario\/tecido-confecao-vestuario-sable-violeta-29\/","title":{"rendered":"Tissu | V\u00eatements | Sabl\u00e9 | Violet 29"},"content":{"rendered":"<p>Tissu | V\u00eatements | Sabl\u00e9 | Violet 29<\/p>\n<p>Le sabl\u00e9 est un tissu fluide, dont une face est mate et l'autre l\u00e9g\u00e8rement brillante.<\/p>\n<p>Texture lisse et soyeuse, haute qualit\u00e9. Traditionnellement utilis\u00e9 pour les c\u00e9r\u00e9monies.<\/p>\n<p>Tr\u00e8s recherch\u00e9e et appr\u00e9ci\u00e9e pour la confection de robes de demoiselles d'honneur, de robes de bal et d'autres robes de c\u00e9r\u00e9monie en raison de sa grande vari\u00e9t\u00e9 de teintes.<\/p>\n<p>Composition 100% Polyester<\/p>\n<p>1,50 Largeur<\/p>\n<p>D\u00e9couvrez le tissu Sabl\u00e9, une texture douce et soyeuse id\u00e9ale pour les robes de bal et les demoiselles d'honneur. Composition 100% Polyester. Commandez d\u00e8s maintenant chez Violet 29 !<\/p>","protected":false},"excerpt":{"rendered":"<p>Tecido Confe\u00e7\u00e3o | Vestu\u00e1rio | Sabl\u00e9 | Violeta 29 O Sabl\u00e9 \u00e9 um tecido fluido, com um dos lados mate, e outro com ligeiro brilho. Textura suave e sedosa, de alta qualidade. Tradicionalmente usado para vestu\u00e1rio de cerim\u00f3nia. Muito procurado e apreciado para a confe\u00e7\u00e3o de vestidos de damas de honor, de bailes de finalistas [&hellip;]<\/p>","protected":false},"featured_media":34140,"comment_status":"closed","ping_status":"closed","template":"","meta":{"_seopress_robots_primary_cat":"none","_seopress_titles_title":"Tecido Sabl\u00e9: Fluidez, Brilho e Suavidade | Violeta 29","_seopress_titles_desc":"Descubra o tecido Sabl\u00e9, textura suave e sedosa ideal para vestidos de cerim\u00f3nia e damas de honor. Composi\u00e7\u00e3o 100% Poli\u00e9ster. Encomende j\u00e1 em Violeta 29!","_seopress_robots_index":""},"product_brand":[],"product_cat":[1696,69],"product_tag":[707,3192,3194,2204,3193,677,3041,3191,1693,378,406],"class_list":{"0":"post-34078","1":"product","2":"type-product","3":"status-publish","4":"has-post-thumbnail","6":"product_cat-lisos-tecidos-de-vestuario","7":"product_cat-texteis","8":"product_tag-100-poliester","9":"product_tag-acetinado","10":"product_tag-baile-finalistas","11":"product_tag-cerimonia","12":"product_tag-damas-de-honor","13":"product_tag-liso","14":"product_tag-primavera-verao","15":"product_tag-sable","16":"product_tag-tecido-confecao","17":"product_tag-vestuario","18":"product_tag-violeta","20":"first","21":"instock","22":"taxable","23":"shipping-taxable","24":"purchasable","25":"product-type-simple"},"_links":{"self":[{"href":"https:\/\/dev.eunitecidos.pt\/fr\/wp-json\/wp\/v2\/product\/34078","targetHints":{"allow":["GET"]}}],"collection":[{"href":"https:\/\/dev.eunitecidos.pt\/fr\/wp-json\/wp\/v2\/product"}],"about":[{"href":"https:\/\/dev.eunitecidos.pt\/fr\/wp-json\/wp\/v2\/types\/product"}],"replies":[{"embeddable":true,"href":"https:\/\/dev.eunitecidos.pt\/fr\/wp-json\/wp\/v2\/comments?post=34078"}],"wp:featuredmedia":[{"embeddable":true,"href":"https:\/\/dev.eunitecidos.pt\/fr\/wp-json\/wp\/v2\/media\/34140"}],"wp:attachment":[{"href":"https:\/\/dev.eunitecidos.pt\/fr\/wp-json\/wp\/v2\/media?parent=34078"}],"wp:term":[{"taxonomy":"product_brand","embeddable":true,"href":"https:\/\/dev.eunitecidos.pt\/fr\/wp-json\/wp\/v2\/product_brand?post=34078"},{"taxonomy":"product_cat","embeddable":true,"href":"https:\/\/dev.eunitecidos.pt\/fr\/wp-json\/wp\/v2\/product_cat?post=34078"},{"taxonomy":"product_tag","embeddable":true,"href":"https:\/\/dev.eunitecidos.pt\/fr\/wp-json\/wp\/v2\/product_tag?post=34078"}],"curies":[{"name":"wp","href":"https:\/\/api.w.org\/{rel}","templated":true}]}}