
{"id":34618,"date":"2024-04-30T09:51:48","date_gmt":"2024-04-30T09:51:48","guid":{"rendered":"https:\/\/dev.eunitecidos.pt\/?post_type=product&#038;p=34618"},"modified":"2025-03-31T10:13:29","modified_gmt":"2025-03-31T10:13:29","slug":"cambraia-estampado-patchwork","status":"publish","type":"product","link":"https:\/\/dev.eunitecidos.pt\/fr\/loja\/texteis\/cambraia-estampado-patchwork\/","title":{"rendered":"Cambric | Imprim\u00e9 | Patchwork"},"content":{"rendered":"<p>Cambric | Imprim\u00e9 | Patchwork<\/p>\n<p>Tissu doux et lisse, largement utilis\u00e9 pour la couture cr\u00e9ative et pour les articles pour b\u00e9b\u00e9s* et enfants.<\/p>\n<p>* D\u00e9conseill\u00e9 pour les articles destin\u00e9s aux nouveau-n\u00e9s (qui entrent en contact avec la peau), car il contient des fibres artificielles (polyester).<\/p>\n<p>Composition 58% Coton 42% Polyester<\/p>\n<p>Largeur 1,50 m\u00e8tre<\/p>\n<p>D\u00e9couvrez le doux tissu imprim\u00e9 Cambraia, parfait pour les projets de patchwork et les v\u00eatements de b\u00e9b\u00e9. Composition : 58% Coton 42% Polyester.<\/p>","protected":false},"excerpt":{"rendered":"<p>Cambraia | Estampado | Patchwork Tecido macio e suave, muito utilizado em costura criativa e\u00a0 para artigos de beb\u00e9* e crian\u00e7a. * n\u00e3o aconselhado em artigos para rec\u00e9m nascidos (que estejam em contacto com a pele), pelo facto de conter fibra artificial(poli\u00e9ster). Composi\u00e7\u00e3o 58% Algod\u00e3o 42% Poli\u00e9ster Largura 1,50 mt Descubra o tecido macio Cambraia [&hellip;]<\/p>","protected":false},"featured_media":34497,"comment_status":"closed","ping_status":"closed","template":"","meta":{"_seopress_robots_primary_cat":"69","_seopress_titles_title":"Tecido Cambraia Estampado para Costura e Beb\u00e9s","_seopress_titles_desc":"Descubra o tecido macio Cambraia estampado, perfeito para projetos de patchwork e roupinhas de beb\u00e9. Composi\u00e7\u00e3o: 58% Algod\u00e3o 42% Poli\u00e9ster.","_seopress_robots_index":""},"product_brand":[],"product_cat":[142,69,228],"product_tag":[290,307,563,884,321,582,1992,351,340,86,2060,1018,339,2185,90,2837,3208,1779,891],"class_list":{"0":"post-34618","1":"product","2":"type-product","3":"status-publish","4":"has-post-thumbnail","6":"product_cat-cambraias","7":"product_cat-texteis","8":"product_cat-tipicos-portugueses","9":"product_tag-algodao","10":"product_tag-amarelo","11":"product_tag-azul-escuro","12":"product_tag-azulao","13":"product_tag-branco","14":"product_tag-cambraia","15":"product_tag-carnaval","16":"product_tag-cinza","17":"product_tag-estampado","18":"product_tag-flores","19":"product_tag-marchas","20":"product_tag-patchwork","21":"product_tag-pintas","22":"product_tag-poliester","23":"product_tag-riscas","24":"product_tag-santos-populares","25":"product_tag-tipicos-portugueses","26":"product_tag-tradicional","27":"product_tag-turquesa","29":"first","30":"instock","31":"taxable","32":"shipping-taxable","33":"purchasable","34":"product-type-simple"},"_links":{"self":[{"href":"https:\/\/dev.eunitecidos.pt\/fr\/wp-json\/wp\/v2\/product\/34618","targetHints":{"allow":["GET"]}}],"collection":[{"href":"https:\/\/dev.eunitecidos.pt\/fr\/wp-json\/wp\/v2\/product"}],"about":[{"href":"https:\/\/dev.eunitecidos.pt\/fr\/wp-json\/wp\/v2\/types\/product"}],"replies":[{"embeddable":true,"href":"https:\/\/dev.eunitecidos.pt\/fr\/wp-json\/wp\/v2\/comments?post=34618"}],"wp:featuredmedia":[{"embeddable":true,"href":"https:\/\/dev.eunitecidos.pt\/fr\/wp-json\/wp\/v2\/media\/34497"}],"wp:attachment":[{"href":"https:\/\/dev.eunitecidos.pt\/fr\/wp-json\/wp\/v2\/media?parent=34618"}],"wp:term":[{"taxonomy":"product_brand","embeddable":true,"href":"https:\/\/dev.eunitecidos.pt\/fr\/wp-json\/wp\/v2\/product_brand?post=34618"},{"taxonomy":"product_cat","embeddable":true,"href":"https:\/\/dev.eunitecidos.pt\/fr\/wp-json\/wp\/v2\/product_cat?post=34618"},{"taxonomy":"product_tag","embeddable":true,"href":"https:\/\/dev.eunitecidos.pt\/fr\/wp-json\/wp\/v2\/product_tag?post=34618"}],"curies":[{"name":"wp","href":"https:\/\/api.w.org\/{rel}","templated":true}]}}