
{"id":34769,"date":"2024-05-03T14:54:56","date_gmt":"2024-05-03T14:54:56","guid":{"rendered":"https:\/\/dev.eunitecidos.pt\/?post_type=product&#038;p=34769"},"modified":"2024-10-08T09:59:16","modified_gmt":"2024-10-08T09:59:16","slug":"tecido-algodao-100-algodao-basico-xadrez-cinza","status":"publish","type":"product","link":"https:\/\/dev.eunitecidos.pt\/fr\/loja\/texteis\/tecido-100-algodao\/basicos\/tecido-algodao-100-algodao-basico-xadrez-cinza\/","title":{"rendered":"Tissu de coton | 100% Coton | Basic | Plaid | Grey"},"content":{"rendered":"<p>Tissu de coton | 100% Coton | Basic | Plaid | Grey<\/p>\n<p>100% Coton, tissu \u00e0 carreaux 9mmx9mm<\/p>\n<p>Tissu l\u00e9ger et frais, id\u00e9al pour la confection de v\u00eatements pour enfants.<\/p>\n<p>Largeur de 1,50 m\u00e8tre<\/p>\n<p>D\u00e9couvrez notre tissu en coton 100%, \u00e0 carreaux et l\u00e9ger, id\u00e9al pour la confection de v\u00eatements pour enfants. 1,50 m\u00e8tre de large. Profitez-en !<\/p>","protected":false},"excerpt":{"rendered":"<p>Tecido Algod\u00e3o | 100% Algod\u00e3o | B\u00e1sico | Xadrez | Cinza Tecido em 100% Algod\u00e3o, de xadrez com 9mmx9mm Tecido leve e fresco, \u00f3timo para confe\u00e7\u00e3o de vestu\u00e1rio de crian\u00e7a. 1,50 mt Largura Descubra nosso tecido em 100% algod\u00e3o, xadrez e leve, perfeito para confe\u00e7\u00e3o de roupa infantil. 1,50 mt Largura. Aproveite!<\/p>","protected":false},"featured_media":34728,"comment_status":"closed","ping_status":"closed","template":"","meta":{"_seopress_robots_primary_cat":"none","_seopress_titles_title":"Tecido 100% Algod\u00e3o Xadrez Cinza - Confe\u00e7\u00e3o Roupa Infantil","_seopress_titles_desc":"Descubra nosso tecido em 100% algod\u00e3o, xadrez e leve, perfeito para confe\u00e7\u00e3o de roupa infantil. 1,50 mt Largura. Aproveite!","_seopress_robots_index":""},"product_brand":[],"product_cat":[189,69],"product_tag":[419,321,351,3041,3206,1712,444],"class_list":{"0":"post-34769","1":"product","2":"type-product","3":"status-publish","4":"has-post-thumbnail","6":"product_cat-basicos","7":"product_cat-texteis","8":"product_tag-basico","9":"product_tag-branco","10":"product_tag-cinza","11":"product_tag-primavera-verao","12":"product_tag-tecido-100-algodao","13":"product_tag-tecido-algodao","14":"product_tag-xadrez","16":"first","17":"instock","18":"taxable","19":"shipping-taxable","20":"purchasable","21":"product-type-simple"},"_links":{"self":[{"href":"https:\/\/dev.eunitecidos.pt\/fr\/wp-json\/wp\/v2\/product\/34769","targetHints":{"allow":["GET"]}}],"collection":[{"href":"https:\/\/dev.eunitecidos.pt\/fr\/wp-json\/wp\/v2\/product"}],"about":[{"href":"https:\/\/dev.eunitecidos.pt\/fr\/wp-json\/wp\/v2\/types\/product"}],"replies":[{"embeddable":true,"href":"https:\/\/dev.eunitecidos.pt\/fr\/wp-json\/wp\/v2\/comments?post=34769"}],"wp:featuredmedia":[{"embeddable":true,"href":"https:\/\/dev.eunitecidos.pt\/fr\/wp-json\/wp\/v2\/media\/34728"}],"wp:attachment":[{"href":"https:\/\/dev.eunitecidos.pt\/fr\/wp-json\/wp\/v2\/media?parent=34769"}],"wp:term":[{"taxonomy":"product_brand","embeddable":true,"href":"https:\/\/dev.eunitecidos.pt\/fr\/wp-json\/wp\/v2\/product_brand?post=34769"},{"taxonomy":"product_cat","embeddable":true,"href":"https:\/\/dev.eunitecidos.pt\/fr\/wp-json\/wp\/v2\/product_cat?post=34769"},{"taxonomy":"product_tag","embeddable":true,"href":"https:\/\/dev.eunitecidos.pt\/fr\/wp-json\/wp\/v2\/product_tag?post=34769"}],"curies":[{"name":"wp","href":"https:\/\/api.w.org\/{rel}","templated":true}]}}