
{"id":35005,"date":"2024-05-07T13:32:05","date_gmt":"2024-05-07T13:32:05","guid":{"rendered":"https:\/\/dev.eunitecidos.pt\/?post_type=product&#038;p=35005"},"modified":"2025-02-09T17:22:13","modified_gmt":"2025-02-09T17:22:13","slug":"atoalhado-100-poliester-estampado-chavenas","status":"publish","type":"product","link":"https:\/\/dev.eunitecidos.pt\/fr\/loja\/texteis\/atoalhados\/atoalhado-100-poliester-estampado-chavenas\/","title":{"rendered":"Eponge | 100% Polyester | Imprim\u00e9 | Mugs"},"content":{"rendered":"<p>Eponge | 100% Polyester | Imprim\u00e9 | Mugs<\/p>\n<p>100% Tissu en polyester, \u00e0 s\u00e9chage rapide et r\u00e9sistant aux taches. Id\u00e9al pour les nappes<\/p>\n<p>Composition 100% Polyester<\/p>\n<p>Largeur de 1,50 m\u00e8tre<\/p>\n<p>D\u00e9couvrez l'\u00e9ponge imprim\u00e9e 100% Polyester, anti-t\u00e2ches et \u00e0 s\u00e9chage rapide, id\u00e9ale pour les nappes. Composition 100% Polyester, largeur 1,50 m\u00e8tre.<\/p>","protected":false},"excerpt":{"rendered":"<p>Atoalhado | 100% Poli\u00e9ster | Estampado | Ch\u00e1venas Tecido em 100% Poli\u00e9ster, anti-n\u00f3doa de secagem r\u00e1pida. Ideal para toalha de mesa Composi\u00e7\u00e3o 100% Poli\u00e9ster 1,50 mt Largura Descubra o atoalhado estampado em tecido 100% Poli\u00e9ster, anti-n\u00f3doa e de secagem r\u00e1pida, ideal para toalhas de mesa. Composi\u00e7\u00e3o 100% Poli\u00e9ster, 1,50 mt de largura.<\/p>","protected":false},"featured_media":34985,"comment_status":"closed","ping_status":"closed","template":"","meta":{"_seopress_robots_primary_cat":"1665","_seopress_titles_title":"Atoalhado Estampado | 100% Poli\u00e9ster | Anti-N\u00f3doa","_seopress_titles_desc":"Descubra o atoalhado estampado em tecido 100% Poli\u00e9ster, anti-n\u00f3doa e de secagem r\u00e1pida, ideal para toalhas de mesa. Composi\u00e7\u00e3o 100% Poli\u00e9ster, 1,50 mt de largura.","_seopress_robots_index":""},"product_brand":[],"product_cat":[1665],"product_tag":[707,307,1810,1885,563,884,321,3218,3217,2418,2001,3184,2837,2835,1890],"class_list":{"0":"post-35005","1":"product","2":"type-product","3":"status-publish","4":"has-post-thumbnail","6":"product_cat-atoalhados","7":"product_tag-100-poliester","8":"product_tag-amarelo","9":"product_tag-anti-nodoa","10":"product_tag-atoalhado","11":"product_tag-azul-escuro","12":"product_tag-azulao","13":"product_tag-branco","14":"product_tag-bule","15":"product_tag-chavenas","16":"product_tag-colher","17":"product_tag-fundo-bege","18":"product_tag-rancho","19":"product_tag-santos-populares","20":"product_tag-secagem-rapida","21":"product_tag-tipico-portugues","23":"first","24":"instock","25":"taxable","26":"shipping-taxable","27":"purchasable","28":"product-type-simple"},"_links":{"self":[{"href":"https:\/\/dev.eunitecidos.pt\/fr\/wp-json\/wp\/v2\/product\/35005","targetHints":{"allow":["GET"]}}],"collection":[{"href":"https:\/\/dev.eunitecidos.pt\/fr\/wp-json\/wp\/v2\/product"}],"about":[{"href":"https:\/\/dev.eunitecidos.pt\/fr\/wp-json\/wp\/v2\/types\/product"}],"replies":[{"embeddable":true,"href":"https:\/\/dev.eunitecidos.pt\/fr\/wp-json\/wp\/v2\/comments?post=35005"}],"wp:featuredmedia":[{"embeddable":true,"href":"https:\/\/dev.eunitecidos.pt\/fr\/wp-json\/wp\/v2\/media\/34985"}],"wp:attachment":[{"href":"https:\/\/dev.eunitecidos.pt\/fr\/wp-json\/wp\/v2\/media?parent=35005"}],"wp:term":[{"taxonomy":"product_brand","embeddable":true,"href":"https:\/\/dev.eunitecidos.pt\/fr\/wp-json\/wp\/v2\/product_brand?post=35005"},{"taxonomy":"product_cat","embeddable":true,"href":"https:\/\/dev.eunitecidos.pt\/fr\/wp-json\/wp\/v2\/product_cat?post=35005"},{"taxonomy":"product_tag","embeddable":true,"href":"https:\/\/dev.eunitecidos.pt\/fr\/wp-json\/wp\/v2\/product_tag?post=35005"}],"curies":[{"name":"wp","href":"https:\/\/api.w.org\/{rel}","templated":true}]}}