
{"id":3635,"date":"2021-07-07T00:57:47","date_gmt":"2021-07-07T00:57:47","guid":{"rendered":"https:\/\/dev.eunitecidos.pt\/?post_type=product&#038;p=3635"},"modified":"2026-01-12T15:10:36","modified_gmt":"2026-01-12T15:10:36","slug":"fecho-zipper-malha-3-azul-626","status":"publish","type":"product","link":"https:\/\/dev.eunitecidos.pt\/fr\/loja\/cores\/fecho-zipper-malha-3-azul-626\/","title":{"rendered":"Fermeture \u00e0 glissi\u00e8re | Maille 3 | Bleu 626"},"content":{"rendered":"<p>Fermeture \u00e0 glissi\u00e8re | Maille 3<\/p>\n<p>Je ferme le m\u00e9tro<\/p>\n<p>Fermeture \u00e0 glissi\u00e8re au m\u00e8tre avec curseur s\u00e9par\u00e9.<\/p>\n<p>&nbsp;<\/p>","protected":false},"excerpt":{"rendered":"<p>Fermeture \u00e0 glissi\u00e8re | Maille 3<\/p>\n<p>Je ferme le m\u00e9tro<\/p>\n<p>Fermeture \u00e0 glissi\u00e8re au m\u00e8tre avec curseur s\u00e9par\u00e9.<\/p>","protected":false},"featured_media":33365,"comment_status":"open","ping_status":"closed","template":"","meta":{"_seopress_robots_primary_cat":"122","_seopress_titles_title":"Fecho Zipper Malha 3 Fecho a Metro","_seopress_titles_desc":"Descubra o fecho a metro com cursor separado de malha 3 de excelente qualidade para os seus projetos de costura. Encomende j\u00e1!","_seopress_robots_index":""},"product_brand":[],"product_cat":[124,122,276,277],"product_tag":[298,1179,1180,612,874,889],"class_list":{"0":"post-3635","1":"product","2":"type-product","3":"status-publish","4":"has-post-thumbnail","6":"product_cat-azul","7":"product_cat-cores","8":"product_cat-fecho-zipper-metro","9":"product_cat-malha-3","10":"product_tag-azul","11":"product_tag-fecho-a-metro","12":"product_tag-fechos","13":"product_tag-retrosaria","14":"product_tag-zipper","15":"product_tag-zipper-a-metro","17":"first","18":"instock","19":"taxable","20":"shipping-taxable","21":"purchasable","22":"product-type-simple"},"_links":{"self":[{"href":"https:\/\/dev.eunitecidos.pt\/fr\/wp-json\/wp\/v2\/product\/3635","targetHints":{"allow":["GET"]}}],"collection":[{"href":"https:\/\/dev.eunitecidos.pt\/fr\/wp-json\/wp\/v2\/product"}],"about":[{"href":"https:\/\/dev.eunitecidos.pt\/fr\/wp-json\/wp\/v2\/types\/product"}],"replies":[{"embeddable":true,"href":"https:\/\/dev.eunitecidos.pt\/fr\/wp-json\/wp\/v2\/comments?post=3635"}],"wp:featuredmedia":[{"embeddable":true,"href":"https:\/\/dev.eunitecidos.pt\/fr\/wp-json\/wp\/v2\/media\/33365"}],"wp:attachment":[{"href":"https:\/\/dev.eunitecidos.pt\/fr\/wp-json\/wp\/v2\/media?parent=3635"}],"wp:term":[{"taxonomy":"product_brand","embeddable":true,"href":"https:\/\/dev.eunitecidos.pt\/fr\/wp-json\/wp\/v2\/product_brand?post=3635"},{"taxonomy":"product_cat","embeddable":true,"href":"https:\/\/dev.eunitecidos.pt\/fr\/wp-json\/wp\/v2\/product_cat?post=3635"},{"taxonomy":"product_tag","embeddable":true,"href":"https:\/\/dev.eunitecidos.pt\/fr\/wp-json\/wp\/v2\/product_tag?post=3635"}],"curies":[{"name":"wp","href":"https:\/\/api.w.org\/{rel}","templated":true}]}}