
{"id":3888,"date":"2021-07-11T17:30:33","date_gmt":"2021-07-11T17:30:33","guid":{"rendered":"https:\/\/dev.eunitecidos.pt\/?post_type=product&#038;p=3888"},"modified":"2024-03-23T21:37:57","modified_gmt":"2024-03-23T21:37:57","slug":"tecidos-100-algodao-disney-super-herois-4","status":"publish","type":"product","link":"https:\/\/dev.eunitecidos.pt\/fr\/loja\/cores\/tecidos-100-algodao-disney-super-herois-4\/","title":{"rendered":"Tissus 100% Coton Disney | Super Heroes"},"content":{"rendered":"<p>Tissus 100% Coton Disney | Super Heroes<\/p>\n<p>Tissus sous licence<\/p>\n<p>100% Coton<\/p>\n<p>Certificat Oeko - Tex<\/p>","protected":false},"excerpt":{"rendered":"<p>Tissus 100% Coton Disney | Minie<\/p>\n<p>Tissus sous licence<\/p>\n<p>100% Coton certifi\u00e9 Oeko - Tex<\/p>","protected":false},"featured_media":33436,"comment_status":"open","ping_status":"closed","template":"","meta":{"_seopress_robots_primary_cat":"122","_seopress_titles_title":"Tecidos 100% Algod\u00e3o Disney | Super Her\u00f3is Tecidos Licenciados","_seopress_titles_desc":"Descubra tecidos certificados Oeko-Tex com estampas de super-her\u00f3is da Disney em 100% algod\u00e3o. Ideal para os f\u00e3s mais exigentes!","_seopress_robots_index":""},"product_brand":[],"product_cat":[123,124,131,122,195,381,127,135,69,125,126],"product_tag":[315,307,298,321,300,449,451,303,491,495,448,756,453],"class_list":{"0":"post-3888","1":"product","2":"type-product","3":"status-publish","4":"has-post-thumbnail","6":"product_cat-amarelo","7":"product_cat-azul","8":"product_cat-branco","9":"product_cat-cores","10":"product_cat-disney-licencas","11":"product_cat-infantis-tecido-100-algodao","12":"product_cat-preto","13":"product_cat-tecido-100-algodao","14":"product_cat-texteis","15":"product_cat-verde","16":"product_cat-vermelho","17":"product_tag-100-algodao","18":"product_tag-amarelo","19":"product_tag-azul","20":"product_tag-branco","21":"product_tag-crianca","22":"product_tag-disney","23":"product_tag-licencas","24":"product_tag-menino","25":"product_tag-preto","26":"product_tag-super-herois","27":"product_tag-tecidos","28":"product_tag-tecidos-disney","29":"product_tag-vermelho","31":"first","32":"instock","33":"taxable","34":"shipping-taxable","35":"purchasable","36":"product-type-simple"},"_links":{"self":[{"href":"https:\/\/dev.eunitecidos.pt\/fr\/wp-json\/wp\/v2\/product\/3888","targetHints":{"allow":["GET"]}}],"collection":[{"href":"https:\/\/dev.eunitecidos.pt\/fr\/wp-json\/wp\/v2\/product"}],"about":[{"href":"https:\/\/dev.eunitecidos.pt\/fr\/wp-json\/wp\/v2\/types\/product"}],"replies":[{"embeddable":true,"href":"https:\/\/dev.eunitecidos.pt\/fr\/wp-json\/wp\/v2\/comments?post=3888"}],"wp:featuredmedia":[{"embeddable":true,"href":"https:\/\/dev.eunitecidos.pt\/fr\/wp-json\/wp\/v2\/media\/33436"}],"wp:attachment":[{"href":"https:\/\/dev.eunitecidos.pt\/fr\/wp-json\/wp\/v2\/media?parent=3888"}],"wp:term":[{"taxonomy":"product_brand","embeddable":true,"href":"https:\/\/dev.eunitecidos.pt\/fr\/wp-json\/wp\/v2\/product_brand?post=3888"},{"taxonomy":"product_cat","embeddable":true,"href":"https:\/\/dev.eunitecidos.pt\/fr\/wp-json\/wp\/v2\/product_cat?post=3888"},{"taxonomy":"product_tag","embeddable":true,"href":"https:\/\/dev.eunitecidos.pt\/fr\/wp-json\/wp\/v2\/product_tag?post=3888"}],"curies":[{"name":"wp","href":"https:\/\/api.w.org\/{rel}","templated":true}]}}