
{"id":3948,"date":"2021-07-14T17:08:25","date_gmt":"2021-07-14T17:08:25","guid":{"rendered":"https:\/\/dev.eunitecidos.pt\/?post_type=product&#038;p=3948"},"modified":"2026-01-12T22:37:34","modified_gmt":"2026-01-12T22:37:34","slug":"fecho-zipper-malha-3-camel-678","status":"publish","type":"product","link":"https:\/\/dev.eunitecidos.pt\/fr\/loja\/cores\/fecho-zipper-malha-3-camel-678\/","title":{"rendered":"Fermeture \u00e0 glissi\u00e8re | Maille 3 | Camel 678"},"content":{"rendered":"<p>Fermeture \u00e0 glissi\u00e8re | Maille 3<\/p>\n<p>Je ferme le m\u00e9tro<\/p>\n<p>Fermeture \u00e0 glissi\u00e8re au m\u00e8tre avec curseur s\u00e9par\u00e9.<\/p>\n<p>Fermez votre projet avec qualit\u00e9 et praticit\u00e9 gr\u00e2ce \u00e0 la fermeture \u00e0 glissi\u00e8re en filet de 3 m\u00e8tres avec curseur s\u00e9par\u00e9. Commandez d\u00e8s maintenant !<\/p>\n<p>&nbsp;<\/p>","protected":false},"excerpt":{"rendered":"<p>Fermeture \u00e0 glissi\u00e8re | Maille 3<\/p>\n<p>Je ferme le m\u00e9tro<\/p>\n<p>Fermeture \u00e0 glissi\u00e8re au m\u00e8tre avec curseur s\u00e9par\u00e9.<\/p>","protected":false},"featured_media":3929,"comment_status":"open","ping_status":"closed","template":"","meta":{"_seopress_robots_primary_cat":"122","_seopress_titles_title":"Fecho Zipper | Malha 3 Fecho a Metro","_seopress_titles_desc":"Feche o seu projeto com qualidade e praticidade com o fecho zipper malha 3 a metro com cursor separado. Encomende j\u00e1!","_seopress_robots_index":""},"product_brand":[],"product_cat":[325,122,276,277],"product_tag":[602,1179,1180,612,102,874,889],"class_list":{"0":"post-3948","1":"product","2":"type-product","3":"status-publish","4":"has-post-thumbnail","6":"product_cat-bege","7":"product_cat-cores","8":"product_cat-fecho-zipper-metro","9":"product_cat-malha-3","10":"product_tag-camel","11":"product_tag-fecho-a-metro","12":"product_tag-fechos","13":"product_tag-retrosaria","14":"product_tag-verde","15":"product_tag-zipper","16":"product_tag-zipper-a-metro","18":"first","19":"instock","20":"taxable","21":"shipping-taxable","22":"purchasable","23":"product-type-simple"},"_links":{"self":[{"href":"https:\/\/dev.eunitecidos.pt\/fr\/wp-json\/wp\/v2\/product\/3948","targetHints":{"allow":["GET"]}}],"collection":[{"href":"https:\/\/dev.eunitecidos.pt\/fr\/wp-json\/wp\/v2\/product"}],"about":[{"href":"https:\/\/dev.eunitecidos.pt\/fr\/wp-json\/wp\/v2\/types\/product"}],"replies":[{"embeddable":true,"href":"https:\/\/dev.eunitecidos.pt\/fr\/wp-json\/wp\/v2\/comments?post=3948"}],"wp:featuredmedia":[{"embeddable":true,"href":"https:\/\/dev.eunitecidos.pt\/fr\/wp-json\/wp\/v2\/media\/3929"}],"wp:attachment":[{"href":"https:\/\/dev.eunitecidos.pt\/fr\/wp-json\/wp\/v2\/media?parent=3948"}],"wp:term":[{"taxonomy":"product_brand","embeddable":true,"href":"https:\/\/dev.eunitecidos.pt\/fr\/wp-json\/wp\/v2\/product_brand?post=3948"},{"taxonomy":"product_cat","embeddable":true,"href":"https:\/\/dev.eunitecidos.pt\/fr\/wp-json\/wp\/v2\/product_cat?post=3948"},{"taxonomy":"product_tag","embeddable":true,"href":"https:\/\/dev.eunitecidos.pt\/fr\/wp-json\/wp\/v2\/product_tag?post=3948"}],"curies":[{"name":"wp","href":"https:\/\/api.w.org\/{rel}","templated":true}]}}