
{"id":3975,"date":"2021-07-15T13:32:10","date_gmt":"2021-07-15T13:32:10","guid":{"rendered":"https:\/\/dev.eunitecidos.pt\/?post_type=product&#038;p=3975"},"modified":"2026-01-06T11:47:47","modified_gmt":"2026-01-06T11:47:47","slug":"cursor-zipper-malha-3-menta-653","status":"publish","type":"product","link":"https:\/\/dev.eunitecidos.pt\/fr\/loja\/cores\/cursor-zipper-malha-3-menta-653\/","title":{"rendered":"Cursor | Malha 3 | Menta 653"},"content":{"rendered":"<p>Curseur Zipper | Mesh 3<\/p>\n<p>Je ferme le m\u00e9tro<\/p>\n<p>Fermeture \u00e0 glissi\u00e8re au m\u00e8tre avec curseur s\u00e9par\u00e9.<\/p>\n<p>&nbsp;<\/p>","protected":false},"excerpt":{"rendered":"<p>Fermeture \u00e0 glissi\u00e8re | Maille 3<\/p>\n<p>Je ferme le m\u00e9tro<\/p>\n<p>Fermeture \u00e0 glissi\u00e8re au m\u00e8tre avec curseur s\u00e9par\u00e9.<\/p>","protected":false},"featured_media":3938,"comment_status":"open","ping_status":"closed","template":"","meta":{"_seopress_robots_primary_cat":"122","_seopress_titles_title":"Cursor Zipper | Malha 3 Fecho a Metro","_seopress_titles_desc":"Encontre malhas de 3 fechos a metro com cursor separado de alta qualidade. Ideal para costura e DIY. Aproveite j\u00e1!","_seopress_robots_index":""},"product_brand":[],"product_cat":[122,279,280,125],"product_tag":[319,885,1232,879,886,1179,1180,612,935,874,889],"class_list":{"0":"post-3975","1":"product","2":"type-product","3":"status-publish","4":"has-post-thumbnail","6":"product_cat-cores","7":"product_cat-cursores","8":"product_cat-malha-3-cursores","9":"product_cat-verde","10":"product_tag-bege","11":"product_tag-cru","12":"product_tag-cursor","13":"product_tag-cursores","14":"product_tag-cursores-zipper","15":"product_tag-fecho-a-metro","16":"product_tag-fechos","17":"product_tag-retrosaria","18":"product_tag-verde-menta","19":"product_tag-zipper","20":"product_tag-zipper-a-metro","22":"first","23":"instock","24":"taxable","25":"shipping-taxable","26":"purchasable","27":"product-type-simple"},"_links":{"self":[{"href":"https:\/\/dev.eunitecidos.pt\/fr\/wp-json\/wp\/v2\/product\/3975","targetHints":{"allow":["GET"]}}],"collection":[{"href":"https:\/\/dev.eunitecidos.pt\/fr\/wp-json\/wp\/v2\/product"}],"about":[{"href":"https:\/\/dev.eunitecidos.pt\/fr\/wp-json\/wp\/v2\/types\/product"}],"replies":[{"embeddable":true,"href":"https:\/\/dev.eunitecidos.pt\/fr\/wp-json\/wp\/v2\/comments?post=3975"}],"wp:featuredmedia":[{"embeddable":true,"href":"https:\/\/dev.eunitecidos.pt\/fr\/wp-json\/wp\/v2\/media\/3938"}],"wp:attachment":[{"href":"https:\/\/dev.eunitecidos.pt\/fr\/wp-json\/wp\/v2\/media?parent=3975"}],"wp:term":[{"taxonomy":"product_brand","embeddable":true,"href":"https:\/\/dev.eunitecidos.pt\/fr\/wp-json\/wp\/v2\/product_brand?post=3975"},{"taxonomy":"product_cat","embeddable":true,"href":"https:\/\/dev.eunitecidos.pt\/fr\/wp-json\/wp\/v2\/product_cat?post=3975"},{"taxonomy":"product_tag","embeddable":true,"href":"https:\/\/dev.eunitecidos.pt\/fr\/wp-json\/wp\/v2\/product_tag?post=3975"}],"curies":[{"name":"wp","href":"https:\/\/api.w.org\/{rel}","templated":true}]}}