
{"id":4022,"date":"2021-07-15T17:03:48","date_gmt":"2021-07-15T17:03:48","guid":{"rendered":"https:\/\/dev.eunitecidos.pt\/?post_type=product&#038;p=4022"},"modified":"2026-01-12T22:38:44","modified_gmt":"2026-01-12T22:38:44","slug":"fecho-zipper-malha-3-rosa-fuscia-545","status":"publish","type":"product","link":"https:\/\/dev.eunitecidos.pt\/fr\/loja\/cores\/fecho-zipper-malha-3-rosa-fuscia-545\/","title":{"rendered":"Fermeture \u00e0 glissi\u00e8re | Maille 3 | Fuscia Rose 545"},"content":{"rendered":"<p>Fermeture \u00e0 glissi\u00e8re | Maille 3<\/p>\n<p>Je ferme le m\u00e9tro<\/p>\n<p>Fermeture \u00e0 glissi\u00e8re au m\u00e8tre avec curseur s\u00e9par\u00e9.<\/p>\n<p>&nbsp;<\/p>","protected":false},"excerpt":{"rendered":"<p>Fermeture \u00e0 glissi\u00e8re | Maille 3<\/p>\n<p>Je ferme le m\u00e9tro<\/p>\n<p>Fermeture \u00e0 glissi\u00e8re au m\u00e8tre avec curseur s\u00e9par\u00e9.<\/p>","protected":false},"featured_media":3998,"comment_status":"open","ping_status":"closed","template":"","meta":{"_seopress_robots_primary_cat":"122","_seopress_titles_title":"Fecho Zipper para Costura em Malha","_seopress_titles_desc":"Encontre fechos a metro com cursor separado de alta qualidade para os seus projetos de costura. Compre agora e d\u00ea um toque especial \u00e0s suas pe\u00e7as!","_seopress_robots_index":""},"product_brand":[],"product_cat":[122,276,277,132],"product_tag":[1179,1180,612,723,874,889],"class_list":{"0":"post-4022","1":"product","2":"type-product","3":"status-publish","4":"has-post-thumbnail","6":"product_cat-cores","7":"product_cat-fecho-zipper-metro","8":"product_cat-malha-3","9":"product_cat-rosa","10":"product_tag-fecho-a-metro","11":"product_tag-fechos","12":"product_tag-retrosaria","13":"product_tag-rosa-fuscia","14":"product_tag-zipper","15":"product_tag-zipper-a-metro","17":"first","18":"instock","19":"taxable","20":"shipping-taxable","21":"purchasable","22":"product-type-simple"},"_links":{"self":[{"href":"https:\/\/dev.eunitecidos.pt\/fr\/wp-json\/wp\/v2\/product\/4022","targetHints":{"allow":["GET"]}}],"collection":[{"href":"https:\/\/dev.eunitecidos.pt\/fr\/wp-json\/wp\/v2\/product"}],"about":[{"href":"https:\/\/dev.eunitecidos.pt\/fr\/wp-json\/wp\/v2\/types\/product"}],"replies":[{"embeddable":true,"href":"https:\/\/dev.eunitecidos.pt\/fr\/wp-json\/wp\/v2\/comments?post=4022"}],"wp:featuredmedia":[{"embeddable":true,"href":"https:\/\/dev.eunitecidos.pt\/fr\/wp-json\/wp\/v2\/media\/3998"}],"wp:attachment":[{"href":"https:\/\/dev.eunitecidos.pt\/fr\/wp-json\/wp\/v2\/media?parent=4022"}],"wp:term":[{"taxonomy":"product_brand","embeddable":true,"href":"https:\/\/dev.eunitecidos.pt\/fr\/wp-json\/wp\/v2\/product_brand?post=4022"},{"taxonomy":"product_cat","embeddable":true,"href":"https:\/\/dev.eunitecidos.pt\/fr\/wp-json\/wp\/v2\/product_cat?post=4022"},{"taxonomy":"product_tag","embeddable":true,"href":"https:\/\/dev.eunitecidos.pt\/fr\/wp-json\/wp\/v2\/product_tag?post=4022"}],"curies":[{"name":"wp","href":"https:\/\/api.w.org\/{rel}","templated":true}]}}