
{"id":4042,"date":"2021-07-16T21:46:03","date_gmt":"2021-07-16T21:46:03","guid":{"rendered":"https:\/\/dev.eunitecidos.pt\/?post_type=product&#038;p=4042"},"modified":"2026-01-11T07:18:48","modified_gmt":"2026-01-11T07:18:48","slug":"cursor-zipper-malha-3-roxo-592","status":"publish","type":"product","link":"https:\/\/dev.eunitecidos.pt\/fr\/loja\/cores\/cursor-zipper-malha-3-roxo-592\/","title":{"rendered":"Cursor  | Malha 3 | Roxo 592"},"content":{"rendered":"<p>Curseur Zipper | Mesh 3<\/p>\n<p>Je ferme le m\u00e9tro<\/p>\n<p>Fermeture \u00e0 glissi\u00e8re au m\u00e8tre avec curseur s\u00e9par\u00e9.<\/p>\n<p>&nbsp;<\/p>","protected":false},"excerpt":{"rendered":"<p>Fermeture \u00e0 glissi\u00e8re | Maille 3<\/p>\n<p>Je ferme le m\u00e9tro<\/p>\n<p>Fermeture \u00e0 glissi\u00e8re au m\u00e8tre avec curseur s\u00e9par\u00e9.<\/p>","protected":false},"featured_media":4009,"comment_status":"open","ping_status":"closed","template":"","meta":{"_seopress_robots_primary_cat":"122","_seopress_titles_title":"Compra Malha 3 Fecho a Metro com Cursor Separado","_seopress_titles_desc":"Adquira j\u00e1 o fecho a metro com cursor separado para costura de alta qualidade e durabilidade. Entregas r\u00e1pidas e seguras.","_seopress_robots_index":""},"product_brand":[],"product_cat":[122,279,280,133],"product_tag":[351,1232,879,886,1179,1180,612,427,874,889],"class_list":{"0":"post-4042","1":"product","2":"type-product","3":"status-publish","4":"has-post-thumbnail","6":"product_cat-cores","7":"product_cat-cursores","8":"product_cat-malha-3-cursores","9":"product_cat-roxo","10":"product_tag-cinza","11":"product_tag-cursor","12":"product_tag-cursores","13":"product_tag-cursores-zipper","14":"product_tag-fecho-a-metro","15":"product_tag-fechos","16":"product_tag-retrosaria","17":"product_tag-roxo","18":"product_tag-zipper","19":"product_tag-zipper-a-metro","21":"first","22":"instock","23":"taxable","24":"shipping-taxable","25":"purchasable","26":"product-type-simple"},"_links":{"self":[{"href":"https:\/\/dev.eunitecidos.pt\/fr\/wp-json\/wp\/v2\/product\/4042","targetHints":{"allow":["GET"]}}],"collection":[{"href":"https:\/\/dev.eunitecidos.pt\/fr\/wp-json\/wp\/v2\/product"}],"about":[{"href":"https:\/\/dev.eunitecidos.pt\/fr\/wp-json\/wp\/v2\/types\/product"}],"replies":[{"embeddable":true,"href":"https:\/\/dev.eunitecidos.pt\/fr\/wp-json\/wp\/v2\/comments?post=4042"}],"wp:featuredmedia":[{"embeddable":true,"href":"https:\/\/dev.eunitecidos.pt\/fr\/wp-json\/wp\/v2\/media\/4009"}],"wp:attachment":[{"href":"https:\/\/dev.eunitecidos.pt\/fr\/wp-json\/wp\/v2\/media?parent=4042"}],"wp:term":[{"taxonomy":"product_brand","embeddable":true,"href":"https:\/\/dev.eunitecidos.pt\/fr\/wp-json\/wp\/v2\/product_brand?post=4042"},{"taxonomy":"product_cat","embeddable":true,"href":"https:\/\/dev.eunitecidos.pt\/fr\/wp-json\/wp\/v2\/product_cat?post=4042"},{"taxonomy":"product_tag","embeddable":true,"href":"https:\/\/dev.eunitecidos.pt\/fr\/wp-json\/wp\/v2\/product_tag?post=4042"}],"curies":[{"name":"wp","href":"https:\/\/api.w.org\/{rel}","templated":true}]}}