
{"id":5236,"date":"2021-07-31T22:54:41","date_gmt":"2021-07-31T22:54:41","guid":{"rendered":"https:\/\/dev.eunitecidos.pt\/?post_type=product&#038;p=5236"},"modified":"2026-01-19T14:17:45","modified_gmt":"2026-01-19T14:17:45","slug":"alicate-molas-kam-ideas","status":"publish","type":"product","link":"https:\/\/dev.eunitecidos.pt\/fr\/loja\/instrumentos\/alicate-molas-kam-ideas\/","title":{"rendered":"Pince | Ressorts | Kam | Id\u00e9es"},"content":{"rendered":"<p>Pince | Ressorts | Kam | Id\u00e9es<\/p>\n<p>Pince pour appliquer les ressorts Kam.<\/p>\n<p>Le pack comprend une pince, un poin\u00e7on, un tournevis et 4 matrices.<\/p>\n<p>Les ressorts Kam sont disponibles en diff\u00e9rentes couleurs.<\/p>","protected":false},"excerpt":{"rendered":"<p>Pince | Ressorts | Kam | Id\u00e9es Pince pour appliquer les ressorts Kam. Le pack comprend une pince, un poin\u00e7on, un tournevis et 4 matrices. Les ressorts Kam sont disponibles en diff\u00e9rentes couleurs.<\/p>","protected":false},"featured_media":5207,"comment_status":"open","ping_status":"closed","template":"","meta":{"_seopress_robots_primary_cat":"73","_seopress_titles_title":"Alicate para aplica\u00e7\u00e3o das molas Kam","_seopress_titles_desc":"Adquira j\u00e1 o conjunto de alicate e molas Kam com v\u00e1rias cores dispon\u00edveis. Inclui alicate, furador, chave de fendas e matrizes para facilitar suas tarefas.","_seopress_robots_index":""},"product_brand":[],"product_cat":[73],"product_tag":[1421,1412,1420],"class_list":{"0":"post-5236","1":"product","2":"type-product","3":"status-publish","4":"has-post-thumbnail","6":"product_cat-instrumentos","7":"product_tag-alicate","8":"product_tag-ideas","9":"product_tag-molas-kam","11":"first","12":"outofstock","13":"taxable","14":"shipping-taxable","15":"purchasable","16":"product-type-simple"},"_links":{"self":[{"href":"https:\/\/dev.eunitecidos.pt\/fr\/wp-json\/wp\/v2\/product\/5236","targetHints":{"allow":["GET"]}}],"collection":[{"href":"https:\/\/dev.eunitecidos.pt\/fr\/wp-json\/wp\/v2\/product"}],"about":[{"href":"https:\/\/dev.eunitecidos.pt\/fr\/wp-json\/wp\/v2\/types\/product"}],"replies":[{"embeddable":true,"href":"https:\/\/dev.eunitecidos.pt\/fr\/wp-json\/wp\/v2\/comments?post=5236"}],"wp:featuredmedia":[{"embeddable":true,"href":"https:\/\/dev.eunitecidos.pt\/fr\/wp-json\/wp\/v2\/media\/5207"}],"wp:attachment":[{"href":"https:\/\/dev.eunitecidos.pt\/fr\/wp-json\/wp\/v2\/media?parent=5236"}],"wp:term":[{"taxonomy":"product_brand","embeddable":true,"href":"https:\/\/dev.eunitecidos.pt\/fr\/wp-json\/wp\/v2\/product_brand?post=5236"},{"taxonomy":"product_cat","embeddable":true,"href":"https:\/\/dev.eunitecidos.pt\/fr\/wp-json\/wp\/v2\/product_cat?post=5236"},{"taxonomy":"product_tag","embeddable":true,"href":"https:\/\/dev.eunitecidos.pt\/fr\/wp-json\/wp\/v2\/product_tag?post=5236"}],"curies":[{"name":"wp","href":"https:\/\/api.w.org\/{rel}","templated":true}]}}