
{"id":5864,"date":"2021-08-11T09:58:18","date_gmt":"2021-08-11T09:58:18","guid":{"rendered":"https:\/\/dev.eunitecidos.pt\/?post_type=product&#038;p=5864"},"modified":"2025-01-21T21:30:35","modified_gmt":"2025-01-21T21:30:35","slug":"tecidos-100-algodao-caveiras-mexicano-4","status":"publish","type":"product","link":"https:\/\/dev.eunitecidos.pt\/fr\/loja\/cores\/tecidos-100-algodao-caveiras-mexicano-4\/","title":{"rendered":"Tissus 100% Coton | Cr\u00e2nes | Mexicain"},"content":{"rendered":"<p>Tissus 100% Coton | Cr\u00e2nes | Mexicain<\/p>\n<p>1,50 Largeur<\/p>\n<div class=\"wp-menu-arrow\">\n<div><\/div>\n<\/div>\n<div class=\"wp-menu-image dashicons-before\" aria-hidden=\"true\"><\/div>\n<div class=\"wp-menu-name\"><\/div>\n<p>&nbsp;<\/p>","protected":false},"excerpt":{"rendered":"<p>Tissu 100% Coton | Cr\u00e2nes | Mexicain 1.50 Wide &nbsp;<\/p>","protected":false},"featured_media":5851,"comment_status":"open","ping_status":"closed","template":"","meta":{"_seopress_robots_primary_cat":"122","_seopress_titles_title":"Tecidos 100% Algod\u00e3o Caveiras Mexicano 1.50 Largura","_seopress_titles_desc":"Descubra os melhores tecidos 100% algod\u00e3o com caveiras mexicanas estampadas e 1.50 de largura para os seus projetos de costura. Confira j\u00e1!","_seopress_robots_index":""},"product_brand":[],"product_cat":[123,124,325,775,131,130,201,128,122,129,127,135,69,125,126],"product_tag":[315,298,1281,884,319,1318,424,1497,118,320,102],"class_list":{"0":"post-5864","1":"product","2":"type-product","3":"status-publish","4":"has-post-thumbnail","6":"product_cat-amarelo","7":"product_cat-azul","8":"product_cat-bege","9":"product_cat-bordo","10":"product_cat-branco","11":"product_cat-castanho","12":"product_cat-caveiras","13":"product_cat-cinzento","14":"product_cat-cores","15":"product_cat-laranja","16":"product_cat-preto","17":"product_cat-tecido-100-algodao","18":"product_cat-texteis","19":"product_cat-verde","20":"product_cat-vermelho","21":"product_tag-100-algodao","22":"product_tag-azul","23":"product_tag-azul-acizentado","24":"product_tag-azulao","25":"product_tag-bege","26":"product_tag-caveiras","27":"product_tag-laranja","28":"product_tag-mexicano","29":"product_tag-promocao","30":"product_tag-rosa","31":"product_tag-verde","33":"first","34":"instock","35":"sale","36":"taxable","37":"shipping-taxable","38":"purchasable","39":"product-type-simple"},"_links":{"self":[{"href":"https:\/\/dev.eunitecidos.pt\/fr\/wp-json\/wp\/v2\/product\/5864","targetHints":{"allow":["GET"]}}],"collection":[{"href":"https:\/\/dev.eunitecidos.pt\/fr\/wp-json\/wp\/v2\/product"}],"about":[{"href":"https:\/\/dev.eunitecidos.pt\/fr\/wp-json\/wp\/v2\/types\/product"}],"replies":[{"embeddable":true,"href":"https:\/\/dev.eunitecidos.pt\/fr\/wp-json\/wp\/v2\/comments?post=5864"}],"wp:featuredmedia":[{"embeddable":true,"href":"https:\/\/dev.eunitecidos.pt\/fr\/wp-json\/wp\/v2\/media\/5851"}],"wp:attachment":[{"href":"https:\/\/dev.eunitecidos.pt\/fr\/wp-json\/wp\/v2\/media?parent=5864"}],"wp:term":[{"taxonomy":"product_brand","embeddable":true,"href":"https:\/\/dev.eunitecidos.pt\/fr\/wp-json\/wp\/v2\/product_brand?post=5864"},{"taxonomy":"product_cat","embeddable":true,"href":"https:\/\/dev.eunitecidos.pt\/fr\/wp-json\/wp\/v2\/product_cat?post=5864"},{"taxonomy":"product_tag","embeddable":true,"href":"https:\/\/dev.eunitecidos.pt\/fr\/wp-json\/wp\/v2\/product_tag?post=5864"}],"curies":[{"name":"wp","href":"https:\/\/api.w.org\/{rel}","templated":true}]}}