
{"id":6293,"date":"2021-09-06T17:25:47","date_gmt":"2021-09-06T17:25:47","guid":{"rendered":"https:\/\/dev.eunitecidos.pt\/?post_type=product&#038;p=6293"},"modified":"2026-01-31T16:37:03","modified_gmt":"2026-01-31T16:37:03","slug":"tecidos-lisos-100-algodao-varias-cores","status":"publish","type":"product","link":"https:\/\/dev.eunitecidos.pt\/fr\/loja\/cores\/tecidos-lisos-100-algodao-varias-cores\/","title":{"rendered":"Tissus | Unis | 100% Coton | Diverses couleurs"},"content":{"rendered":"<p>Tissus | Unis | 100% Coton | Diverses couleurs<\/p>\n<p>100% Coton<\/p>\n<p>1,50 Largeur<\/p>\n<p>Certifi\u00e9 Oeko-Tex<\/p>","protected":false},"excerpt":{"rendered":"<p>Tissus | Unis | 100% Cotton | Diverses couleurs 100% Cotton 1.50 Wide Oeko-Tex Certified<\/p>","protected":false},"featured_media":6307,"comment_status":"closed","ping_status":"closed","template":"","meta":{"_seopress_robots_primary_cat":"122","_seopress_titles_title":"Tecidos Lisos 100% Algod\u00e3o V\u00e1rias Cores","_seopress_titles_desc":"Descubra os nossos tecidos lisos em 100% algod\u00e3o, com 1.50 de largura e certificado Oeko-Tex. Escolha entre v\u00e1rias cores dispon\u00edveis.","_seopress_robots_index":""},"product_brand":[],"product_cat":[123,124,189,131,122,187,127,323,133,135,69,125],"product_tag":[315,404,721,470,91,448,636],"class_list":{"0":"post-6293","1":"product","2":"type-product","3":"status-publish","4":"has-post-thumbnail","6":"product_cat-amarelo","7":"product_cat-azul","8":"product_cat-basicos","9":"product_cat-branco","10":"product_cat-cores","11":"product_cat-lisos","12":"product_cat-preto","13":"product_cat-rosa-velhol","14":"product_cat-roxo","15":"product_cat-tecido-100-algodao","16":"product_cat-texteis","17":"product_cat-verde","18":"product_tag-100-algodao","19":"product_tag-basicos","20":"product_tag-certificado-oeko-tex","21":"product_tag-coordenados","22":"product_tag-lisos","23":"product_tag-tecidos","24":"product_tag-varias-cores","25":"pa_cor-azul-hospital","26":"pa_cor-azul-medio-azul-ganga","27":"pa_cor-branco","28":"pa_cor-lilas","29":"pa_cor-menta","30":"pa_cor-mostarda","31":"pa_cor-preto","32":"pa_cor-rosa-velho","33":"pa_cor-terracota","34":"pa_cor-verde-agua","35":"pa_cor-verde-claro","36":"pa_cor-verde-esmeralda","37":"pa_cor-verde-relva","39":"first","40":"instock","41":"taxable","42":"shipping-taxable","43":"purchasable","44":"product-type-variable"},"_links":{"self":[{"href":"https:\/\/dev.eunitecidos.pt\/fr\/wp-json\/wp\/v2\/product\/6293","targetHints":{"allow":["GET"]}}],"collection":[{"href":"https:\/\/dev.eunitecidos.pt\/fr\/wp-json\/wp\/v2\/product"}],"about":[{"href":"https:\/\/dev.eunitecidos.pt\/fr\/wp-json\/wp\/v2\/types\/product"}],"replies":[{"embeddable":true,"href":"https:\/\/dev.eunitecidos.pt\/fr\/wp-json\/wp\/v2\/comments?post=6293"}],"wp:featuredmedia":[{"embeddable":true,"href":"https:\/\/dev.eunitecidos.pt\/fr\/wp-json\/wp\/v2\/media\/6307"}],"wp:attachment":[{"href":"https:\/\/dev.eunitecidos.pt\/fr\/wp-json\/wp\/v2\/media?parent=6293"}],"wp:term":[{"taxonomy":"product_brand","embeddable":true,"href":"https:\/\/dev.eunitecidos.pt\/fr\/wp-json\/wp\/v2\/product_brand?post=6293"},{"taxonomy":"product_cat","embeddable":true,"href":"https:\/\/dev.eunitecidos.pt\/fr\/wp-json\/wp\/v2\/product_cat?post=6293"},{"taxonomy":"product_tag","embeddable":true,"href":"https:\/\/dev.eunitecidos.pt\/fr\/wp-json\/wp\/v2\/product_tag?post=6293"}],"curies":[{"name":"wp","href":"https:\/\/api.w.org\/{rel}","templated":true}]}}