
{"id":6554,"date":"2021-09-16T16:54:17","date_gmt":"2021-09-16T16:54:17","guid":{"rendered":"https:\/\/dev.eunitecidos.pt\/?post_type=product&#038;p=6554"},"modified":"2021-11-22T12:48:50","modified_gmt":"2021-11-22T12:48:50","slug":"tecidos-100-algodao-bolas","status":"publish","type":"product","link":"https:\/\/dev.eunitecidos.pt\/fr\/loja\/cores\/tecidos-100-algodao-bolas\/","title":{"rendered":"Tissus 100% Coton | Boules"},"content":{"rendered":"<p>Tissus 100% Coton | Boules<\/p>\n<p>100% Coton<\/p>\n<p>1,50 Largeur<\/p>","protected":false},"excerpt":{"rendered":"<p>Tecidos 100% Algod\u00e3o | Bolas 100% Algod\u00e3o 1,50 Largura<\/p>","protected":false},"featured_media":6228,"comment_status":"closed","ping_status":"closed","template":"","meta":{"_seopress_robots_primary_cat":"122","_seopress_titles_title":"Tecidos 100% Algod\u00e3o | Bolas 100% Algod\u00e3o 1,50 Largura","_seopress_titles_desc":"Descubra a vasta sele\u00e7\u00e3o de Tecidos 100% Algod\u00e3o e Bolas 100% Algod\u00e3o com 1,50 metros de largura. Alta qualidade para os seus projetos de costura.","_seopress_robots_index":""},"product_brand":[],"product_cat":[775,122,129,135,199,69,126],"product_tag":[315,93,778,424,1575,1592,1576,453],"class_list":{"0":"post-6554","1":"product","2":"type-product","3":"status-publish","4":"has-post-thumbnail","6":"product_cat-bordo","7":"product_cat-cores","8":"product_cat-laranja","9":"product_cat-tecido-100-algodao","10":"product_cat-tematicos","11":"product_cat-texteis","12":"product_cat-vermelho","13":"product_tag-100-algodao","14":"product_tag-bolas","15":"product_tag-bordo","16":"product_tag-laranja","17":"product_tag-natal","18":"product_tag-presentes","19":"product_tag-tecidos-natal","20":"product_tag-vermelho","22":"first","23":"instock","24":"taxable","25":"shipping-taxable","26":"purchasable","27":"product-type-simple"},"_links":{"self":[{"href":"https:\/\/dev.eunitecidos.pt\/fr\/wp-json\/wp\/v2\/product\/6554","targetHints":{"allow":["GET"]}}],"collection":[{"href":"https:\/\/dev.eunitecidos.pt\/fr\/wp-json\/wp\/v2\/product"}],"about":[{"href":"https:\/\/dev.eunitecidos.pt\/fr\/wp-json\/wp\/v2\/types\/product"}],"replies":[{"embeddable":true,"href":"https:\/\/dev.eunitecidos.pt\/fr\/wp-json\/wp\/v2\/comments?post=6554"}],"wp:featuredmedia":[{"embeddable":true,"href":"https:\/\/dev.eunitecidos.pt\/fr\/wp-json\/wp\/v2\/media\/6228"}],"wp:attachment":[{"href":"https:\/\/dev.eunitecidos.pt\/fr\/wp-json\/wp\/v2\/media?parent=6554"}],"wp:term":[{"taxonomy":"product_brand","embeddable":true,"href":"https:\/\/dev.eunitecidos.pt\/fr\/wp-json\/wp\/v2\/product_brand?post=6554"},{"taxonomy":"product_cat","embeddable":true,"href":"https:\/\/dev.eunitecidos.pt\/fr\/wp-json\/wp\/v2\/product_cat?post=6554"},{"taxonomy":"product_tag","embeddable":true,"href":"https:\/\/dev.eunitecidos.pt\/fr\/wp-json\/wp\/v2\/product_tag?post=6554"}],"curies":[{"name":"wp","href":"https:\/\/api.w.org\/{rel}","templated":true}]}}