
{"id":6587,"date":"2021-09-17T19:12:46","date_gmt":"2021-09-17T19:12:46","guid":{"rendered":"https:\/\/dev.eunitecidos.pt\/?post_type=product&#038;p=6587"},"modified":"2024-09-17T14:19:14","modified_gmt":"2024-09-17T14:19:14","slug":"tecidos-100-algodao-natal-bonecos","status":"publish","type":"product","link":"https:\/\/dev.eunitecidos.pt\/fr\/loja\/cores\/tecidos-100-algodao-natal-bonecos\/","title":{"rendered":"Tissus 100% Coton | No\u00ebl | Poup\u00e9es"},"content":{"rendered":"<p>Tissus 100% Coton | No\u00ebl | Poup\u00e9es<\/p>\n<p>100% Coton<\/p>\n<p>1,50 Largeur<\/p>\n<p>Certifi\u00e9 OEKO-TEX<\/p>\n<p>Certificat DOTS<\/p>\n<p>&nbsp;<\/p>","protected":false},"excerpt":{"rendered":"<p>Tissus 100% Coton | No\u00ebl | Poup\u00e9es 100% Coton 1.50 Largeur certifi\u00e9 OEKO-TEX certifi\u00e9 DOTS &nbsp;<\/p>","protected":false},"featured_media":6211,"comment_status":"closed","ping_status":"closed","template":"","meta":{"_seopress_robots_primary_cat":"122","_seopress_titles_title":"Tecidos 100% Algod\u00e3o para Natal: Bonecos Certificados OEKO-TEX & DOTS","_seopress_titles_desc":"Descubra os nossos tecidos de Natal em 100% algod\u00e3o cole\u00e7\u00e3o de bonecos com certifica\u00e7\u00e3o OEKO-TEX e DOTS. Compre j\u00e1! \u2615","_seopress_robots_index":""},"product_brand":[],"product_cat":[194,131,130,122,2518,135,199,69,125,126],"product_tag":[315,321,516,1590,302,1575,1585,1576,549,102,453],"class_list":{"0":"post-6587","1":"product","2":"type-product","3":"status-publish","4":"has-post-thumbnail","6":"product_cat-algodao-organico","7":"product_cat-branco","8":"product_cat-castanho","9":"product_cat-cores","10":"product_cat-natal","11":"product_cat-tecido-100-algodao","12":"product_cat-tematicos","13":"product_cat-texteis","14":"product_cat-verde","15":"product_cat-vermelho","16":"product_tag-100-algodao","17":"product_tag-branco","18":"product_tag-castanho","19":"product_tag-coroa-natal","20":"product_tag-estrelas","21":"product_tag-natal","22":"product_tag-renas","23":"product_tag-tecidos-natal","24":"product_tag-urso","25":"product_tag-verde","26":"product_tag-vermelho","28":"first","29":"instock","30":"taxable","31":"shipping-taxable","32":"purchasable","33":"product-type-simple"},"_links":{"self":[{"href":"https:\/\/dev.eunitecidos.pt\/fr\/wp-json\/wp\/v2\/product\/6587","targetHints":{"allow":["GET"]}}],"collection":[{"href":"https:\/\/dev.eunitecidos.pt\/fr\/wp-json\/wp\/v2\/product"}],"about":[{"href":"https:\/\/dev.eunitecidos.pt\/fr\/wp-json\/wp\/v2\/types\/product"}],"replies":[{"embeddable":true,"href":"https:\/\/dev.eunitecidos.pt\/fr\/wp-json\/wp\/v2\/comments?post=6587"}],"wp:featuredmedia":[{"embeddable":true,"href":"https:\/\/dev.eunitecidos.pt\/fr\/wp-json\/wp\/v2\/media\/6211"}],"wp:attachment":[{"href":"https:\/\/dev.eunitecidos.pt\/fr\/wp-json\/wp\/v2\/media?parent=6587"}],"wp:term":[{"taxonomy":"product_brand","embeddable":true,"href":"https:\/\/dev.eunitecidos.pt\/fr\/wp-json\/wp\/v2\/product_brand?post=6587"},{"taxonomy":"product_cat","embeddable":true,"href":"https:\/\/dev.eunitecidos.pt\/fr\/wp-json\/wp\/v2\/product_cat?post=6587"},{"taxonomy":"product_tag","embeddable":true,"href":"https:\/\/dev.eunitecidos.pt\/fr\/wp-json\/wp\/v2\/product_tag?post=6587"}],"curies":[{"name":"wp","href":"https:\/\/api.w.org\/{rel}","templated":true}]}}