
{"id":6684,"date":"2021-09-21T20:36:46","date_gmt":"2021-09-21T20:36:46","guid":{"rendered":"https:\/\/dev.eunitecidos.pt\/?post_type=product&#038;p=6684"},"modified":"2021-09-21T20:36:46","modified_gmt":"2021-09-21T20:36:46","slug":"tecidos-100-algodao-caveiras","status":"publish","type":"product","link":"https:\/\/dev.eunitecidos.pt\/fr\/loja\/cores\/tecidos-100-algodao-caveiras\/","title":{"rendered":"Tissus 100% Coton | Cr\u00e2nes"},"content":{"rendered":"<p>Tissus 100% Coton | Cr\u00e2nes<\/p>\n<p>100% Coton<\/p>\n<p>1,50 Largeur<\/p>","protected":false},"excerpt":{"rendered":"<p>Tissus 100% Coton | Cr\u00e2nes 100% Coton 1.50 Wide<\/p>","protected":false},"featured_media":6656,"comment_status":"closed","ping_status":"closed","template":"","meta":{"_seopress_robots_primary_cat":"122","_seopress_titles_title":"Tecidos 100% Algod\u00e3o | Caveiras em 1,50 Largura","_seopress_titles_desc":"Descubra tecidos 100% algod\u00e3o de alta qualidade com estampas de caveiras. Diversidade e estilo em 1,50m de largura. Encomende j\u00e1!","_seopress_robots_index":""},"product_brand":[],"product_cat":[124,325,131,201,122,127,132,135,199,69,125],"product_tag":[315,298,319,1318,86,491,320,448,102],"class_list":{"0":"post-6684","1":"product","2":"type-product","3":"status-publish","4":"has-post-thumbnail","6":"product_cat-azul","7":"product_cat-bege","8":"product_cat-branco","9":"product_cat-caveiras","10":"product_cat-cores","11":"product_cat-preto","12":"product_cat-rosa","13":"product_cat-tecido-100-algodao","14":"product_cat-tematicos","15":"product_cat-texteis","16":"product_cat-verde","17":"product_tag-100-algodao","18":"product_tag-azul","19":"product_tag-bege","20":"product_tag-caveiras","21":"product_tag-flores","22":"product_tag-preto","23":"product_tag-rosa","24":"product_tag-tecidos","25":"product_tag-verde","27":"first","28":"instock","29":"taxable","30":"shipping-taxable","31":"purchasable","32":"product-type-simple"},"_links":{"self":[{"href":"https:\/\/dev.eunitecidos.pt\/fr\/wp-json\/wp\/v2\/product\/6684","targetHints":{"allow":["GET"]}}],"collection":[{"href":"https:\/\/dev.eunitecidos.pt\/fr\/wp-json\/wp\/v2\/product"}],"about":[{"href":"https:\/\/dev.eunitecidos.pt\/fr\/wp-json\/wp\/v2\/types\/product"}],"replies":[{"embeddable":true,"href":"https:\/\/dev.eunitecidos.pt\/fr\/wp-json\/wp\/v2\/comments?post=6684"}],"wp:featuredmedia":[{"embeddable":true,"href":"https:\/\/dev.eunitecidos.pt\/fr\/wp-json\/wp\/v2\/media\/6656"}],"wp:attachment":[{"href":"https:\/\/dev.eunitecidos.pt\/fr\/wp-json\/wp\/v2\/media?parent=6684"}],"wp:term":[{"taxonomy":"product_brand","embeddable":true,"href":"https:\/\/dev.eunitecidos.pt\/fr\/wp-json\/wp\/v2\/product_brand?post=6684"},{"taxonomy":"product_cat","embeddable":true,"href":"https:\/\/dev.eunitecidos.pt\/fr\/wp-json\/wp\/v2\/product_cat?post=6684"},{"taxonomy":"product_tag","embeddable":true,"href":"https:\/\/dev.eunitecidos.pt\/fr\/wp-json\/wp\/v2\/product_tag?post=6684"}],"curies":[{"name":"wp","href":"https:\/\/api.w.org\/{rel}","templated":true}]}}