
{"id":6805,"date":"2021-09-22T19:32:59","date_gmt":"2021-09-22T19:32:59","guid":{"rendered":"https:\/\/dev.eunitecidos.pt\/?post_type=product&#038;p=6805"},"modified":"2022-12-06T23:17:29","modified_gmt":"2022-12-06T23:17:29","slug":"xadrez-escoces-tartan-6","status":"publish","type":"product","link":"https:\/\/dev.eunitecidos.pt\/fr\/loja\/cores\/xadrez-escoces-tartan-6\/","title":{"rendered":"\u00c9checs \u00e9cossais | Tartan"},"content":{"rendered":"<p>\u00c9checs \u00e9cossais | Tartan<\/p>\n<p><span style=\"font-size: 14.4px\">1,50 Largeur<\/span><\/p>\n<p>80% Polyester<\/p>\n<p>18% Rayon<\/p>\n<p>2% Spandex<\/p>","protected":false},"excerpt":{"rendered":"<p>\u00c9cossais | Tartan 1.50 Largeur 80% Polyester 18% Rayon 2% Spandex<\/p>","protected":false},"featured_media":6726,"comment_status":"closed","ping_status":"closed","template":"","meta":{"_seopress_robots_primary_cat":"122","_seopress_titles_title":"Xadrez Escoc\u00eas Tartan 1.50 Largura 80% Poli\u00e9ster 18% Rayon 2% Spandex","_seopress_titles_desc":"Descubra o nosso tecido de Xadrez Escoc\u00eas com 80% Poli\u00e9ster, 18% Rayon e 2% Spandex. Ideal para projetos de costura! Encomende j\u00e1.","_seopress_robots_index":""},"product_brand":[],"product_cat":[325,131,130,122,127,69,1611],"product_tag":[319,321,516,1612,491,1613,444],"class_list":{"0":"post-6805","1":"product","2":"type-product","3":"status-publish","4":"has-post-thumbnail","6":"product_cat-bege","7":"product_cat-branco","8":"product_cat-castanho","9":"product_cat-cores","10":"product_cat-preto","11":"product_cat-texteis","12":"product_cat-xadres-escoces","13":"product_tag-bege","14":"product_tag-branco","15":"product_tag-castanho","16":"product_tag-escoces","17":"product_tag-preto","18":"product_tag-tartan","19":"product_tag-xadrez","21":"first","22":"instock","23":"taxable","24":"shipping-taxable","25":"purchasable","26":"product-type-simple"},"_links":{"self":[{"href":"https:\/\/dev.eunitecidos.pt\/fr\/wp-json\/wp\/v2\/product\/6805","targetHints":{"allow":["GET"]}}],"collection":[{"href":"https:\/\/dev.eunitecidos.pt\/fr\/wp-json\/wp\/v2\/product"}],"about":[{"href":"https:\/\/dev.eunitecidos.pt\/fr\/wp-json\/wp\/v2\/types\/product"}],"replies":[{"embeddable":true,"href":"https:\/\/dev.eunitecidos.pt\/fr\/wp-json\/wp\/v2\/comments?post=6805"}],"wp:featuredmedia":[{"embeddable":true,"href":"https:\/\/dev.eunitecidos.pt\/fr\/wp-json\/wp\/v2\/media\/6726"}],"wp:attachment":[{"href":"https:\/\/dev.eunitecidos.pt\/fr\/wp-json\/wp\/v2\/media?parent=6805"}],"wp:term":[{"taxonomy":"product_brand","embeddable":true,"href":"https:\/\/dev.eunitecidos.pt\/fr\/wp-json\/wp\/v2\/product_brand?post=6805"},{"taxonomy":"product_cat","embeddable":true,"href":"https:\/\/dev.eunitecidos.pt\/fr\/wp-json\/wp\/v2\/product_cat?post=6805"},{"taxonomy":"product_tag","embeddable":true,"href":"https:\/\/dev.eunitecidos.pt\/fr\/wp-json\/wp\/v2\/product_tag?post=6805"}],"curies":[{"name":"wp","href":"https:\/\/api.w.org\/{rel}","templated":true}]}}