
{"id":7238,"date":"2021-10-01T09:25:10","date_gmt":"2021-10-01T09:25:10","guid":{"rendered":"https:\/\/dev.eunitecidos.pt\/?post_type=product&#038;p=7238"},"modified":"2025-09-11T11:28:42","modified_gmt":"2025-09-11T11:28:42","slug":"tecido-minky-rosa-velho","status":"publish","type":"product","link":"https:\/\/dev.eunitecidos.pt\/fr\/loja\/cores\/tecido-minky-rosa-velho\/","title":{"rendered":"Tissu Minky | Vieux rose"},"content":{"rendered":"<p>Tissu Minky | Vieux rose<\/p>\n<p>Tissu tr\u00e8s doux, avec un toucher extr\u00eamement doux et velout\u00e9, semblable au velours et au corail.<\/p>\n<p>Il pr\u00e9sente quelques points en relief et ne perd pas ses poils.<\/p>\n<p>Id\u00e9al pour la fabrication d'articles pour b\u00e9b\u00e9s.<\/p>\n<p>Il doit \u00eatre lav\u00e9 \u00e0 une temp\u00e9rature maximale de 30 degr\u00e9s, \u00e0 la main ou en machine.<\/p>\n<p>100% Polyester<\/p>\n<p>1,50 Largeur<\/p>","protected":false},"excerpt":{"rendered":"<p>Tecido Minky | Rosa Velho Tecido muito suave, com um toque extremamente macio e aveludado, parecido com o veludo e a coralina. Apresenta umas bolinhas em relevo e n\u00e3o larga p\u00ealo. Ideal para a confe\u00e7\u00e3o de artigos de beb\u00e9. Deve ser lavado a uma temperatura m\u00e1xima de 30 graus, \u00e1 m\u00e3o ou \u00e1 m\u00e1quina. 100% [&hellip;]<\/p>","protected":false},"featured_media":7213,"comment_status":"closed","ping_status":"closed","template":"","meta":{"_seopress_robots_primary_cat":"122","_seopress_titles_title":"Tecido Minky Rosa Velho | Suave e Aveludado","_seopress_titles_desc":"Descubra o tecido Minky rosa velho, extremamente suave, aveludado e sem p\u00ealo. Ideal para artigos de beb\u00e9. Confe\u00e7\u00e3o f\u00e1cil e resistente \u00e0 lavagem. Encomende j\u00e1!","_seopress_robots_index":""},"product_brand":[],"product_cat":[122,143,323,69],"product_tag":[707,677,1655,331,1647],"class_list":{"0":"post-7238","1":"product","2":"type-product","3":"status-publish","4":"has-post-thumbnail","6":"product_cat-cores","7":"product_cat-minkys","8":"product_cat-rosa-velhol","9":"product_cat-texteis","10":"product_tag-100-poliester","11":"product_tag-liso","12":"product_tag-minky","13":"product_tag-rosa-velho","14":"product_tag-tecido-minky","16":"first","17":"instock","18":"taxable","19":"shipping-taxable","20":"purchasable","21":"product-type-simple"},"_links":{"self":[{"href":"https:\/\/dev.eunitecidos.pt\/fr\/wp-json\/wp\/v2\/product\/7238","targetHints":{"allow":["GET"]}}],"collection":[{"href":"https:\/\/dev.eunitecidos.pt\/fr\/wp-json\/wp\/v2\/product"}],"about":[{"href":"https:\/\/dev.eunitecidos.pt\/fr\/wp-json\/wp\/v2\/types\/product"}],"replies":[{"embeddable":true,"href":"https:\/\/dev.eunitecidos.pt\/fr\/wp-json\/wp\/v2\/comments?post=7238"}],"wp:featuredmedia":[{"embeddable":true,"href":"https:\/\/dev.eunitecidos.pt\/fr\/wp-json\/wp\/v2\/media\/7213"}],"wp:attachment":[{"href":"https:\/\/dev.eunitecidos.pt\/fr\/wp-json\/wp\/v2\/media?parent=7238"}],"wp:term":[{"taxonomy":"product_brand","embeddable":true,"href":"https:\/\/dev.eunitecidos.pt\/fr\/wp-json\/wp\/v2\/product_brand?post=7238"},{"taxonomy":"product_cat","embeddable":true,"href":"https:\/\/dev.eunitecidos.pt\/fr\/wp-json\/wp\/v2\/product_cat?post=7238"},{"taxonomy":"product_tag","embeddable":true,"href":"https:\/\/dev.eunitecidos.pt\/fr\/wp-json\/wp\/v2\/product_tag?post=7238"}],"curies":[{"name":"wp","href":"https:\/\/api.w.org\/{rel}","templated":true}]}}