
{"id":7573,"date":"2021-10-05T10:25:27","date_gmt":"2021-10-05T10:25:27","guid":{"rendered":"https:\/\/dev.eunitecidos.pt\/?post_type=product&#038;p=7573"},"modified":"2025-02-07T12:41:48","modified_gmt":"2025-02-07T12:41:48","slug":"malha-jersey-cardada-poppy-flores-verde","status":"publish","type":"product","link":"https:\/\/dev.eunitecidos.pt\/fr\/loja\/cores\/malha-jersey-cardada-poppy-flores-verde\/","title":{"rendered":"Tricot jersey | Card\u00e9 | Coquelicot | Fleurs | Vert"},"content":{"rendered":"<p>Tricot jersey | Card\u00e9 | Coquelicot | Fleurs | Vert<\/p>\n<p>Certificat GOTS<\/p>\n<p>Super doux et lisse au toucher.<\/p>\n<p>Carte avec fourrure, ce qui la rend chaude et id\u00e9ale pour l'habillement.<\/p>\n<p>Largement utilis\u00e9 pour les v\u00eatements de b\u00e9b\u00e9s et d'enfants.<\/p>\n<p>L\u00e9g\u00e8rement \u00e9lastique.<\/p>\n<p>1,50 Largeur<\/p>\n<p>Composition : 50% Coton-46% Polyester-4%Elastane<\/p>\n<p>225gr\/m2<\/p>","protected":false},"excerpt":{"rendered":"<p>Tricot Jersey | Card\u00e9 | Coquelicot | Fleurs | Vert Certifi\u00e9 GOTS Super doux et lisse au toucher. Card\u00e9 avec de la fourrure, ce qui le rend chaud et id\u00e9al pour les v\u00eatements. Souvent utilis\u00e9 pour les v\u00eatements de b\u00e9b\u00e9s et d'enfants. L\u00e9g\u00e8rement \u00e9lastique. 1.50 Largeur Composition : 50% Coton-46% Polyester-4%Elastane 225gr\/m2<\/p>","protected":false},"featured_media":7523,"comment_status":"closed","ping_status":"closed","template":"","meta":{"_seopress_robots_primary_cat":"122","_seopress_titles_title":"Malha Jersey Poppy Verde Certificado GOTS | Super Macia e Suave","_seopress_titles_desc":"Malha super macia e suave ao toque, ideal para vestu\u00e1rio de beb\u00e9s e crian\u00e7as. P\u00ealo que a torna quente. Composi\u00e7\u00e3o: 50% Algod\u00e3o-46% Poli\u00e9ster-4% Elastano.","_seopress_robots_index":""},"product_brand":[],"product_cat":[123,131,122,215,140,132,323,69,125],"product_tag":[321,1674,1656,721,1676,1679,86,554,1675,1680,1673,405,722,723,102],"class_list":{"0":"post-7573","1":"product","2":"type-product","3":"status-publish","4":"has-post-thumbnail","6":"product_cat-amarelo","7":"product_cat-branco","8":"product_cat-cores","9":"product_cat-estampados-jerseys","10":"product_cat-jerseys","11":"product_cat-rosa","12":"product_cat-rosa-velhol","13":"product_cat-texteis","14":"product_cat-verde","15":"product_tag-branco","16":"product_tag-cardada","17":"product_tag-certificado-gots","18":"product_tag-certificado-oeko-tex","19":"product_tag-colecao-outono-inverno","20":"product_tag-estampada","21":"product_tag-flores","22":"product_tag-flores-rosa","23":"product_tag-malha-cardada","24":"product_tag-malha-cardada-estampada","25":"product_tag-malha-jersey","26":"product_tag-mostarda","27":"product_tag-rosa-bebe","28":"product_tag-rosa-fuscia","29":"product_tag-verde","31":"first","32":"instock","33":"taxable","34":"shipping-taxable","35":"purchasable","36":"product-type-simple"},"_links":{"self":[{"href":"https:\/\/dev.eunitecidos.pt\/fr\/wp-json\/wp\/v2\/product\/7573","targetHints":{"allow":["GET"]}}],"collection":[{"href":"https:\/\/dev.eunitecidos.pt\/fr\/wp-json\/wp\/v2\/product"}],"about":[{"href":"https:\/\/dev.eunitecidos.pt\/fr\/wp-json\/wp\/v2\/types\/product"}],"replies":[{"embeddable":true,"href":"https:\/\/dev.eunitecidos.pt\/fr\/wp-json\/wp\/v2\/comments?post=7573"}],"wp:featuredmedia":[{"embeddable":true,"href":"https:\/\/dev.eunitecidos.pt\/fr\/wp-json\/wp\/v2\/media\/7523"}],"wp:attachment":[{"href":"https:\/\/dev.eunitecidos.pt\/fr\/wp-json\/wp\/v2\/media?parent=7573"}],"wp:term":[{"taxonomy":"product_brand","embeddable":true,"href":"https:\/\/dev.eunitecidos.pt\/fr\/wp-json\/wp\/v2\/product_brand?post=7573"},{"taxonomy":"product_cat","embeddable":true,"href":"https:\/\/dev.eunitecidos.pt\/fr\/wp-json\/wp\/v2\/product_cat?post=7573"},{"taxonomy":"product_tag","embeddable":true,"href":"https:\/\/dev.eunitecidos.pt\/fr\/wp-json\/wp\/v2\/product_tag?post=7573"}],"curies":[{"name":"wp","href":"https:\/\/api.w.org\/{rel}","templated":true}]}}