
{"id":7806,"date":"2021-10-06T20:21:38","date_gmt":"2021-10-06T20:21:38","guid":{"rendered":"https:\/\/dev.eunitecidos.pt\/?post_type=product&#038;p=7806"},"modified":"2025-11-21T10:45:15","modified_gmt":"2025-11-21T10:45:15","slug":"tecido-100-algodao-marmoreado-verde-agua-1","status":"publish","type":"product","link":"https:\/\/dev.eunitecidos.pt\/fr\/loja\/cores\/tecido-100-algodao-marmoreado-verde-agua-1\/","title":{"rendered":"Tecido 100% Algod\u00e3o | Marmoreado | Verde \u00c1gua (6009)"},"content":{"rendered":"<p>Tissu 100% Coton | Marbr\u00e9 | Vert d'eau 1<\/p>\n<p>100% Coton<\/p>\n<p>Coton biologique<\/p>\n<p>Certifi\u00e9 Oeko-Tex<\/p>\n<p>Certificat GOTS<\/p>\n<p>1,50 Largeur<\/p>","protected":false},"excerpt":{"rendered":"<p>Tissu 100% Coton | Marbr\u00e9 | Vert d'eau 1 100% Coton Coton biologique Certifi\u00e9 Oeko-Tex GOTS 1,50 Largeur<\/p>","protected":false},"featured_media":7767,"comment_status":"closed","ping_status":"closed","template":"","meta":{"_seopress_robots_primary_cat":"122","_seopress_titles_title":"Tecido 100% Algod\u00e3o Marmoreado Verde \u00e1gua | Certificado GOTS","_seopress_titles_desc":"Descubra o tecido 100% Algod\u00e3o Marmoreado em verde \u00e1gua, certificado Oeko-Tex e GOTS. Ideal para projetos sustent\u00e1veis. Confira agora!","_seopress_robots_index":""},"product_brand":[],"product_cat":[194,122,188,135,69,125],"product_tag":[315,443,1656,721,1687,1686,289,469],"class_list":{"0":"post-7806","1":"product","2":"type-product","3":"status-publish","4":"has-post-thumbnail","6":"product_cat-algodao-organico","7":"product_cat-cores","8":"product_cat-marmoreados","9":"product_cat-tecido-100-algodao","10":"product_cat-texteis","11":"product_cat-verde","12":"product_tag-100-algodao","13":"product_tag-algodao-organico","14":"product_tag-certificado-gots","15":"product_tag-certificado-oeko-tex","16":"product_tag-falsos-lisos","17":"product_tag-marmoreado","18":"product_tag-tecido","19":"product_tag-verde-agua","21":"first","22":"instock","23":"taxable","24":"shipping-taxable","25":"purchasable","26":"product-type-simple"},"_links":{"self":[{"href":"https:\/\/dev.eunitecidos.pt\/fr\/wp-json\/wp\/v2\/product\/7806","targetHints":{"allow":["GET"]}}],"collection":[{"href":"https:\/\/dev.eunitecidos.pt\/fr\/wp-json\/wp\/v2\/product"}],"about":[{"href":"https:\/\/dev.eunitecidos.pt\/fr\/wp-json\/wp\/v2\/types\/product"}],"replies":[{"embeddable":true,"href":"https:\/\/dev.eunitecidos.pt\/fr\/wp-json\/wp\/v2\/comments?post=7806"}],"wp:featuredmedia":[{"embeddable":true,"href":"https:\/\/dev.eunitecidos.pt\/fr\/wp-json\/wp\/v2\/media\/7767"}],"wp:attachment":[{"href":"https:\/\/dev.eunitecidos.pt\/fr\/wp-json\/wp\/v2\/media?parent=7806"}],"wp:term":[{"taxonomy":"product_brand","embeddable":true,"href":"https:\/\/dev.eunitecidos.pt\/fr\/wp-json\/wp\/v2\/product_brand?post=7806"},{"taxonomy":"product_cat","embeddable":true,"href":"https:\/\/dev.eunitecidos.pt\/fr\/wp-json\/wp\/v2\/product_cat?post=7806"},{"taxonomy":"product_tag","embeddable":true,"href":"https:\/\/dev.eunitecidos.pt\/fr\/wp-json\/wp\/v2\/product_tag?post=7806"}],"curies":[{"name":"wp","href":"https:\/\/api.w.org\/{rel}","templated":true}]}}