
{"id":7862,"date":"2021-10-07T20:17:43","date_gmt":"2021-10-07T20:17:43","guid":{"rendered":"https:\/\/dev.eunitecidos.pt\/?post_type=product&#038;p=7862"},"modified":"2026-01-29T15:59:05","modified_gmt":"2026-01-29T15:59:05","slug":"tecido-polar-liso-rosa-bebe","status":"publish","type":"product","link":"https:\/\/dev.eunitecidos.pt\/fr\/loja\/cores\/tecido-polar-liso-rosa-bebe\/","title":{"rendered":"Polar Fabric | Plain | Baby Pink"},"content":{"rendered":"<p>Polar Fabric | Plain | Baby Pink<\/p>\n<p>Tissu \u00e0 poils courts.<\/p>\n<p>Extr\u00eamement doux et lisse au toucher.<\/p>\n<p>C'est un mat\u00e9riau qui conserve la chaleur.<\/p>\n<p>Id\u00e9al pour confectionner des v\u00eatements, des couvertures et des accessoires pour b\u00e9b\u00e9s et enfants.<\/p>\n<p>100% Polyester<\/p>\n<p>1,50 Largeur<\/p>\n<p>260 gr\/m2<\/p>","protected":false},"excerpt":{"rendered":"<p>Polar Fabric | Plain | Baby Pink Tissu \u00e0 poils courts. Extr\u00eamement doux et lisse au toucher. C'est une mati\u00e8re qui conserve la chaleur. Id\u00e9al pour la confection de v\u00eatements pour b\u00e9b\u00e9s et enfants, de couvertures et d'accessoires. 100% Polyester 1.50 Largeur 260 gr\/m2<\/p>","protected":false},"featured_media":7693,"comment_status":"closed","ping_status":"closed","template":"","meta":{"_seopress_robots_primary_cat":"122","_seopress_titles_title":"Tecido Polar Rosa Beb\u00e9 | Ideal para Vestu\u00e1rio de Beb\u00e9 | 100% Poli\u00e9ster","_seopress_titles_desc":"Descubra o tecido polar rosa beb\u00e9, incrivelmente macio e ideal para confec\u00e7\u00e3o de roupas e acess\u00f3rios quentes para beb\u00e9s e crian\u00e7as. Compre agora!","_seopress_robots_index":""},"product_brand":[],"product_cat":[2016,122,187,144,132,199,69],"product_tag":[707,1692,1451,1671,677,1690,1691,722,1689],"class_list":{"0":"post-7862","1":"product","2":"type-product","3":"status-publish","4":"has-post-thumbnail","6":"product_cat-carnaval","7":"product_cat-cores","8":"product_cat-lisos","9":"product_cat-polares","10":"product_cat-rosa","11":"product_cat-tematicos","12":"product_cat-texteis","13":"product_tag-100-poliester","14":"product_tag-conforto","15":"product_tag-frio","16":"product_tag-inverno","17":"product_tag-liso","18":"product_tag-polar","19":"product_tag-polares","20":"product_tag-rosa-bebe","21":"product_tag-tecido-polar","23":"first","24":"instock","25":"taxable","26":"shipping-taxable","27":"purchasable","28":"product-type-simple"},"_links":{"self":[{"href":"https:\/\/dev.eunitecidos.pt\/fr\/wp-json\/wp\/v2\/product\/7862","targetHints":{"allow":["GET"]}}],"collection":[{"href":"https:\/\/dev.eunitecidos.pt\/fr\/wp-json\/wp\/v2\/product"}],"about":[{"href":"https:\/\/dev.eunitecidos.pt\/fr\/wp-json\/wp\/v2\/types\/product"}],"replies":[{"embeddable":true,"href":"https:\/\/dev.eunitecidos.pt\/fr\/wp-json\/wp\/v2\/comments?post=7862"}],"wp:featuredmedia":[{"embeddable":true,"href":"https:\/\/dev.eunitecidos.pt\/fr\/wp-json\/wp\/v2\/media\/7693"}],"wp:attachment":[{"href":"https:\/\/dev.eunitecidos.pt\/fr\/wp-json\/wp\/v2\/media?parent=7862"}],"wp:term":[{"taxonomy":"product_brand","embeddable":true,"href":"https:\/\/dev.eunitecidos.pt\/fr\/wp-json\/wp\/v2\/product_brand?post=7862"},{"taxonomy":"product_cat","embeddable":true,"href":"https:\/\/dev.eunitecidos.pt\/fr\/wp-json\/wp\/v2\/product_cat?post=7862"},{"taxonomy":"product_tag","embeddable":true,"href":"https:\/\/dev.eunitecidos.pt\/fr\/wp-json\/wp\/v2\/product_tag?post=7862"}],"curies":[{"name":"wp","href":"https:\/\/api.w.org\/{rel}","templated":true}]}}