
{"id":7912,"date":"2021-10-08T20:30:24","date_gmt":"2021-10-08T20:30:24","guid":{"rendered":"https:\/\/dev.eunitecidos.pt\/?post_type=product&#038;p=7912"},"modified":"2021-10-08T20:30:25","modified_gmt":"2021-10-08T20:30:25","slug":"tecido-confecao-vestuario-liso-azul-ganga","status":"publish","type":"product","link":"https:\/\/dev.eunitecidos.pt\/fr\/loja\/cores\/tecido-confecao-vestuario-liso-azul-ganga\/","title":{"rendered":"Tissu | V\u00eatements | Uni | Bleu denim"},"content":{"rendered":"<p>Tissu | V\u00eatements | Uni | Bleu denim<\/p>\n<p>Tissu id\u00e9al pour la confection de v\u00eatements.<\/p>\n<p>Tissu fluide avec un grand drap\u00e9, une l\u00e9g\u00e8re \u00e9lasticit\u00e9, une texture froiss\u00e9e avec un l\u00e9ger pli.<\/p>\n<p>Composition : 95% Polyester 5% Elasthanne<\/p>\n<p>1,50 Largeur<\/p>","protected":false},"excerpt":{"rendered":"<p>Tissu | V\u00eatement | Uni | Bleu Denim Tissu id\u00e9al pour la confection de v\u00eatements. Tissu fluide avec un excellent drap\u00e9, une l\u00e9g\u00e8re \u00e9lasticit\u00e9, une texture froiss\u00e9e avec un l\u00e9ger pli. Composition : 95% Polyester 5% Elasthanne 1.50 Largeur<\/p>","protected":false},"featured_media":7896,"comment_status":"closed","ping_status":"closed","template":"","meta":{"_seopress_robots_primary_cat":"122","_seopress_titles_title":"Tecido Confe\u00e7\u00e3o Azul Ganga | Vestu\u00e1rio Liso","_seopress_titles_desc":"Tecido ideal para confe\u00e7\u00e3o de vestu\u00e1rio. Fluido, com \u00f3tima ca\u00edda e textura enrugada. Composi\u00e7\u00e3o: 95% Poli\u00e9ster 5% Elastano. 1,50 Largura.","_seopress_robots_index":""},"product_brand":[],"product_cat":[124,122,1696,1695,69],"product_tag":[895,1697,1676,1694,677,1714,843,749,1693,746,378],"class_list":{"0":"post-7912","1":"product","2":"type-product","3":"status-publish","4":"has-post-thumbnail","6":"product_cat-azul","7":"product_cat-cores","8":"product_cat-lisos-tecidos-de-vestuario","9":"product_cat-tecidos-de-vestuario","10":"product_cat-texteis","11":"product_tag-azul-ganga","12":"product_tag-calcas","13":"product_tag-colecao-outono-inverno","14":"product_tag-enrugado","15":"product_tag-liso","16":"product_tag-moda-feminina","17":"product_tag-saias","18":"product_tag-senhora","19":"product_tag-tecido-confecao","20":"product_tag-vestidos","21":"product_tag-vestuario","23":"first","24":"instock","25":"taxable","26":"shipping-taxable","27":"purchasable","28":"product-type-simple"},"_links":{"self":[{"href":"https:\/\/dev.eunitecidos.pt\/fr\/wp-json\/wp\/v2\/product\/7912","targetHints":{"allow":["GET"]}}],"collection":[{"href":"https:\/\/dev.eunitecidos.pt\/fr\/wp-json\/wp\/v2\/product"}],"about":[{"href":"https:\/\/dev.eunitecidos.pt\/fr\/wp-json\/wp\/v2\/types\/product"}],"replies":[{"embeddable":true,"href":"https:\/\/dev.eunitecidos.pt\/fr\/wp-json\/wp\/v2\/comments?post=7912"}],"wp:featuredmedia":[{"embeddable":true,"href":"https:\/\/dev.eunitecidos.pt\/fr\/wp-json\/wp\/v2\/media\/7896"}],"wp:attachment":[{"href":"https:\/\/dev.eunitecidos.pt\/fr\/wp-json\/wp\/v2\/media?parent=7912"}],"wp:term":[{"taxonomy":"product_brand","embeddable":true,"href":"https:\/\/dev.eunitecidos.pt\/fr\/wp-json\/wp\/v2\/product_brand?post=7912"},{"taxonomy":"product_cat","embeddable":true,"href":"https:\/\/dev.eunitecidos.pt\/fr\/wp-json\/wp\/v2\/product_cat?post=7912"},{"taxonomy":"product_tag","embeddable":true,"href":"https:\/\/dev.eunitecidos.pt\/fr\/wp-json\/wp\/v2\/product_tag?post=7912"}],"curies":[{"name":"wp","href":"https:\/\/api.w.org\/{rel}","templated":true}]}}