
{"id":8255,"date":"2021-10-12T17:38:19","date_gmt":"2021-10-12T17:38:19","guid":{"rendered":"https:\/\/dev.eunitecidos.pt\/?post_type=product&#038;p=8255"},"modified":"2026-01-26T09:51:52","modified_gmt":"2026-01-26T09:51:52","slug":"veludo-liso-vermelho","status":"publish","type":"product","link":"https:\/\/dev.eunitecidos.pt\/fr\/loja\/cores\/veludo-liso-vermelho\/","title":{"rendered":"Velours | uni | rouge"},"content":{"rendered":"<p>Velours | uni | rouge<\/p>\n<p>Tissu \u00e0 poils courts, tr\u00e8s doux au toucher.<\/p>\n<p>Id\u00e9al pour les v\u00eatements, les travaux de d\u00e9coration ou la couture cr\u00e9ative.<\/p>\n<p>100% Polyester<\/p>\n<p>1,50 Largeur<\/p>","protected":false},"excerpt":{"rendered":"<p>Velours | Uni | Rouge Tissu \u00e0 poils courts, tr\u00e8s doux au toucher. Id\u00e9al pour les v\u00eatements, les travaux de d\u00e9coration ou la couture cr\u00e9ative. 100% Polyester 1.50 Wide<\/p>","protected":false},"featured_media":8266,"comment_status":"closed","ping_status":"closed","template":"","meta":{"_seopress_robots_primary_cat":"122","_seopress_titles_title":"Tecido veludo vermelho liso para costura criativa","_seopress_titles_desc":"Descubra o tecido de veludo vermelho liso, incrivelmente macio e vers\u00e1til para costura e decora\u00e7\u00e3o. Compre hoje na nossa loja online!","_seopress_robots_index":""},"product_brand":[],"product_cat":[122,1696,1695,69,2568,126],"product_tag":[707,1745,706,677,1719,1722,453,378],"class_list":{"0":"post-8255","1":"product","2":"type-product","3":"status-publish","4":"has-post-thumbnail","6":"product_cat-cores","7":"product_cat-lisos-tecidos-de-vestuario","8":"product_cat-tecidos-de-vestuario","9":"product_cat-texteis","10":"product_cat-veludos","11":"product_cat-vermelho","12":"product_tag-100-poliester","13":"product_tag-artesanato","14":"product_tag-decoracao","15":"product_tag-liso","16":"product_tag-toque-suave","17":"product_tag-veludo","18":"product_tag-vermelho","19":"product_tag-vestuario","21":"first","22":"instock","23":"taxable","24":"shipping-taxable","25":"purchasable","26":"product-type-simple"},"_links":{"self":[{"href":"https:\/\/dev.eunitecidos.pt\/fr\/wp-json\/wp\/v2\/product\/8255","targetHints":{"allow":["GET"]}}],"collection":[{"href":"https:\/\/dev.eunitecidos.pt\/fr\/wp-json\/wp\/v2\/product"}],"about":[{"href":"https:\/\/dev.eunitecidos.pt\/fr\/wp-json\/wp\/v2\/types\/product"}],"replies":[{"embeddable":true,"href":"https:\/\/dev.eunitecidos.pt\/fr\/wp-json\/wp\/v2\/comments?post=8255"}],"wp:featuredmedia":[{"embeddable":true,"href":"https:\/\/dev.eunitecidos.pt\/fr\/wp-json\/wp\/v2\/media\/8266"}],"wp:attachment":[{"href":"https:\/\/dev.eunitecidos.pt\/fr\/wp-json\/wp\/v2\/media?parent=8255"}],"wp:term":[{"taxonomy":"product_brand","embeddable":true,"href":"https:\/\/dev.eunitecidos.pt\/fr\/wp-json\/wp\/v2\/product_brand?post=8255"},{"taxonomy":"product_cat","embeddable":true,"href":"https:\/\/dev.eunitecidos.pt\/fr\/wp-json\/wp\/v2\/product_cat?post=8255"},{"taxonomy":"product_tag","embeddable":true,"href":"https:\/\/dev.eunitecidos.pt\/fr\/wp-json\/wp\/v2\/product_tag?post=8255"}],"curies":[{"name":"wp","href":"https:\/\/api.w.org\/{rel}","templated":true}]}}