
{"id":8621,"date":"2021-10-20T20:24:32","date_gmt":"2021-10-20T20:24:32","guid":{"rendered":"https:\/\/dev.eunitecidos.pt\/?post_type=product&#038;p=8621"},"modified":"2026-02-02T13:48:27","modified_gmt":"2026-02-02T13:48:27","slug":"napa-liso-dolaro-7-laranja","status":"publish","type":"product","link":"https:\/\/dev.eunitecidos.pt\/fr\/loja\/cores\/napa-liso-dolaro-7-laranja\/","title":{"rendered":"Napa | Plain | Dolaro 7 | Orange"},"content":{"rendered":"<p>Napa | Plain | Dolaro 7 | Orange<\/p>\n<p>Donn\u00e9es techniques :<\/p>\n<p>\u00c9paisseur : 0,8 mm<\/p>\n<p>Largeur : 137 cm<\/p>\n<p>Couche sup\u00e9rieure : 100% PVC<\/p>\n<p>Couche inf\u00e9rieure : 100% Polyester<\/p>\n<p>Poids : 500+8% gr\/m2<\/p>\n<p>Surface antibact\u00e9rienne (certifi\u00e9e ISO22196-2011)<\/p>\n<p>Homologu\u00e9 comme retardateur de flamme<\/p>","protected":false},"excerpt":{"rendered":"<p>Napa | Lisse | Dolaro 7 | Orange Caract\u00e9ristiques techniques : Epaisseur : 0,8 mm Largeur : 137 cm Couche sup\u00e9rieure : 100% PVC Couche inf\u00e9rieure : 100% Polyester Poids : 500+8% gr\/m2 Surface antibact\u00e9rienne (certifi\u00e9e ISO22196-2011) Approuv\u00e9 pour l'ignifugation<\/p>","protected":false},"featured_media":8614,"comment_status":"closed","ping_status":"closed","template":"","meta":{"_seopress_robots_primary_cat":"122","_seopress_titles_title":"Napa Laranja Ficha T\u00e9cnica: Espessura 0.8mm | Largura 137cm | Superf\u00edcie antibacteriana","_seopress_titles_desc":"Espessura: 0.8 mm. Largura: 137 cm. Camadas: PVC (100%) e Poli\u00e9ster (100%). Peso: 500+8% gr\/m2. Superficie antibacteriana (provado ISO22196-2011). Retardamento de chamas aprovado.","_seopress_robots_index":""},"product_brand":[],"product_cat":[122,129,1756,1755,69],"product_tag":[1745,769,770,706,1752,424,677,1751,1753],"class_list":{"0":"post-8621","1":"product","2":"type-product","3":"status-publish","4":"has-post-thumbnail","6":"product_cat-cores","7":"product_cat-laranja","8":"product_cat-lisas-napas","9":"product_cat-napas","10":"product_cat-texteis","11":"product_tag-artesanato","12":"product_tag-costura","13":"product_tag-costura-criativa","14":"product_tag-decoracao","15":"product_tag-dolaro","16":"product_tag-laranja","17":"product_tag-liso","18":"product_tag-napa","19":"product_tag-pvc","21":"first","22":"instock","23":"taxable","24":"shipping-taxable","25":"purchasable","26":"product-type-simple"},"_links":{"self":[{"href":"https:\/\/dev.eunitecidos.pt\/fr\/wp-json\/wp\/v2\/product\/8621","targetHints":{"allow":["GET"]}}],"collection":[{"href":"https:\/\/dev.eunitecidos.pt\/fr\/wp-json\/wp\/v2\/product"}],"about":[{"href":"https:\/\/dev.eunitecidos.pt\/fr\/wp-json\/wp\/v2\/types\/product"}],"replies":[{"embeddable":true,"href":"https:\/\/dev.eunitecidos.pt\/fr\/wp-json\/wp\/v2\/comments?post=8621"}],"wp:featuredmedia":[{"embeddable":true,"href":"https:\/\/dev.eunitecidos.pt\/fr\/wp-json\/wp\/v2\/media\/8614"}],"wp:attachment":[{"href":"https:\/\/dev.eunitecidos.pt\/fr\/wp-json\/wp\/v2\/media?parent=8621"}],"wp:term":[{"taxonomy":"product_brand","embeddable":true,"href":"https:\/\/dev.eunitecidos.pt\/fr\/wp-json\/wp\/v2\/product_brand?post=8621"},{"taxonomy":"product_cat","embeddable":true,"href":"https:\/\/dev.eunitecidos.pt\/fr\/wp-json\/wp\/v2\/product_cat?post=8621"},{"taxonomy":"product_tag","embeddable":true,"href":"https:\/\/dev.eunitecidos.pt\/fr\/wp-json\/wp\/v2\/product_tag?post=8621"}],"curies":[{"name":"wp","href":"https:\/\/api.w.org\/{rel}","templated":true}]}}