
{"id":8644,"date":"2021-10-20T18:11:38","date_gmt":"2021-10-20T18:11:38","guid":{"rendered":"https:\/\/dev.eunitecidos.pt\/?post_type=product&#038;p=8644"},"modified":"2026-01-22T19:24:44","modified_gmt":"2026-01-22T19:24:44","slug":"napa-liso-dolaro-15-roxo","status":"publish","type":"product","link":"https:\/\/dev.eunitecidos.pt\/fr\/loja\/cores\/napa-liso-dolaro-15-roxo\/","title":{"rendered":"Napa | Plain | Dolaro 15 | Violet"},"content":{"rendered":"<p>&nbsp;<\/p>\n<p>Napa | Plain | Dolaro 15 | Violet<\/p>\n<p>Donn\u00e9es techniques :<\/p>\n<p>\u00c9paisseur : 0,8 mm<\/p>\n<p>Largeur : 137 cm<\/p>\n<p>Couche sup\u00e9rieure : 100% PVC<\/p>\n<p>Couche inf\u00e9rieure : 100% Polyester<\/p>\n<p>Poids : 500+8% gr\/m2<\/p>\n<p>Surface antibact\u00e9rienne (certifi\u00e9e ISO22196-2011)<\/p>\n<p>Homologu\u00e9 comme retardateur de flamme<\/p>","protected":false},"excerpt":{"rendered":"<p>&nbsp; Napa | Smooth | Dolaro 15 | Purple Caract\u00e9ristiques techniques : Epaisseur : 0,8 mm Largeur : 137 cm Couche sup\u00e9rieure : 100% PVC Couche inf\u00e9rieure : 100% Polyester Poids : 500+8% gr\/m2 Surface antibact\u00e9rienne (certifi\u00e9e ISO22196-2011) Approuv\u00e9 pour l'ignifugation<\/p>","protected":false},"featured_media":8600,"comment_status":"closed","ping_status":"closed","template":"","meta":{"_seopress_robots_primary_cat":"122","_seopress_titles_title":"Napa Roxo Liso Dolaro 15 | Ficha T\u00e9cnica Espessura 0.8mm","_seopress_titles_desc":"Descubra o Tecido Napa Liso Roxo Dolaro 15 com espessura de 0.8 mm e superf\u00edcie antibacteriana. Peso de 500+8% gr\/m2 e chamas retardadas. Compre agora!","_seopress_robots_index":""},"product_brand":[],"product_cat":[122,1756,1755,133,69],"product_tag":[1787,770,706,1752,677,1751,1753,427],"class_list":{"0":"post-8644","1":"product","2":"type-product","3":"status-publish","4":"has-post-thumbnail","6":"product_cat-cores","7":"product_cat-lisas-napas","8":"product_cat-napas","9":"product_cat-roxo","10":"product_cat-texteis","11":"product_tag-artesanto","12":"product_tag-costura-criativa","13":"product_tag-decoracao","14":"product_tag-dolaro","15":"product_tag-liso","16":"product_tag-napa","17":"product_tag-pvc","18":"product_tag-roxo","20":"first","21":"instock","22":"taxable","23":"shipping-taxable","24":"purchasable","25":"product-type-simple"},"_links":{"self":[{"href":"https:\/\/dev.eunitecidos.pt\/fr\/wp-json\/wp\/v2\/product\/8644","targetHints":{"allow":["GET"]}}],"collection":[{"href":"https:\/\/dev.eunitecidos.pt\/fr\/wp-json\/wp\/v2\/product"}],"about":[{"href":"https:\/\/dev.eunitecidos.pt\/fr\/wp-json\/wp\/v2\/types\/product"}],"replies":[{"embeddable":true,"href":"https:\/\/dev.eunitecidos.pt\/fr\/wp-json\/wp\/v2\/comments?post=8644"}],"wp:featuredmedia":[{"embeddable":true,"href":"https:\/\/dev.eunitecidos.pt\/fr\/wp-json\/wp\/v2\/media\/8600"}],"wp:attachment":[{"href":"https:\/\/dev.eunitecidos.pt\/fr\/wp-json\/wp\/v2\/media?parent=8644"}],"wp:term":[{"taxonomy":"product_brand","embeddable":true,"href":"https:\/\/dev.eunitecidos.pt\/fr\/wp-json\/wp\/v2\/product_brand?post=8644"},{"taxonomy":"product_cat","embeddable":true,"href":"https:\/\/dev.eunitecidos.pt\/fr\/wp-json\/wp\/v2\/product_cat?post=8644"},{"taxonomy":"product_tag","embeddable":true,"href":"https:\/\/dev.eunitecidos.pt\/fr\/wp-json\/wp\/v2\/product_tag?post=8644"}],"curies":[{"name":"wp","href":"https:\/\/api.w.org\/{rel}","templated":true}]}}