
{"id":9509,"date":"2021-11-12T16:26:05","date_gmt":"2021-11-12T16:26:05","guid":{"rendered":"https:\/\/dev.eunitecidos.pt\/?post_type=product&#038;p=9509"},"modified":"2025-07-30T10:03:06","modified_gmt":"2025-07-30T10:03:06","slug":"musselinas-algodao-organico-branco","status":"publish","type":"product","link":"https:\/\/dev.eunitecidos.pt\/fr\/loja\/cores\/musselinas-algodao-organico-branco\/","title":{"rendered":"Musselinas | Algod\u00e3o Org\u00e2nico | Branco (0000)"},"content":{"rendered":"<p>Muslin | Coton bio | Blanc<\/p>\n<p>Coton biologique<\/p>\n<p>1.40 Largeur<\/p>\n<p>Certifi\u00e9 Oeko-tex<\/p>\n<p>Mousseline de coton double, convenant \u00e0 diverses utilisations telles que v\u00eatements, couches, couvertures d'\u00e9t\u00e9, doudous...<\/p>","protected":false},"excerpt":{"rendered":"<p>Mousseline | Coton bio | Blanc Coton bio 1.40 Largeur Mousseline de coton double certifi\u00e9e Oeko-tex, convient \u00e0 divers usages tels que v\u00eatements, couches, couvertures d'\u00e9t\u00e9, doudous...<\/p>","protected":false},"featured_media":9469,"comment_status":"closed","ping_status":"closed","template":"","meta":{"_seopress_robots_primary_cat":"122","_seopress_titles_title":"Musselina Dupla de Algod\u00e3o Org\u00e2nico | Tecido Branco 1.40 Largura","_seopress_titles_desc":"Descubra a Musselina Dupla de Algod\u00e3o Org\u00e2nico Branco, certificada Oeko-tex. Ideal para vestu\u00e1rio, fraldas, mantas de ver\u00e3o e doudous!","_seopress_robots_index":""},"product_brand":[],"product_cat":[131,122,217,141,69],"product_tag":[315,443,321,327,734,1638,733,378,348],"class_list":{"0":"post-9509","1":"product","2":"type-product","3":"status-publish","4":"has-post-thumbnail","6":"product_cat-branco","7":"product_cat-cores","8":"product_cat-lisas","9":"product_cat-musselines","10":"product_cat-texteis","11":"product_tag-100-algodao","12":"product_tag-algodao-organico","13":"product_tag-branco","14":"product_tag-enxoval-bebe","15":"product_tag-fraldas","16":"product_tag-lisa","17":"product_tag-musselinas","18":"product_tag-vestuario","19":"product_tag-vestuario-infantil","21":"first","22":"instock","23":"taxable","24":"shipping-taxable","25":"purchasable","26":"product-type-simple"},"_links":{"self":[{"href":"https:\/\/dev.eunitecidos.pt\/fr\/wp-json\/wp\/v2\/product\/9509","targetHints":{"allow":["GET"]}}],"collection":[{"href":"https:\/\/dev.eunitecidos.pt\/fr\/wp-json\/wp\/v2\/product"}],"about":[{"href":"https:\/\/dev.eunitecidos.pt\/fr\/wp-json\/wp\/v2\/types\/product"}],"replies":[{"embeddable":true,"href":"https:\/\/dev.eunitecidos.pt\/fr\/wp-json\/wp\/v2\/comments?post=9509"}],"wp:featuredmedia":[{"embeddable":true,"href":"https:\/\/dev.eunitecidos.pt\/fr\/wp-json\/wp\/v2\/media\/9469"}],"wp:attachment":[{"href":"https:\/\/dev.eunitecidos.pt\/fr\/wp-json\/wp\/v2\/media?parent=9509"}],"wp:term":[{"taxonomy":"product_brand","embeddable":true,"href":"https:\/\/dev.eunitecidos.pt\/fr\/wp-json\/wp\/v2\/product_brand?post=9509"},{"taxonomy":"product_cat","embeddable":true,"href":"https:\/\/dev.eunitecidos.pt\/fr\/wp-json\/wp\/v2\/product_cat?post=9509"},{"taxonomy":"product_tag","embeddable":true,"href":"https:\/\/dev.eunitecidos.pt\/fr\/wp-json\/wp\/v2\/product_tag?post=9509"}],"curies":[{"name":"wp","href":"https:\/\/api.w.org\/{rel}","templated":true}]}}