
{"id":9727,"date":"2021-11-17T17:07:25","date_gmt":"2021-11-17T17:07:25","guid":{"rendered":"https:\/\/dev.eunitecidos.pt\/?post_type=product&#038;p=9727"},"modified":"2025-01-22T13:50:56","modified_gmt":"2025-01-22T13:50:56","slug":"melton-liso-bege-mesclado","status":"publish","type":"product","link":"https:\/\/dev.eunitecidos.pt\/fr\/loja\/texteis\/melton-liso-bege-mesclado\/","title":{"rendered":"Melton | Plain | Mixte Beige"},"content":{"rendered":"<p>Melton | Plain | Mixte Beige<\/p>\n<p><span style=\"font-size: 14.4px\">Tissu chaud et lourd, id\u00e9al pour les capes, les manteaux, les couvertures, etc...<\/span><\/p>\n<p>Composition : 80% Polyester 18% Viscose 2% Elasthanne<\/p>\n<p>1.50 Largeur 370 gr\/m2<\/p>","protected":false},"excerpt":{"rendered":"<p>Melton | Liso | Bege Mesclado Tecido quente e pesado, ideal para capas, casacos, mantas, etc&#8230; Composi\u00e7\u00e3o: 80% Poli\u00e9ster 18% Viscose 2% Elastano 1,50 Largura 370 gr\/m2<\/p>","protected":false},"featured_media":9717,"comment_status":"closed","ping_status":"closed","template":"","meta":{"_seopress_robots_primary_cat":"69","_seopress_titles_title":"Tecido Melton Bege Mesclado para Casacos e Mantas","_seopress_titles_desc":"Descubra o tecido quente e pesado perfeito para capas, casacos e mantas. Composi\u00e7\u00e3o de 80% Poli\u00e9ster, 18% Viscose e 2% Elastano. Encomende j\u00e1!","_seopress_robots_index":""},"product_brand":[],"product_cat":[1696,1855,1695,69],"product_tag":[1856,1677,1702,1676,677,1854,1693,378],"class_list":{"0":"post-9727","1":"product","2":"type-product","3":"status-publish","4":"has-post-thumbnail","6":"product_cat-lisos-tecidos-de-vestuario","7":"product_cat-tecidos-de-vestuario-lisos-tecidos-de-vestuario","8":"product_cat-tecidos-de-vestuario","9":"product_cat-texteis","10":"product_tag-bege-mesclado","11":"product_tag-capas","12":"product_tag-casaco","13":"product_tag-colecao-outono-inverno","14":"product_tag-liso","15":"product_tag-melton","16":"product_tag-tecido-confecao","17":"product_tag-vestuario","19":"first","20":"instock","21":"taxable","22":"shipping-taxable","23":"purchasable","24":"product-type-simple"},"_links":{"self":[{"href":"https:\/\/dev.eunitecidos.pt\/fr\/wp-json\/wp\/v2\/product\/9727","targetHints":{"allow":["GET"]}}],"collection":[{"href":"https:\/\/dev.eunitecidos.pt\/fr\/wp-json\/wp\/v2\/product"}],"about":[{"href":"https:\/\/dev.eunitecidos.pt\/fr\/wp-json\/wp\/v2\/types\/product"}],"replies":[{"embeddable":true,"href":"https:\/\/dev.eunitecidos.pt\/fr\/wp-json\/wp\/v2\/comments?post=9727"}],"wp:featuredmedia":[{"embeddable":true,"href":"https:\/\/dev.eunitecidos.pt\/fr\/wp-json\/wp\/v2\/media\/9717"}],"wp:attachment":[{"href":"https:\/\/dev.eunitecidos.pt\/fr\/wp-json\/wp\/v2\/media?parent=9727"}],"wp:term":[{"taxonomy":"product_brand","embeddable":true,"href":"https:\/\/dev.eunitecidos.pt\/fr\/wp-json\/wp\/v2\/product_brand?post=9727"},{"taxonomy":"product_cat","embeddable":true,"href":"https:\/\/dev.eunitecidos.pt\/fr\/wp-json\/wp\/v2\/product_cat?post=9727"},{"taxonomy":"product_tag","embeddable":true,"href":"https:\/\/dev.eunitecidos.pt\/fr\/wp-json\/wp\/v2\/product_tag?post=9727"}],"curies":[{"name":"wp","href":"https:\/\/api.w.org\/{rel}","templated":true}]}}