
{"id":9799,"date":"2021-11-24T17:28:22","date_gmt":"2021-11-24T17:28:22","guid":{"rendered":"https:\/\/dev.eunitecidos.pt\/?post_type=product&#038;p=9799"},"modified":"2023-02-08T20:27:44","modified_gmt":"2023-02-08T20:27:44","slug":"rib-poppy-risca-lurex-dourado-verde-agua","status":"publish","type":"product","link":"https:\/\/dev.eunitecidos.pt\/fr\/loja\/retrosaria\/ribs-poppy\/rib-poppy-risca-lurex-dourado-verde-agua\/","title":{"rendered":"Rib | Poppy | Lurex Stripe | Gold | Water Green"},"content":{"rendered":"<p>Rib | Poppy | Lurex Stripe | Gold | Water Green<\/p>\n<p>100% Coton<\/p>\n<p>C\u00f4tes de coton biologique, id\u00e9ales pour les poignets et la taille des chemisiers, pantalons et jupes.<\/p>\n<p>Certifi\u00e9 OEKO-TEX et GOTS<\/p>\n<p>Chaque paquet contient 1,35 m\u00e8tre de c\u00f4tes d'une largeur de 7 cm.<\/p>","protected":false},"excerpt":{"rendered":"<p>Rib | Poppy | Lurex Stripe | Gold | Water Green 100% Coton Rib en coton biologique, id\u00e9al pour les poignets et les ceintures de chemisiers, de pantalons et de jupes. Certifi\u00e9 OEKO-TEX et GOTS. Chaque paquet contient 1,35 m\u00e8tre de c\u00f4tes de 7 cm de large.<\/p>","protected":false},"featured_media":9771,"comment_status":"closed","ping_status":"closed","template":"","meta":{"_seopress_robots_primary_cat":"0","_seopress_titles_title":"Rib de Algod\u00e3o Org\u00e2nico | Certificado OEKO-TEX e GOTS","_seopress_titles_desc":"Descubra o Rib de Algod\u00e3o Org\u00e2nico em Dourado e Verde \u00c1gua, ideal para punhos e c\u00f3s de blusas e cal\u00e7as. Certificado OEKO-TEX e GOTS. Compre j\u00e1!","_seopress_robots_index":""},"product_brand":[],"product_cat":[1870],"product_tag":[315,443,1660,420,1858,90,469],"class_list":{"0":"post-9799","1":"product","2":"type-product","3":"status-publish","4":"has-post-thumbnail","6":"product_cat-ribs-poppy","7":"product_tag-100-algodao","8":"product_tag-algodao-organico","9":"product_tag-lurex-dourado","10":"product_tag-poppy","11":"product_tag-rib","12":"product_tag-riscas","13":"product_tag-verde-agua","15":"first","16":"instock","17":"taxable","18":"shipping-taxable","19":"purchasable","20":"product-type-simple"},"_links":{"self":[{"href":"https:\/\/dev.eunitecidos.pt\/fr\/wp-json\/wp\/v2\/product\/9799","targetHints":{"allow":["GET"]}}],"collection":[{"href":"https:\/\/dev.eunitecidos.pt\/fr\/wp-json\/wp\/v2\/product"}],"about":[{"href":"https:\/\/dev.eunitecidos.pt\/fr\/wp-json\/wp\/v2\/types\/product"}],"replies":[{"embeddable":true,"href":"https:\/\/dev.eunitecidos.pt\/fr\/wp-json\/wp\/v2\/comments?post=9799"}],"wp:featuredmedia":[{"embeddable":true,"href":"https:\/\/dev.eunitecidos.pt\/fr\/wp-json\/wp\/v2\/media\/9771"}],"wp:attachment":[{"href":"https:\/\/dev.eunitecidos.pt\/fr\/wp-json\/wp\/v2\/media?parent=9799"}],"wp:term":[{"taxonomy":"product_brand","embeddable":true,"href":"https:\/\/dev.eunitecidos.pt\/fr\/wp-json\/wp\/v2\/product_brand?post=9799"},{"taxonomy":"product_cat","embeddable":true,"href":"https:\/\/dev.eunitecidos.pt\/fr\/wp-json\/wp\/v2\/product_cat?post=9799"},{"taxonomy":"product_tag","embeddable":true,"href":"https:\/\/dev.eunitecidos.pt\/fr\/wp-json\/wp\/v2\/product_tag?post=9799"}],"curies":[{"name":"wp","href":"https:\/\/api.w.org\/{rel}","templated":true}]}}